{"id":10216,"date":"2024-12-09T17:52:39","date_gmt":"2024-12-09T17:52:39","guid":{"rendered":"https:\/\/nicotinedeals.com\/?post_type=product&#038;p=10216"},"modified":"2026-04-02T05:11:14","modified_gmt":"2026-04-02T05:11:14","slug":"velo-tropical-mango-14-mg","status":"publish","type":"product","link":"https:\/\/nicotinedeals.com\/de\/product\/velo-tropical-mango-14-mg\/","title":{"rendered":"VELO Tropical Mango 14 mg"},"content":{"rendered":"<h1>VELO Tropical Mango 14 mg<\/h1>\n<p>refreshing taste of mandarin, passion fruit and mango in a slim format. Each pouch contains 14 mg of nicotine, which is classified as &#8220;Extra Strong&#8221; strength (5 dots out of 6). There are 20 slim tobacco-free pouches per can. VELO Tropical Mango is made in Sweden. <strong>Previously known as VELO Breezy Mango<\/strong><\/p>\n<h2><strong>Information about VELO Tropical Mango 14 mg 14 mg\/pouch:<\/strong><\/h2>\n<ul>\n<li><strong>Marke:<\/strong>\u00a0VELO<\/li>\n<li class=\" translation-block\"><strong>Kategorie:<\/strong>\u00a0All-White Nikotinbeutel<\/li>\n<li><strong>Geschmacksnoten:<\/strong> Mango, passion fruit, mandarin<\/li>\n<li><strong>Nikotingehalt:<\/strong> 20 mg\/g<\/li>\n<li><strong>Nikotin-St\u00e4rke:<\/strong> \u25c9\u25c9\u25c9\u25c9\u25c9\u25ce Extra Strong<\/li>\n<li><strong>Hersteller:<\/strong> BAT (British American Tobacco)<\/li>\n<li><strong>Beutelformat:<\/strong> Slim<\/li>\n<li><strong>Nikotin mg\/Beutel: <\/strong>14 mg<\/li>\n<li><strong>Tabakfrei:<\/strong> Yes, VELO Tropical Mango nicotine pouches are tobacco-free<\/li>\n<li class=\" translation-block\"><strong>Anzahl der Beutel pro Dose:<\/strong> 20 Beutel<\/li>\n<li class=\" translation-block\"><strong>Inhaltsstoffe:<\/strong> Wasser, F\u00fcllstoff (E460), Geschmacksverst\u00e4rker (Speisesalz), S\u00e4ureregulator (E524), Xylit (E967), Nikotin, Nikotin-Polacrilex, Aromen, Ammoniumchlorid, S\u00e4ureregulator (E500), S\u00fc\u00dfstoff (E950)<\/li>\n<li><strong>Gewicht pro Portion (Gramm):\u00a0<\/strong>0.70 g<\/li>\n<li><strong>Nettogewicht\/Dose:<\/strong> 14 g<\/li>\n<li><strong>Ver\u00f6ffentlichungsdatum:<\/strong> December 2023<\/li>\n<li><strong>Hersteller:<\/strong> Schweden<\/li>\n<li><strong>Previously known as:<\/strong> VELO Breezy Mango<\/li>\n<li><strong>Normal strength version: <span style=\"text-decoration: underline;\"><a href=\"https:\/\/nicotinedeals.com\/de\/product\/velo-tropical-mango-6-mg\/\">VELO Tropical Mango<\/a><\/span><\/strong>\u00a0 \u25c9\u25c9\u25ce\u25ce\u25ce\u25ce 6 mg of nicotine per pouch<\/li>\n<li><strong>Mehr anzeigen<\/strong>\u00a0<strong><a href=\"https:\/\/nicotinedeals.com\/de\/marke\/velo\/\">VELO Nicotine Pouches<\/a><\/strong><\/li>\n<\/ul>\n<div><img fetchpriority=\"high\" decoding=\"async\" class=\"alignnone size-full wp-image-10218\" src=\"https:\/\/nicotinedeals.com\/wp-content\/uploads\/2024\/12\/velo-breezy-mango-14-mg-can.png\" alt=\"VELO Breezy Mango 14 mg Extra Strong can\" width=\"250\" height=\"250\" srcset=\"https:\/\/nicotinedeals.com\/wp-content\/uploads\/2024\/12\/velo-breezy-mango-14-mg-can.png 250w, https:\/\/nicotinedeals.com\/wp-content\/uploads\/2024\/12\/velo-breezy-mango-14-mg-can-150x150.png 150w, https:\/\/nicotinedeals.com\/wp-content\/uploads\/2024\/12\/velo-breezy-mango-14-mg-can-12x12.png 12w, https:\/\/nicotinedeals.com\/wp-content\/uploads\/2024\/12\/velo-breezy-mango-14-mg-can-200x200.png 200w, https:\/\/nicotinedeals.com\/wp-content\/uploads\/2024\/12\/velo-breezy-mango-14-mg-can-50x50.png 50w\" sizes=\"(max-width: 250px) 100vw, 250px\" \/><\/div>\n<div><\/div>\n<div>\n<div><strong>VELO Tropical Mango Best Price<\/strong><\/div>\n<\/div>\n<div><\/div>\n<div>\n<div><strong>WARNING: This product contains nicotine. Nicotine is an addictive chemical. + 18 \/ +21 in the US<\/strong><\/div>\n<\/div>","protected":false},"excerpt":{"rendered":"<p><strong>VELO Tropical Mango 14 mg<\/strong> of nicotine per pouch | Mango, passion fruit and mandarin flavor | 20 slim pouches per can | The strength is classified as &#8220;Extra Strong&#8221; \u25c9\u25c9\u25c9\u25c9\u25c9\u25ce. This product is 100% tobacco-free.<\/p>\n<p><a class=\"button\" href=\"https:\/\/nicotinedeals.com\/de\/velo-breezy-mango-14mg\/\">Bester Preis | Weltweit<\/a><\/p>","protected":false},"featured_media":11873,"comment_status":"open","ping_status":"closed","template":"","meta":[],"pwb-brand":[36],"product_cat":[19],"product_tag":[192,85,81,73,71,74,54,487,591],"brands":[{"id":36,"name":"VELO","slug":"velo"}],"_links":{"self":[{"href":"https:\/\/nicotinedeals.com\/de\/wp-json\/wp\/v2\/product\/10216"}],"collection":[{"href":"https:\/\/nicotinedeals.com\/de\/wp-json\/wp\/v2\/product"}],"about":[{"href":"https:\/\/nicotinedeals.com\/de\/wp-json\/wp\/v2\/types\/product"}],"replies":[{"embeddable":true,"href":"https:\/\/nicotinedeals.com\/de\/wp-json\/wp\/v2\/comments?post=10216"}],"wp:featuredmedia":[{"embeddable":true,"href":"https:\/\/nicotinedeals.com\/de\/wp-json\/wp\/v2\/media\/11873"}],"wp:attachment":[{"href":"https:\/\/nicotinedeals.com\/de\/wp-json\/wp\/v2\/media?parent=10216"}],"wp:term":[{"taxonomy":"pwb-brand","embeddable":true,"href":"https:\/\/nicotinedeals.com\/de\/wp-json\/wp\/v2\/pwb-brand?post=10216"},{"taxonomy":"product_cat","embeddable":true,"href":"https:\/\/nicotinedeals.com\/de\/wp-json\/wp\/v2\/product_cat?post=10216"},{"taxonomy":"product_tag","embeddable":true,"href":"https:\/\/nicotinedeals.com\/de\/wp-json\/wp\/v2\/product_tag?post=10216"}],"curies":[{"name":"wp","href":"https:\/\/api.w.org\/{rel}","templated":true}]}}