{"id":5659,"date":"2024-09-18T07:54:55","date_gmt":"2024-09-18T07:54:55","guid":{"rendered":"https:\/\/nicotinedeals.com\/?post_type=product&#038;p=5659"},"modified":"2026-03-01T18:21:31","modified_gmt":"2026-03-01T18:21:31","slug":"apres-cola-no-4","status":"publish","type":"product","link":"https:\/\/nicotinedeals.com\/de\/product\/apres-cola-no-4\/","title":{"rendered":"Apr\u00e8s Cola No 4"},"content":{"rendered":"<h1>Apr\u00e8s Cola No 4<\/h1>\n<p>is an all-white nicotine pouch with a cola flavor. The nicotine strength is normal, with 4.4 mg per pouch. The portions come in a slim format, and each can contains 20 pouches. Apr\u00e8s Cola is a tobacco-free product.<\/p>\n<h2><strong>Information about Apr\u00e8s Cola No 4<\/strong><\/h2>\n<ul>\n<li><strong>Marke:<\/strong>\u00a0Apr\u00e8s<\/li>\n<li class=\" translation-block\"><strong>Kategorie:<\/strong>\u00a0All-White Nikotinbeutel<\/li>\n<li class=\" translation-block\"><strong>Geschmack:<\/strong> Cola<\/li>\n<li class=\" translation-block\"><strong>Nikotingehalt:<\/strong> 8 mg\/g<\/li>\n<li class=\" translation-block\"><strong>Nikotinst\u00e4rke:<\/strong> \u25c9\u25c9\u25ce\u25ce Normal (St\u00e4rke 2 von 4)<\/li>\n<li><strong>Hersteller:<\/strong>\u00a0Apr\u00e8s Nicotine AB<\/li>\n<li><strong>Hersteller:<\/strong>\u00a0Schweden<\/li>\n<li class=\" translation-block\"><strong>Beutelformat:<\/strong>\u00a0Slim<\/li>\n<li><strong>Nikotin mg\/Beutel:<\/strong>\u00a0 4.4 mg<\/li>\n<li><strong>Tabakfrei:<\/strong> Yes, Apr\u00e8s Cola nicotine pouches are tobacco-free<\/li>\n<li class=\" translation-block\"><strong>Anzahl der Beutel pro Dose:<\/strong> 20 Beutel<\/li>\n<li class=\" translation-block\"><strong>Zutaten:<\/strong> F\u00fcllstoff (E460), Wasser, Pflanzenfaser, Verdickungsmittel (E401), Aromen, Stabilisator (E415), Salz, S\u00e4ureregulator (E501), Nikotin, S\u00fc\u00dfstoff (E950).<\/li>\n<li><strong>Feuchtigkeitsgehalt:\u00a0<\/strong>37%<\/li>\n<li><strong>pH:<\/strong>\u00a08,5<\/li>\n<li><strong>Gewicht pro Portion (Gramm):\u00a0<\/strong>0.55 g<\/li>\n<li class=\" translation-block\"><strong>Nettogewicht\/Dose:<\/strong> 11 g<\/li>\n<li class=\" translation-block\"><strong>Mindestens haltbar bis:<\/strong> 12 Monate<\/li>\n<li><strong>Ver\u00f6ffentlichungsdatum:<\/strong> June 2021<\/li>\n<li><strong>Land:\u00a0<\/strong>Schweden<\/li>\n<li><strong>Apr\u00e8s Cola Mini version:<\/strong> <span style=\"text-decoration: underline;\"><a href=\"https:\/\/nicotinedeals.com\/de\/product\/apres-cola-petite-no-4-mini\/\">Apr\u00e8s Cola Petite No 4 Mini<\/a><\/span><\/li>\n<li><strong>Mehr anzeigen<\/strong>\u00a0<a href=\"https:\/\/nicotinedeals.com\/de\/marke\/apres\/\"><strong>Apr\u00e8s Nicotine Pouches<\/strong><\/a><\/li>\n<\/ul>\n<div><img decoding=\"async\" class=\"alignnone size-full wp-image-5660\" src=\"https:\/\/nicotinedeals.com\/wp-content\/uploads\/2024\/09\/apres-cola-no-4-.png\" alt=\"Apres Cola No 4\" width=\"128\" height=\"128\" srcset=\"https:\/\/nicotinedeals.com\/wp-content\/uploads\/2024\/09\/apres-cola-no-4-.png 128w, https:\/\/nicotinedeals.com\/wp-content\/uploads\/2024\/09\/apres-cola-no-4--50x50.png 50w\" sizes=\"(max-width: 128px) 100vw, 128px\" \/><\/div>\n<div><strong>Apr\u00e8s Cola No 4 Best Price<\/strong><\/div>\n<div>All Apr\u00e9s products and packaging are made from plant-based materials, and the products are completely free from tobacco.<\/div>\n<div><\/div>\n<div><strong>WARNING: This product contains nicotine. Nicotine is an addictive chemical. +18<\/strong><\/div>","protected":false},"excerpt":{"rendered":"<p><strong>Apr\u00e8s Cola No 4\u00a0<\/strong>is an all-white nicotine pouch with a cola flavor. The nicotine strength is normal, with 4.4 mg per pouch. The portions come in a slim format, and each can contains 20 pouches. Apr\u00e8s Cola is a tobacco-free product.<\/p>\n<p><a class=\"button\" href=\"https:\/\/nicotinedeals.com\/de\/apres-cola-no-4\/\">Click for Best Price | Americas &#038; Caribbean<\/a><\/p>","protected":false},"featured_media":5661,"comment_status":"open","ping_status":"closed","template":"","meta":[],"pwb-brand":[77],"product_cat":[19],"product_tag":[192,95,313,167,44,54],"brands":[{"id":77,"name":"Apr\u00e8s","slug":"apres"}],"_links":{"self":[{"href":"https:\/\/nicotinedeals.com\/de\/wp-json\/wp\/v2\/product\/5659"}],"collection":[{"href":"https:\/\/nicotinedeals.com\/de\/wp-json\/wp\/v2\/product"}],"about":[{"href":"https:\/\/nicotinedeals.com\/de\/wp-json\/wp\/v2\/types\/product"}],"replies":[{"embeddable":true,"href":"https:\/\/nicotinedeals.com\/de\/wp-json\/wp\/v2\/comments?post=5659"}],"wp:featuredmedia":[{"embeddable":true,"href":"https:\/\/nicotinedeals.com\/de\/wp-json\/wp\/v2\/media\/5661"}],"wp:attachment":[{"href":"https:\/\/nicotinedeals.com\/de\/wp-json\/wp\/v2\/media?parent=5659"}],"wp:term":[{"taxonomy":"pwb-brand","embeddable":true,"href":"https:\/\/nicotinedeals.com\/de\/wp-json\/wp\/v2\/pwb-brand?post=5659"},{"taxonomy":"product_cat","embeddable":true,"href":"https:\/\/nicotinedeals.com\/de\/wp-json\/wp\/v2\/product_cat?post=5659"},{"taxonomy":"product_tag","embeddable":true,"href":"https:\/\/nicotinedeals.com\/de\/wp-json\/wp\/v2\/product_tag?post=5659"}],"curies":[{"name":"wp","href":"https:\/\/api.w.org\/{rel}","templated":true}]}}