{"id":700,"date":"2024-07-10T05:55:02","date_gmt":"2024-07-10T05:55:02","guid":{"rendered":"https:\/\/nicotinedeals.com\/?post_type=product&#038;p=700"},"modified":"2026-04-04T08:27:01","modified_gmt":"2026-04-04T08:27:01","slug":"lundgrens-rimfrost","status":"publish","type":"product","link":"https:\/\/nicotinedeals.com\/de\/product\/lundgrens-rimfrost\/","title":{"rendered":"Lundgrens Rimfrost"},"content":{"rendered":"<h1><strong>Lundgrens Rimfrost<\/strong><\/h1>\n<p>Die Rimfrost-Nikotinbeutel enthalten Noten von Gartenminze und Eukalyptus. Die Beutelgr\u00f6\u00dfe ist regular, und das Produkt hat eine starke Nikotinst\u00e4rke von 3 Punkten von 4. Der Nikotingehalt pro Beutel betr\u00e4gt 10 mg, bei einem Gesamtgehalt von 12,5 mg\/g. Jede Dose enth\u00e4lt 21 tabakfreie Beutel.<\/p>\n<h2><strong>Information about Lundgrens Rimfrost:<\/strong><\/h2>\n<ul>\n<li><strong>Marke:<\/strong> Lundgrens<\/li>\n<li class=\" translation-block\"><strong>Kategorie:<\/strong>\u00a0All-White Nikotinbeutel<\/li>\n<li><strong>Geschmacksnoten:<\/strong> Eucalyptus, Mint<\/li>\n<li><strong>Nikotingehalt:<\/strong> 12.5 mg\/g<\/li>\n<li><strong>Nikotin-St\u00e4rke:<\/strong> <span class=\"OYPEnA font-feature-liga-off font-feature-clig-off font-feature-calt-off text-decoration-none text-strikethrough-none\">\u25c9\u25c9\u25c9\u25ce <\/span>Strong (strength 3 out of 4)<\/li>\n<li><strong>Nikotingehalt pro Dose:<\/strong> 210 mg\/can<\/li>\n<li><strong>Hersteller:<\/strong> Fiedler &amp; Lundgren \/ BAT<\/li>\n<li><strong>Beutelformat:<\/strong> Regular<\/li>\n<li><strong>Nikotin mg\/Beutel:<\/strong>\u00a0 10 mg<\/li>\n<li><strong>Tabakfrei:<\/strong> Yes, Rimfrost are tobacco-free<\/li>\n<li><strong>Anzahl der Beutel pro Dose:<\/strong> 21 pouches<\/li>\n<li><strong>Inhaltsstoffe:\u00a0<\/strong>Filler (E460), water, flavor enhancer (table salt), xylitol, nicotine, flavorings, ammonium chloride, acidity regulator (E500)<\/li>\n<li><strong>Gewicht pro Portion (Gramm):\u00a0<\/strong>0.8 g<\/li>\n<li><strong>Nettogewicht\/Dose:<\/strong> 16.8 g<\/li>\n<li><strong>Mehr anzeigen <a href=\"https:\/\/nicotinedeals.com\/de\/marke\/lundgrens\/\">Lundgrens Nicotine Pouches<\/a><\/strong><\/li>\n<\/ul>\n<div><strong>Lundgrens Rimfrost Best Price<\/strong><\/div>\n<div><\/div>\n<div>\n<figure id=\"attachment_702\" aria-describedby=\"caption-attachment-702\" style=\"width: 600px\" class=\"wp-caption alignnone\"><a href=\"https:\/\/nicotinedeals.com\/de\/marke\/lundgrens\/\"><img fetchpriority=\"high\" decoding=\"async\" class=\"wp-image-702\" src=\"https:\/\/nicotinedeals.com\/wp-content\/uploads\/2024\/07\/lundgrens-nicotine-pouches-best-price-300x157.jpg\" alt=\"Cans of Lungrens nicotine pouches\" width=\"600\" height=\"314\" srcset=\"https:\/\/nicotinedeals.com\/wp-content\/uploads\/2024\/07\/lundgrens-nicotine-pouches-best-price-300x157.jpg 300w, https:\/\/nicotinedeals.com\/wp-content\/uploads\/2024\/07\/lundgrens-nicotine-pouches-best-price-200x105.jpg 200w, https:\/\/nicotinedeals.com\/wp-content\/uploads\/2024\/07\/lundgrens-nicotine-pouches-best-price-150x79.jpg 150w, https:\/\/nicotinedeals.com\/wp-content\/uploads\/2024\/07\/lundgrens-nicotine-pouches-best-price-1024x536.jpg 1024w, https:\/\/nicotinedeals.com\/wp-content\/uploads\/2024\/07\/lundgrens-nicotine-pouches-best-price-768x402.jpg 768w, https:\/\/nicotinedeals.com\/wp-content\/uploads\/2024\/07\/lundgrens-nicotine-pouches-best-price.jpg 1200w\" sizes=\"(max-width: 600px) 100vw, 600px\" \/><\/a><figcaption id=\"caption-attachment-702\" class=\"wp-caption-text\">Lundgrens Kv\u00e4llsbris, V\u00e5gsvall, Fj\u00e4llskog, and Rimfrost.<\/figcaption><\/figure>\n<\/div>\n<div><\/div>\n<div><strong>WARNING: This product contains nicotine. Nicotine is an addictive chemical. +18 \/ +21 in US.<\/strong><\/div>","protected":false},"excerpt":{"rendered":"<p><strong>Lundgrens Rimfrost<\/strong> All White ist ein echter Bestseller von Lundgrens, einer Marke mit Traditionen, die bis in die 1780er Jahre in G\u00f6teborg zur\u00fcckreichen. Rimfrost bietet feine Noten von Gartenminze und Eukalyptus und sorgt f\u00fcr ein erfrischendes und nat\u00fcrliches Geschmackserlebnis. Entdecken Sie das reiche Erbe und die Qualit\u00e4t von Lundgrens mit diesen beliebten Nikotinbeuteln.<\/p>\n<p><a class=\"button\" href=\"https:\/\/nicotinedeals.com\/de\/lundgrens-rimfrost\/\">Bester Preis | Weltweit<\/a><\/p>","protected":false},"featured_media":5615,"comment_status":"open","ping_status":"closed","template":"","meta":[],"pwb-brand":[47],"product_cat":[19],"product_tag":[92,211,51,48,52,50,161,49,41],"brands":[{"id":47,"name":"Lundgrens","slug":"lundgrens"}],"_links":{"self":[{"href":"https:\/\/nicotinedeals.com\/de\/wp-json\/wp\/v2\/product\/700"}],"collection":[{"href":"https:\/\/nicotinedeals.com\/de\/wp-json\/wp\/v2\/product"}],"about":[{"href":"https:\/\/nicotinedeals.com\/de\/wp-json\/wp\/v2\/types\/product"}],"replies":[{"embeddable":true,"href":"https:\/\/nicotinedeals.com\/de\/wp-json\/wp\/v2\/comments?post=700"}],"wp:featuredmedia":[{"embeddable":true,"href":"https:\/\/nicotinedeals.com\/de\/wp-json\/wp\/v2\/media\/5615"}],"wp:attachment":[{"href":"https:\/\/nicotinedeals.com\/de\/wp-json\/wp\/v2\/media?parent=700"}],"wp:term":[{"taxonomy":"pwb-brand","embeddable":true,"href":"https:\/\/nicotinedeals.com\/de\/wp-json\/wp\/v2\/pwb-brand?post=700"},{"taxonomy":"product_cat","embeddable":true,"href":"https:\/\/nicotinedeals.com\/de\/wp-json\/wp\/v2\/product_cat?post=700"},{"taxonomy":"product_tag","embeddable":true,"href":"https:\/\/nicotinedeals.com\/de\/wp-json\/wp\/v2\/product_tag?post=700"}],"curies":[{"name":"wp","href":"https:\/\/api.w.org\/{rel}","templated":true}]}}