{"id":8203,"date":"2024-10-30T08:58:35","date_gmt":"2024-10-30T08:58:35","guid":{"rendered":"https:\/\/nicotinedeals.com\/?post_type=product&#038;p=8203"},"modified":"2024-12-24T09:51:41","modified_gmt":"2024-12-24T09:51:41","slug":"apres-spritz-tangerine","status":"publish","type":"product","link":"https:\/\/nicotinedeals.com\/de\/product\/apres-spritz-tangerine\/","title":{"rendered":"Apr\u00e8s Spritz Tangerine"},"content":{"rendered":"<h1>Apr\u00e8s Spritz Tangerine<\/h1>\n<p>offers slim, all-white nicotine pouches with a refreshing mandarin and orange flavor. The format is Slim, with a normal nicotine strength rated at 2 out of 4 dots. Each pouch contains 4.4 mg of nicotine. Each can of Apr\u00e8s Spritz Tangerine includes 20 tobacco-free pouches \u2013 made in Sweden.<\/p>\n<h2><strong>Information about Apr\u00e8s Spritz Tangerine No 10<\/strong><\/h2>\n<ul>\n<li><strong>Marke:<\/strong>\u00a0Apr\u00e8s<\/li>\n<li class=\" translation-block\"><strong>Kategorie:<\/strong>\u00a0All-White Nikotinbeutel<\/li>\n<li><strong>Flavor :\u00a0<\/strong>Mandarin, Orange<\/li>\n<li class=\" translation-block\"><strong>Nikotingehalt:<\/strong> 8 mg\/g<\/li>\n<li class=\" translation-block\"><strong>Nikotinst\u00e4rke:<\/strong> \u25c9\u25c9\u25ce\u25ce Normal (St\u00e4rke 2 von 4)<\/li>\n<li><strong>Hersteller:<\/strong>\u00a0Apr\u00e8s Nicotine AB<\/li>\n<li><strong>Beutelformat:<\/strong> Slim<\/li>\n<li><strong>Nikotin mg\/Beutel: <\/strong>4.4 mg<\/li>\n<li class=\" translation-block\"><strong>Tabakfrei:<\/strong> Ja, Apr\u00e8s Ice Tea Nikotinbeutel sind tabakfrei<\/li>\n<li class=\" translation-block\"><strong>Anzahl der Beutel pro Dose:<\/strong> 20 Beutel<\/li>\n<li class=\" translation-block\"><strong>Zutaten:<\/strong> F\u00fcllstoff (E460), Wasser, Pflanzenfaser, Verdickungsmittel (E401), Aromen, Stabilisator (E415), Salz, S\u00e4ureregulator (E501), Nikotin, S\u00fc\u00dfstoff (E950).<\/li>\n<li><strong>Gewicht pro Portion (Gramm):\u00a0<\/strong>0.55 g<\/li>\n<li class=\" translation-block\"><strong>Nettogewicht\/Dose:<\/strong> 11 g<\/li>\n<li class=\" translation-block\"><strong>Mindestens haltbar bis:<\/strong> 12 Monate<\/li>\n<li><strong>Ver\u00f6ffentlichungsdatum:<\/strong> April 2024<\/li>\n<li><strong>Land:\u00a0<\/strong>Schweden<\/li>\n<li><strong>Mehr anzeigen<\/strong>\u00a0<a href=\"https:\/\/nicotinedeals.com\/de\/marke\/apres\/\"><strong>Apr\u00e8s Nicotine Pouches<\/strong><\/a><\/li>\n<\/ul>\n<p><img decoding=\"async\" class=\"alignnone size-full wp-image-8205\" src=\"https:\/\/nicotinedeals.com\/wp-content\/uploads\/2024\/10\/apres-spritz-tangerine-.png\" alt=\"Apr\u00e8s Spritz Tangerine nicotine pouch can\" width=\"200\" height=\"200\" srcset=\"https:\/\/nicotinedeals.com\/wp-content\/uploads\/2024\/10\/apres-spritz-tangerine-.png 200w, https:\/\/nicotinedeals.com\/wp-content\/uploads\/2024\/10\/apres-spritz-tangerine--150x150.png 150w, https:\/\/nicotinedeals.com\/wp-content\/uploads\/2024\/10\/apres-spritz-tangerine--50x50.png 50w\" sizes=\"(max-width: 200px) 100vw, 200px\" \/><\/p>\n<div><strong>Apr\u00e8s Spritz <\/strong><strong>Mini <\/strong><strong>Best Price<\/strong><\/div>\n<div><\/div>\n<div><strong>WARNING: This product contains nicotine. Nicotine is an addictive chemical. +18 \/ +21 in the US<\/strong><\/div>","protected":false},"excerpt":{"rendered":"<p><strong>Apr\u00e8s Spritz Tangerine <\/strong>offers mandarin and orange flavor. The format is Slim, with a normal nicotine strength rated at 2 out of 4 dots. Each pouch contains 4.4 mg of nicotine. Each can of Apr\u00e8s Spritz Tangerine includes 20 tobacco-free pouches \u2013 made in Sweden.<\/p>","protected":false},"featured_media":8204,"comment_status":"open","ping_status":"closed","template":"","meta":[],"pwb-brand":[77],"product_cat":[19],"product_tag":[192,95,404,34,81,73,44,189,54],"brands":[{"id":77,"name":"Apr\u00e8s","slug":"apres"}],"_links":{"self":[{"href":"https:\/\/nicotinedeals.com\/de\/wp-json\/wp\/v2\/product\/8203"}],"collection":[{"href":"https:\/\/nicotinedeals.com\/de\/wp-json\/wp\/v2\/product"}],"about":[{"href":"https:\/\/nicotinedeals.com\/de\/wp-json\/wp\/v2\/types\/product"}],"replies":[{"embeddable":true,"href":"https:\/\/nicotinedeals.com\/de\/wp-json\/wp\/v2\/comments?post=8203"}],"wp:featuredmedia":[{"embeddable":true,"href":"https:\/\/nicotinedeals.com\/de\/wp-json\/wp\/v2\/media\/8204"}],"wp:attachment":[{"href":"https:\/\/nicotinedeals.com\/de\/wp-json\/wp\/v2\/media?parent=8203"}],"wp:term":[{"taxonomy":"pwb-brand","embeddable":true,"href":"https:\/\/nicotinedeals.com\/de\/wp-json\/wp\/v2\/pwb-brand?post=8203"},{"taxonomy":"product_cat","embeddable":true,"href":"https:\/\/nicotinedeals.com\/de\/wp-json\/wp\/v2\/product_cat?post=8203"},{"taxonomy":"product_tag","embeddable":true,"href":"https:\/\/nicotinedeals.com\/de\/wp-json\/wp\/v2\/product_tag?post=8203"}],"curies":[{"name":"wp","href":"https:\/\/api.w.org\/{rel}","templated":true}]}}