{"id":9013,"date":"2024-11-05T18:58:36","date_gmt":"2024-11-05T18:58:36","guid":{"rendered":"https:\/\/nicotinedeals.com\/?post_type=product&#038;p=9013"},"modified":"2026-03-21T15:15:30","modified_gmt":"2026-03-21T15:15:30","slug":"velo-mclaren-limited-edition","status":"publish","type":"product","link":"https:\/\/nicotinedeals.com\/de\/product\/velo-mclaren-limited-edition\/","title":{"rendered":"VELO McLaren Limited Edition"},"content":{"rendered":"<h1>VELO McLaren Limited Edition 10.9 mg<\/h1>\n<p>offers a refreshing peppermint and menthol flavor with a cooling effect in a slim format. Each pouch contains 10.9 mg of nicotine per pouch and 20 tobacco-free pouches in each can. McLaren is a design collaboration with the McLaren Formula 1 Team.<\/p>\n<h2><strong>Information about VELO McLaren Limited Edition 10.9 mg\/pouch:<\/strong><\/h2>\n<ul>\n<li><strong>Marke:<\/strong>\u00a0VELO<\/li>\n<li class=\" translation-block\"><strong>Kategorie:<\/strong>\u00a0All-White Nikotinbeutel<\/li>\n<li><strong>Geschmacksnoten:<\/strong> Peppermint, Menthol<\/li>\n<li><strong>Nikotingehalt:<\/strong> 15.6 mg\/g<\/li>\n<li><strong>Nikotin-St\u00e4rke:<\/strong> Extra Starke<\/li>\n<li><strong>Hersteller:<\/strong>\u00a0British American Tobacco (BAT)<\/li>\n<li class=\" translation-block\"><strong>Beutelformat:<\/strong>\u00a0Slim<\/li>\n<li><strong>Nikotin mg\/Beutel:<\/strong>\u00a0 14 mg<\/li>\n<li><strong>Tabakfrei:<\/strong>\u00a0Yes, all VELO nicotine pouches are tobacco-free<\/li>\n<li class=\" translation-block\"><strong>Anzahl der Beutel pro Dose:<\/strong> 20 Beutel<\/li>\n<li class=\" translation-block\"><strong>Inhaltsstoffe:<\/strong> Wasser, F\u00fcllstoff (E460), Geschmacksverst\u00e4rker (Speisesalz), S\u00e4ureregulator (E524), Xylit (E967), Nikotin, Nikotin-Polacrilex, Aromen, Ammoniumchlorid, S\u00e4ureregulator (E500), S\u00fc\u00dfstoff (E950)<\/li>\n<li><strong>Gewicht pro Portion (Gramm):\u00a0<\/strong>0.70 g<\/li>\n<li><strong>Nettogewicht\/Dose:<\/strong>\u00a014 g<\/li>\n<li><strong>Ver\u00f6ffentlichungsdatum:<\/strong> October 2024<\/li>\n<li><strong>Mehr anzeigen<\/strong>\u00a0<strong><a href=\"https:\/\/nicotinedeals.com\/de\/marke\/velo\/\">VELO Nicotine Pouches<\/a><\/strong><\/li>\n<\/ul>\n<div><img decoding=\"async\" class=\"alignnone size-full wp-image-9015\" src=\"https:\/\/nicotinedeals.com\/wp-content\/uploads\/2024\/11\/velo-mclaren.png\" alt=\"VELO McLaren nicotine pouches\" width=\"200\" height=\"200\" srcset=\"https:\/\/nicotinedeals.com\/wp-content\/uploads\/2024\/11\/velo-mclaren.png 200w, https:\/\/nicotinedeals.com\/wp-content\/uploads\/2024\/11\/velo-mclaren-150x150.png 150w, https:\/\/nicotinedeals.com\/wp-content\/uploads\/2024\/11\/velo-mclaren-50x50.png 50w\" sizes=\"(max-width: 200px) 100vw, 200px\" \/><\/div>\n<div><\/div>\n<div>\n<div><strong>VELO McLaren Best Price<\/strong><\/div>\n<\/div>\n<div><\/div>\n<div>\n<div><strong>WARNING: This product contains nicotine. Nicotine is an addictive chemical. + 18 \/ +21 in the US<\/strong><\/div>\n<\/div>","protected":false},"excerpt":{"rendered":"<p><strong>VELO McLaren Limited Edition<\/strong> | 10.9 mg of nicotine per pouch | 20 slim pouches in each can | VELO McLaren is a limited edition design in collaboration with the McLaren Formula 1 Team. The flavor is Mighty Peppermint, where peppermint meets menthol for an intensely cooling effect. This product is 100% tobacco-free.<\/p>","protected":false},"featured_media":9014,"comment_status":"open","ping_status":"closed","template":"","meta":[],"pwb-brand":[36],"product_cat":[19],"product_tag":[192,85,53,40,54,431],"brands":[{"id":36,"name":"VELO","slug":"velo"}],"_links":{"self":[{"href":"https:\/\/nicotinedeals.com\/de\/wp-json\/wp\/v2\/product\/9013"}],"collection":[{"href":"https:\/\/nicotinedeals.com\/de\/wp-json\/wp\/v2\/product"}],"about":[{"href":"https:\/\/nicotinedeals.com\/de\/wp-json\/wp\/v2\/types\/product"}],"replies":[{"embeddable":true,"href":"https:\/\/nicotinedeals.com\/de\/wp-json\/wp\/v2\/comments?post=9013"}],"wp:featuredmedia":[{"embeddable":true,"href":"https:\/\/nicotinedeals.com\/de\/wp-json\/wp\/v2\/media\/9014"}],"wp:attachment":[{"href":"https:\/\/nicotinedeals.com\/de\/wp-json\/wp\/v2\/media?parent=9013"}],"wp:term":[{"taxonomy":"pwb-brand","embeddable":true,"href":"https:\/\/nicotinedeals.com\/de\/wp-json\/wp\/v2\/pwb-brand?post=9013"},{"taxonomy":"product_cat","embeddable":true,"href":"https:\/\/nicotinedeals.com\/de\/wp-json\/wp\/v2\/product_cat?post=9013"},{"taxonomy":"product_tag","embeddable":true,"href":"https:\/\/nicotinedeals.com\/de\/wp-json\/wp\/v2\/product_tag?post=9013"}],"curies":[{"name":"wp","href":"https:\/\/api.w.org\/{rel}","templated":true}]}}