{"id":9944,"date":"2024-11-28T03:45:18","date_gmt":"2024-11-28T03:45:18","guid":{"rendered":"https:\/\/nicotinedeals.com\/?post_type=product&#038;p=9944"},"modified":"2024-11-29T09:39:16","modified_gmt":"2024-11-29T09:39:16","slug":"velo-wintery-watermelon-mini","status":"publish","type":"product","link":"https:\/\/nicotinedeals.com\/de\/product\/velo-wintery-watermelon-mini\/","title":{"rendered":"VELO Wintery Watermelon Mini"},"content":{"rendered":"<h1>VELO Wintery Watermelon Mini 6 mg<\/h1>\n<p>refreshing taste of watermelon with cooling mint effect in a Mini format. Each pouch contains 6 mg of nicotine, which is classified as &#8220;Normal&#8221; strength. There are 20 tobacco-free pouches per can. VELO Wintery Watermelon is a redesigned version of VELO Mini Iced Melon, offering the same delicious flavor you know and love.<\/p>\n<h2><strong>Information about VELO Wintery Watermelon Mini 6 mg\/pouch:<\/strong><\/h2>\n<ul>\n<li><strong>Marke:<\/strong>\u00a0VELO<\/li>\n<li class=\" translation-block\"><strong>Kategorie:<\/strong>\u00a0All-White Nikotinbeutel<\/li>\n<li><strong>Geschmacksnoten:<\/strong> Watermelon, Mint<\/li>\n<li><strong>Nikotingehalt:<\/strong> 11.9 mg\/g<\/li>\n<li><strong>Nikotin-St\u00e4rke:<\/strong> \u25c9\u25c9\u25ce\u25ce\u25ce\u25ce Normal<\/li>\n<li><strong>Hersteller:<\/strong> BAT (British American Tobacco)<\/li>\n<li><strong>Beutelformat:<\/strong> Mini<\/li>\n<li><strong>Nikotin mg\/Beutel: <\/strong>6 mg<\/li>\n<li><strong>Tabakfrei:<\/strong> Yes, VELO Wintery Watermelon nicotine pouches are tobacco-free<\/li>\n<li class=\" translation-block\"><strong>Anzahl der Beutel pro Dose:<\/strong> 20 Beutel<\/li>\n<li class=\" translation-block\"><strong>Inhaltsstoffe:<\/strong> Wasser, F\u00fcllstoff (E460), Geschmacksverst\u00e4rker (Speisesalz), S\u00e4ureregulator (E524), Xylit (E967), Nikotin, Nikotin-Polacrilex, Aromen, Ammoniumchlorid, S\u00e4ureregulator (E500), S\u00fc\u00dfstoff (E950)<\/li>\n<li><strong>Gewicht pro Portion (Gramm):\u00a0<\/strong>0.50 g<\/li>\n<li><strong>Nettogewicht\/Dose:<\/strong> 10 g<\/li>\n<li><strong>Ver\u00f6ffentlichungsdatum:<\/strong> February 2024<\/li>\n<li><strong>Previous name:<\/strong> VELO Iced Melon Mini<\/li>\n<li><strong>Mehr anzeigen<\/strong>\u00a0<strong><a href=\"https:\/\/nicotinedeals.com\/de\/marke\/velo\/\">VELO Nicotine Pouches<\/a><\/strong><\/li>\n<\/ul>\n<div><img fetchpriority=\"high\" decoding=\"async\" class=\"alignnone size-full wp-image-9946\" src=\"https:\/\/nicotinedeals.com\/wp-content\/uploads\/2024\/11\/velo-wintery-watermelon-mini-can.png\" alt=\"VELO Wintery Watermelon MIni can\" width=\"250\" height=\"250\" srcset=\"https:\/\/nicotinedeals.com\/wp-content\/uploads\/2024\/11\/velo-wintery-watermelon-mini-can.png 250w, https:\/\/nicotinedeals.com\/wp-content\/uploads\/2024\/11\/velo-wintery-watermelon-mini-can-150x150.png 150w, https:\/\/nicotinedeals.com\/wp-content\/uploads\/2024\/11\/velo-wintery-watermelon-mini-can-12x12.png 12w, https:\/\/nicotinedeals.com\/wp-content\/uploads\/2024\/11\/velo-wintery-watermelon-mini-can-200x200.png 200w, https:\/\/nicotinedeals.com\/wp-content\/uploads\/2024\/11\/velo-wintery-watermelon-mini-can-50x50.png 50w\" sizes=\"(max-width: 250px) 100vw, 250px\" \/><\/div>\n<div><\/div>\n<div>\n<div><strong>VELO Wintery Watermelon Best Price<\/strong><\/div>\n<\/div>\n<div><\/div>\n<div>\n<div><strong>WARNING: This product contains nicotine. Nicotine is an addictive chemical. + 18 \/ +21 in the US<\/strong><\/div>\n<\/div>","protected":false},"excerpt":{"rendered":"<p>VELO Wintery Watermelon Mini 6 mg of nicotine per pouch | 20 Mini pouches per can | VELO Wintery Watermelon has a fresh taste of ice cold watermelon and cooling mint. The strength is classified as &#8220;Normal&#8221; \u25c9\u25c9\u25ce\u25ce\u25ce\u25ce. This product is 100% tobacco-free.<\/p>\n<p><a class=\"button\" href=\"https:\/\/nicotinedeals.com\/de\/velo-wintery-watermelon\/\">Bester Preis | Weltweit<\/a><\/p>","protected":false},"featured_media":9945,"comment_status":"open","ping_status":"closed","template":"","meta":[],"pwb-brand":[36],"product_cat":[19],"product_tag":[192,91,81,22,50,44,477,174],"brands":[{"id":36,"name":"VELO","slug":"velo"}],"_links":{"self":[{"href":"https:\/\/nicotinedeals.com\/de\/wp-json\/wp\/v2\/product\/9944"}],"collection":[{"href":"https:\/\/nicotinedeals.com\/de\/wp-json\/wp\/v2\/product"}],"about":[{"href":"https:\/\/nicotinedeals.com\/de\/wp-json\/wp\/v2\/types\/product"}],"replies":[{"embeddable":true,"href":"https:\/\/nicotinedeals.com\/de\/wp-json\/wp\/v2\/comments?post=9944"}],"wp:featuredmedia":[{"embeddable":true,"href":"https:\/\/nicotinedeals.com\/de\/wp-json\/wp\/v2\/media\/9945"}],"wp:attachment":[{"href":"https:\/\/nicotinedeals.com\/de\/wp-json\/wp\/v2\/media?parent=9944"}],"wp:term":[{"taxonomy":"pwb-brand","embeddable":true,"href":"https:\/\/nicotinedeals.com\/de\/wp-json\/wp\/v2\/pwb-brand?post=9944"},{"taxonomy":"product_cat","embeddable":true,"href":"https:\/\/nicotinedeals.com\/de\/wp-json\/wp\/v2\/product_cat?post=9944"},{"taxonomy":"product_tag","embeddable":true,"href":"https:\/\/nicotinedeals.com\/de\/wp-json\/wp\/v2\/product_tag?post=9944"}],"curies":[{"name":"wp","href":"https:\/\/api.w.org\/{rel}","templated":true}]}}