{"id":700,"date":"2024-07-10T05:55:02","date_gmt":"2024-07-10T05:55:02","guid":{"rendered":"https:\/\/nicotinedeals.com\/?post_type=product&#038;p=700"},"modified":"2026-04-22T09:17:29","modified_gmt":"2026-04-22T09:17:29","slug":"lundgrens-rimfrost","status":"publish","type":"product","link":"https:\/\/nicotinedeals.com\/en_ca\/product\/lundgrens-rimfrost\/","title":{"rendered":"Lundgrens Rimfrost"},"content":{"rendered":"<h1><strong>Lundgrens Rimfrost<\/strong><\/h1>\n<p>Rimfrost nicotine pouches feature notes of garden mint and eucalyptus. The pouch size is regular, and the product has a strong nicotine strength of 3 dots out of 4. The nicotine content per pouch is 10 mg, with a total nicotine content of 12.5 mg\/g. 21 tobacco-free pouches in each can.<\/p>\n<h2><strong>Information about Lundgrens Rimfrost:<\/strong><\/h2>\n<ul>\n<li><strong>Brand:<\/strong> Lundgrens<\/li>\n<li class=\" translation-block\"><strong>Category:<\/strong>&nbsp;All-white nicotine pouches<\/li>\n<li><strong>Flavor notes:<\/strong> Eucalyptus, Mint<\/li>\n<li><strong>Nicotine content:<\/strong> 12.5 mg\/g<\/li>\n<li><strong>Nicotine strength:<\/strong> <span class=\"OYPEnA font-feature-liga-off font-feature-clig-off font-feature-calt-off text-decoration-none text-strikethrough-none\">\u25c9\u25c9\u25c9\u25ce <\/span>Strong (strength 3 out of 4)<\/li>\n<li><strong>Nicotine content\/can:<\/strong> 210 mg\/can<\/li>\n<li><strong>Manufacturer:<\/strong> Fiedler &amp; Lundgren \/ BAT<\/li>\n<li><strong>Pouch Format:<\/strong> Regular<\/li>\n<li><strong>Nicotine mg\/pouch:<\/strong>\u00a0 10 mg<\/li>\n<li><strong>Tobacco-free:<\/strong> Yes, Rimfrost are tobacco-free<\/li>\n<li><strong>Number of pouches per can:<\/strong> 21 pouches<\/li>\n<li><strong>Ingredients:\u00a0<\/strong>Filler (E460), water, flavor enhancer (table salt), xylitol, nicotine, flavorings, ammonium chloride, acidity regulator (E500)<\/li>\n<li><strong>Weight per portion (grams):\u00a0<\/strong>0.8 g<\/li>\n<li><strong>Netto weight\/can:<\/strong> 16.8 g<\/li>\n<li><strong>See more <a href=\"https:\/\/nicotinedeals.com\/en_ca\/brand\/lundgrens\/\">Lundgrens Nicotine Pouches<\/a><\/strong><\/li>\n<\/ul>\n<div><strong>Lundgrens Rimfrost Best Price<\/strong><\/div>\n<div><\/div>\n<div>\n<figure id=\"attachment_702\" aria-describedby=\"caption-attachment-702\" style=\"width: 600px\" class=\"wp-caption alignnone\"><a href=\"https:\/\/nicotinedeals.com\/en_ca\/brand\/lundgrens\/\"><img fetchpriority=\"high\" decoding=\"async\" class=\"wp-image-702\" src=\"https:\/\/nicotinedeals.com\/wp-content\/uploads\/2024\/07\/lundgrens-nicotine-pouches-best-price-300x157.jpg\" alt=\"Cans of Lungrens nicotine pouches\" width=\"600\" height=\"314\" srcset=\"https:\/\/nicotinedeals.com\/wp-content\/uploads\/2024\/07\/lundgrens-nicotine-pouches-best-price-300x157.jpg 300w, https:\/\/nicotinedeals.com\/wp-content\/uploads\/2024\/07\/lundgrens-nicotine-pouches-best-price-200x105.jpg 200w, https:\/\/nicotinedeals.com\/wp-content\/uploads\/2024\/07\/lundgrens-nicotine-pouches-best-price-150x79.jpg 150w, https:\/\/nicotinedeals.com\/wp-content\/uploads\/2024\/07\/lundgrens-nicotine-pouches-best-price-1024x536.jpg 1024w, https:\/\/nicotinedeals.com\/wp-content\/uploads\/2024\/07\/lundgrens-nicotine-pouches-best-price-768x402.jpg 768w, https:\/\/nicotinedeals.com\/wp-content\/uploads\/2024\/07\/lundgrens-nicotine-pouches-best-price.jpg 1200w\" sizes=\"(max-width: 600px) 100vw, 600px\" \/><\/a><figcaption id=\"caption-attachment-702\" class=\"wp-caption-text\">Lundgrens Kv\u00e4llsbris, V\u00e5gsvall, Fj\u00e4llskog, and Rimfrost.<\/figcaption><\/figure>\n<\/div>\n<div><\/div>\n<div><strong>WARNING: This product contains nicotine. Nicotine is an addictive chemical. +18 \/ +21 in US.<\/strong><\/div>","protected":false},"excerpt":{"rendered":"<p><strong>Lundgrens Rimfrost<\/strong> All White is a true bestseller from Lundgrens, a brand with a tradition dating back to the 1780s in Gothenburg. Rimfrost features subtle notes of garden mint and eucalyptus, offering a refreshing and natural flavor experience. Discover the rich heritage and quality of Lundgrens with these popular nicotine pouches.<\/p>\n<p><a class=\"button\" href=\"https:\/\/nicotinedeals.com\/en_ca\/lundgrens-rimfrost\/\">Click for Best Price | Global<\/a><\/p>","protected":false},"featured_media":5615,"comment_status":"open","ping_status":"closed","template":"","meta":[],"pwb-brand":[47],"product_cat":[19],"product_tag":[92,211,51,48,52,50,161,49,41],"brands":[{"id":47,"name":"Lundgrens","slug":"lundgrens"}],"_links":{"self":[{"href":"https:\/\/nicotinedeals.com\/en_ca\/wp-json\/wp\/v2\/product\/700"}],"collection":[{"href":"https:\/\/nicotinedeals.com\/en_ca\/wp-json\/wp\/v2\/product"}],"about":[{"href":"https:\/\/nicotinedeals.com\/en_ca\/wp-json\/wp\/v2\/types\/product"}],"replies":[{"embeddable":true,"href":"https:\/\/nicotinedeals.com\/en_ca\/wp-json\/wp\/v2\/comments?post=700"}],"wp:featuredmedia":[{"embeddable":true,"href":"https:\/\/nicotinedeals.com\/en_ca\/wp-json\/wp\/v2\/media\/5615"}],"wp:attachment":[{"href":"https:\/\/nicotinedeals.com\/en_ca\/wp-json\/wp\/v2\/media?parent=700"}],"wp:term":[{"taxonomy":"pwb-brand","embeddable":true,"href":"https:\/\/nicotinedeals.com\/en_ca\/wp-json\/wp\/v2\/pwb-brand?post=700"},{"taxonomy":"product_cat","embeddable":true,"href":"https:\/\/nicotinedeals.com\/en_ca\/wp-json\/wp\/v2\/product_cat?post=700"},{"taxonomy":"product_tag","embeddable":true,"href":"https:\/\/nicotinedeals.com\/en_ca\/wp-json\/wp\/v2\/product_tag?post=700"}],"curies":[{"name":"wp","href":"https:\/\/api.w.org\/{rel}","templated":true}]}}