{"id":8414,"date":"2024-11-01T09:42:12","date_gmt":"2024-11-01T09:42:12","guid":{"rendered":"https:\/\/nicotinedeals.com\/?post_type=product&#038;p=8414"},"modified":"2025-02-12T10:01:53","modified_gmt":"2025-02-12T10:01:53","slug":"lundgrens-hostaker","status":"publish","type":"product","link":"https:\/\/nicotinedeals.com\/en_ca\/product\/lundgrens-hostaker\/","title":{"rendered":"Lundgrens H\u00f6st\u00e5ker"},"content":{"rendered":"<h1>Lundgrens H\u00f6st\u00e5ker<\/h1>\n<p>nicotine pouches offer subtle notes of tobacco and dried fruit. The pouches are in a Regular format with a medium\/strong nicotine strength, rated at 3 out of 4 dots, and each pouch contains 10 mg of nicotine. Every can of Lundgrens H\u00f6st\u00e5ker includes 21 tobacco-free pouches. Lundgrens nicotine pouches are crafted in Sweden.<\/p>\n<h2><strong>Information about Lundgrens H\u00f6st\u00e5ker 10 mg\/pouch<\/strong><\/h2>\n<ul>\n<li><strong>Brand:<\/strong> Lundgrens<\/li>\n<li class=\" translation-block\"><strong>Category:<\/strong>&nbsp;All-white nicotine pouches<\/li>\n<li><strong>Flavor :\u00a0<\/strong>Tobacco, Dried fruit<\/li>\n<li><strong>Nicotine content:<\/strong> 12.5 mg\/g<\/li>\n<li><strong>Nicotine strength:<\/strong> \u25c9\u25c9\u25c9\u25ce Strong (strength 3 out of 4)<\/li>\n<li><strong>Manufacturer:<\/strong> BAT (British American Tobacco)<\/li>\n<li><strong>Pouch Format:<\/strong> Regular<\/li>\n<li><strong>Nicotine mg\/pouch:\u00a0<\/strong>10 mg<\/li>\n<li><strong>Tobacco-free:<\/strong> Yes, Lundgrens All White nicotine pouches are tobacco-free<\/li>\n<li><strong>Number of pouches per can:<\/strong> 21 pouches<\/li>\n<li class=\" translation-block\"><strong>Ingredients:&nbsp;<\/strong>Filling agent (E460), water, plant fiber, thickening agent (E401), flavors, stabilizer (E415), salt, acidity regulator (E501), nicotine, sweetener (E950).<\/li>\n<li><strong>Weight per portion (grams):\u00a0<\/strong>0.80 g<\/li>\n<li><strong>Netto weight\/can:<\/strong> 16.80 g<\/li>\n<li class=\" translation-block\"><strong>Best before date:<\/strong>&nbsp;12 months<\/li>\n<li><strong>Release date:<\/strong> October 2024<\/li>\n<li><strong>Country:\u00a0<\/strong>Sweden<\/li>\n<li><strong>See more<\/strong> <a href=\"https:\/\/nicotinedeals.com\/en_ca\/brand\/lundgrens\/\"><strong>Lundgrens Nicotine Pouches<\/strong><\/a><\/li>\n<\/ul>\n<p><img decoding=\"async\" class=\"alignnone size-full wp-image-8417\" src=\"https:\/\/nicotinedeals.com\/wp-content\/uploads\/2024\/11\/lundgrens-hostaker-nicotine-pouches.png\" alt=\"Lundgrens H\u00f6st\u00e5ker nicotine pouch can\" width=\"200\" height=\"200\" srcset=\"https:\/\/nicotinedeals.com\/wp-content\/uploads\/2024\/11\/lundgrens-hostaker-nicotine-pouches.png 200w, https:\/\/nicotinedeals.com\/wp-content\/uploads\/2024\/11\/lundgrens-hostaker-nicotine-pouches-150x150.png 150w, https:\/\/nicotinedeals.com\/wp-content\/uploads\/2024\/11\/lundgrens-hostaker-nicotine-pouches-50x50.png 50w\" sizes=\"(max-width: 200px) 100vw, 200px\" \/><\/p>\n<div><a href=\"https:\/\/nicotinedeals.com\/en_ca\/lundgrens-h\u00f6st\u00e5ker-best-price\/\"><strong>Lundgrens H\u00f6st\u00e5ker <\/strong><strong>Best Price<\/strong><\/a><\/div>\n<div><\/div>\n<div>Also, check out these bestsellers from Lundgrens<\/div>\n<div><strong><span style=\"text-decoration: underline;\"><a href=\"https:\/\/nicotinedeals.com\/en_ca\/product\/lundgrens-rimfrost\/\">Lundgrens Rimfromst<\/a><\/span><\/strong><\/div>\n<div><span style=\"text-decoration: underline;\"><a href=\"https:\/\/nicotinedeals.com\/en_ca\/product\/lundgrens-ang\/\"><strong>Lundgrens \u00c4ng<\/strong><\/a><\/span><\/div>\n<div><span style=\"text-decoration: underline;\"><a href=\"https:\/\/nicotinedeals.com\/en_ca\/product\/lundgrens-dunge\/\"><strong>Lundgrens Dunge<\/strong><\/a><\/span><\/div>\n<div><span style=\"text-decoration: underline;\"><a href=\"https:\/\/nicotinedeals.com\/en_ca\/product\/lundgrens-fjallskog\/\"><strong>Lundgrens Fj\u00e4llskog<\/strong><\/a><\/span><\/div>\n<div><strong><span style=\"text-decoration: underline;\">Lundgrens Kv\u00e4llsbris<\/span><\/strong><\/div>\n<div><span style=\"text-decoration: underline;\"><a href=\"https:\/\/nicotinedeals.com\/en_ca\/product\/lundgrens-mork\/\"><strong>Lundgrens M\u00f6rk<\/strong><\/a><\/span><\/div>\n<div><\/div>\n<div><strong>WARNING: This product contains nicotine. Nicotine is an addictive chemical. +18 \/ +21 in the US<\/strong><\/div>","protected":false},"excerpt":{"rendered":"<p class=\" translation-block\"><strong>Lundgrens H\u00f6st\u00e5ker&nbsp;<\/strong>nicotine pouches bring a balanced taste with hints of tobacco and dried fruit. Each pouch is <strong>Regular<\/strong> format with a medium strength, rated 3 out of 4 dots, and holds <strong>10 mg<\/strong> of nicotine. Every can packs <strong>21<\/strong> tobacco-free pouches, made right here in Sweden.<\/p>","protected":false},"featured_media":8415,"comment_status":"open","ping_status":"closed","template":"","meta":[],"pwb-brand":[47],"product_cat":[19],"product_tag":[92,211,406,405,44,161,145],"brands":[{"id":47,"name":"Lundgrens","slug":"lundgrens"}],"_links":{"self":[{"href":"https:\/\/nicotinedeals.com\/en_ca\/wp-json\/wp\/v2\/product\/8414"}],"collection":[{"href":"https:\/\/nicotinedeals.com\/en_ca\/wp-json\/wp\/v2\/product"}],"about":[{"href":"https:\/\/nicotinedeals.com\/en_ca\/wp-json\/wp\/v2\/types\/product"}],"replies":[{"embeddable":true,"href":"https:\/\/nicotinedeals.com\/en_ca\/wp-json\/wp\/v2\/comments?post=8414"}],"wp:featuredmedia":[{"embeddable":true,"href":"https:\/\/nicotinedeals.com\/en_ca\/wp-json\/wp\/v2\/media\/8415"}],"wp:attachment":[{"href":"https:\/\/nicotinedeals.com\/en_ca\/wp-json\/wp\/v2\/media?parent=8414"}],"wp:term":[{"taxonomy":"pwb-brand","embeddable":true,"href":"https:\/\/nicotinedeals.com\/en_ca\/wp-json\/wp\/v2\/pwb-brand?post=8414"},{"taxonomy":"product_cat","embeddable":true,"href":"https:\/\/nicotinedeals.com\/en_ca\/wp-json\/wp\/v2\/product_cat?post=8414"},{"taxonomy":"product_tag","embeddable":true,"href":"https:\/\/nicotinedeals.com\/en_ca\/wp-json\/wp\/v2\/product_tag?post=8414"}],"curies":[{"name":"wp","href":"https:\/\/api.w.org\/{rel}","templated":true}]}}