{"id":10258,"date":"2024-12-14T08:37:58","date_gmt":"2024-12-14T08:37:58","guid":{"rendered":"https:\/\/nicotinedeals.com\/?post_type=product&#038;p=10258"},"modified":"2025-06-17T18:28:22","modified_gmt":"2025-06-17T18:28:22","slug":"iceberg-energy-extreme","status":"publish","type":"product","link":"https:\/\/nicotinedeals.com\/fi\/tuote\/iceberg-energy-extreme\/","title":{"rendered":"ICEBERG Energy Extreme"},"content":{"rendered":"<h1>ICEBERG Energy Extreme<\/h1>\n<p>offers a long-lasting energy drink flavor. Each slim pouch contains a powerful <strong>30 mg<\/strong> of nicotine, making it an extra-strong alternative for experienced users. This all-white, tobacco-free option is designed for those seeking a bold and intense kick.<\/p>\n<p>Each can includes <strong>20 slim pouches<\/strong> and is produced by Neoptolem in Poland, a brand renowned for its high-quality and intensely strong nicotine products. The can\u2019s design features a striking image of a roaring bear, adding a bold touch to its appearance.<\/p>\n<h2><strong>Information about ICEBERG Energy Extreme 30 mg nicotine\/pouch:<\/strong><\/h2>\n<ul>\n<li><strong>Br\u00e4ndi:<\/strong> ICEBERG<\/li>\n<li class=\" translation-block\"><strong>Kategoria:<\/strong> Tupakattomat nikotiinipussit<\/li>\n<li><strong>Makuvivahteet:<\/strong> Energy drink<\/li>\n<li><strong>Nikotiinipitoisuus:<\/strong> 50 mg\/g<\/li>\n<li><strong>Nikotiinivahvuus:<\/strong>\u00a0Eritt\u00e4in Vahva<\/li>\n<li><strong>Nicotine per can: <\/strong>600 mg<\/li>\n<li><strong>Valmistaja:<\/strong> Neoptolem<\/li>\n<li class=\" translation-block\"><strong>Pussiformaatti:<\/strong> Slim<\/li>\n<li><strong>Nikotiinia mg\/pussi:\u00a0<\/strong>30 mg<\/li>\n<li><strong>Paino per annos (grammoina):\u00a0<\/strong>0.60 g<\/li>\n<li><strong>Tupakaton:<\/strong> Yes, ICEBERG Energy nicotine pouches are tobacco-free<\/li>\n<li class=\" translation-block\"><strong>Pusseja t\u00f6lkiss\u00e4:<\/strong> 20 pussia<\/li>\n<li><strong>Ainesosat:<\/strong> Filler (E460), water, flavors, nicotine, humectant (E422), acidity regulator (E500), sweetener (E955), thickener (E401)<\/li>\n<li><strong>Alkuper\u00e4maa:\u00a0 <\/strong>Poland<\/li>\n<li><strong>N\u00e4yt\u00e4 lis\u00e4\u00e4<\/strong> <strong><a href=\"https:\/\/nicotinedeals.com\/fi\/brandi\/iceberg-nikotiinipussit\/\">ICEBERG Nicotine Pouches<\/a><\/strong><\/li>\n<li><strong>Expiration date:\u00a0<\/strong>12 kuukautta<\/li>\n<\/ul>\n<div>\n<p><strong>ICEBERG Energy Extreme Nicotine Pouches Best Price<\/strong><\/p>\n<p><img fetchpriority=\"high\" decoding=\"async\" class=\"alignnone size-full wp-image-10261\" src=\"https:\/\/nicotinedeals.com\/wp-content\/uploads\/2024\/12\/iceberg-energy-extreme-nicotine-pouches.png\" alt=\"ICEBERG Energy Extreme can\" width=\"250\" height=\"250\" srcset=\"https:\/\/nicotinedeals.com\/wp-content\/uploads\/2024\/12\/iceberg-energy-extreme-nicotine-pouches.png 250w, https:\/\/nicotinedeals.com\/wp-content\/uploads\/2024\/12\/iceberg-energy-extreme-nicotine-pouches-150x150.png 150w, https:\/\/nicotinedeals.com\/wp-content\/uploads\/2024\/12\/iceberg-energy-extreme-nicotine-pouches-12x12.png 12w, https:\/\/nicotinedeals.com\/wp-content\/uploads\/2024\/12\/iceberg-energy-extreme-nicotine-pouches-200x200.png 200w, https:\/\/nicotinedeals.com\/wp-content\/uploads\/2024\/12\/iceberg-energy-extreme-nicotine-pouches-50x50.png 50w\" sizes=\"(max-width: 250px) 100vw, 250px\" \/><\/p>\n<p><strong>WARNING: This product contains nicotine. Nicotine is an addictive chemical. +18 \/ +21 in the US.<\/strong><\/p>\n<\/div>","protected":false},"excerpt":{"rendered":"<p><strong>ICEBERG Energy Extreme <\/strong>Extra-strong nicotine pouches with 30 mg of nicotine and a long-lasting energy drink flavor. There are 20 slim, tobacco-free pouches in each can. Manufactured by Neoptolem. 100% tobacco-free.<\/p>\n<p><a class=\"button\" href=\"https:\/\/nicotinedeals.com\/fi\/iceberg-energy\/\">Paras hinta | Globaali<\/a><\/p>","protected":false},"featured_media":10260,"comment_status":"open","ping_status":"closed","template":"","meta":[],"pwb-brand":[423],"product_cat":[19],"product_tag":[192,425,419,85,497,54],"brands":[{"id":423,"name":"ICEBERG","slug":"iceberg-nicotine-pouches"}],"_links":{"self":[{"href":"https:\/\/nicotinedeals.com\/fi\/wp-json\/wp\/v2\/product\/10258"}],"collection":[{"href":"https:\/\/nicotinedeals.com\/fi\/wp-json\/wp\/v2\/product"}],"about":[{"href":"https:\/\/nicotinedeals.com\/fi\/wp-json\/wp\/v2\/types\/product"}],"replies":[{"embeddable":true,"href":"https:\/\/nicotinedeals.com\/fi\/wp-json\/wp\/v2\/comments?post=10258"}],"wp:featuredmedia":[{"embeddable":true,"href":"https:\/\/nicotinedeals.com\/fi\/wp-json\/wp\/v2\/media\/10260"}],"wp:attachment":[{"href":"https:\/\/nicotinedeals.com\/fi\/wp-json\/wp\/v2\/media?parent=10258"}],"wp:term":[{"taxonomy":"pwb-brand","embeddable":true,"href":"https:\/\/nicotinedeals.com\/fi\/wp-json\/wp\/v2\/pwb-brand?post=10258"},{"taxonomy":"product_cat","embeddable":true,"href":"https:\/\/nicotinedeals.com\/fi\/wp-json\/wp\/v2\/product_cat?post=10258"},{"taxonomy":"product_tag","embeddable":true,"href":"https:\/\/nicotinedeals.com\/fi\/wp-json\/wp\/v2\/product_tag?post=10258"}],"curies":[{"name":"wp","href":"https:\/\/api.w.org\/{rel}","templated":true}]}}