{"id":10267,"date":"2024-12-14T18:48:49","date_gmt":"2024-12-14T18:48:49","guid":{"rendered":"https:\/\/nicotinedeals.com\/?post_type=product&#038;p=10267"},"modified":"2024-12-24T09:51:41","modified_gmt":"2024-12-24T09:51:41","slug":"iceberg-bubble-gum","status":"publish","type":"product","link":"https:\/\/nicotinedeals.com\/fi\/tuote\/iceberg-bubble-gum\/","title":{"rendered":"ICEBERG Bubble Gum"},"content":{"rendered":"<h1>ICEBERG Bubble Gum<\/h1>\n<div class=\"flex-shrink-0 flex flex-col relative items-end\">\n<div>\n<div class=\"pt-0\">\n<div class=\"gizmo-bot-avatar flex h-8 w-8 items-center justify-center overflow-hidden rounded-full\">\n<div class=\"relative p-1 rounded-sm flex items-center justify-center bg-token-main-surface-primary text-token-text-primary h-8 w-8\">For those with a sweet tooth, Iceberg Extreme Bubble Gum is the perfect choice. With 30 mg of nicotine per pouch and a vibrant bubblegum flavor, this slim pouch delivers a fun and flavorful experience. Each can contains 20 slim pouches, produced in Poland. 100% free from tobacco.<\/div>\n<\/div>\n<\/div>\n<\/div>\n<\/div>\n<h2><strong>Information about ICEBERG Bubble Gum 30 mg nicotine\/pouch:<\/strong><\/h2>\n<ul>\n<li><strong>Br\u00e4ndi:<\/strong> ICEBERG<\/li>\n<li class=\" translation-block\"><strong>Kategoria:<\/strong> Tupakattomat nikotiinipussit<\/li>\n<li><strong>Makuvivahteet:<\/strong> Bubble gum<\/li>\n<li><strong>Nikotiinipitoisuus:<\/strong> 50 mg\/g<\/li>\n<li><strong>Nikotiinivahvuus:<\/strong>\u00a0Eritt\u00e4in Vahva<\/li>\n<li><strong>Valmistaja:<\/strong> Neoptolem<\/li>\n<li class=\" translation-block\"><strong>Pussiformaatti:<\/strong> Slim<\/li>\n<li><strong>Nikotiinia mg\/pussi:\u00a0<\/strong>30 mg<\/li>\n<li><strong>Paino per annos (grammoina):\u00a0<\/strong>0.6 g<\/li>\n<li><strong>Tupakaton:<\/strong> Yes, ICEBERG Grape nicotine pouches are tobacco-free<\/li>\n<li class=\" translation-block\"><strong>Pusseja t\u00f6lkiss\u00e4:<\/strong> 20 pussia<\/li>\n<li><strong>Ainesosat:<\/strong> Filler (E460), water, flavors, nicotine, humectant (E422), acidity regulator (E500), sweetener (E955), thickener (E401)<\/li>\n<li><strong>Nettopaino\/purkki: <\/strong>12 g<\/li>\n<li><strong>Alkuper\u00e4maa: <\/strong>Poland<\/li>\n<li><strong>N\u00e4yt\u00e4 lis\u00e4\u00e4<\/strong> <strong><a href=\"https:\/\/nicotinedeals.com\/fi\/brandi\/iceberg-nikotiinipussit\/\">ICEBERG Nicotine Pouches<\/a><\/strong><\/li>\n<li><strong>Expiration date:\u00a0<\/strong>12 kuukautta<\/li>\n<\/ul>\n<div>\n<p><strong>ICEBERG Bubble Gum Nicotine Pouches Best Price<\/strong><\/p>\n<p><img fetchpriority=\"high\" decoding=\"async\" class=\"alignnone size-full wp-image-10269\" src=\"https:\/\/nicotinedeals.com\/wp-content\/uploads\/2024\/12\/iceberg-bubble-gum-.png\" alt=\"ICEBERG Bubble Gum nicotine pouch can\" width=\"250\" height=\"250\" srcset=\"https:\/\/nicotinedeals.com\/wp-content\/uploads\/2024\/12\/iceberg-bubble-gum-.png 250w, https:\/\/nicotinedeals.com\/wp-content\/uploads\/2024\/12\/iceberg-bubble-gum--150x150.png 150w, https:\/\/nicotinedeals.com\/wp-content\/uploads\/2024\/12\/iceberg-bubble-gum--12x12.png 12w, https:\/\/nicotinedeals.com\/wp-content\/uploads\/2024\/12\/iceberg-bubble-gum--200x200.png 200w, https:\/\/nicotinedeals.com\/wp-content\/uploads\/2024\/12\/iceberg-bubble-gum--50x50.png 50w\" sizes=\"(max-width: 250px) 100vw, 250px\" \/><\/p>\n<p><strong>WARNING: This product contains nicotine. Nicotine is an addictive chemical. +18 \/ +21 in the US.<\/strong><\/p>\n<\/div>","protected":false},"excerpt":{"rendered":"<p><strong>ICEBERG Bubble Gum <\/strong>vibrant bubblegum flavor with 30 mg of nicotine per pouch. 20 slim, tobacco-free pouches in each can. 100% free from tobacco, made in Poland.<\/p>\n<p><a class=\"button\" href=\"https:\/\/nicotinedeals.com\/fi\/iceberg-bubble-gum-\/\">Paras hinta | Globaali<\/a><\/p>","protected":false},"featured_media":10268,"comment_status":"open","ping_status":"closed","template":"","meta":[],"pwb-brand":[423],"product_cat":[19],"product_tag":[192,425,385,386,85,499,54],"brands":[{"id":423,"name":"ICEBERG","slug":"iceberg-nicotine-pouches"}],"_links":{"self":[{"href":"https:\/\/nicotinedeals.com\/fi\/wp-json\/wp\/v2\/product\/10267"}],"collection":[{"href":"https:\/\/nicotinedeals.com\/fi\/wp-json\/wp\/v2\/product"}],"about":[{"href":"https:\/\/nicotinedeals.com\/fi\/wp-json\/wp\/v2\/types\/product"}],"replies":[{"embeddable":true,"href":"https:\/\/nicotinedeals.com\/fi\/wp-json\/wp\/v2\/comments?post=10267"}],"wp:featuredmedia":[{"embeddable":true,"href":"https:\/\/nicotinedeals.com\/fi\/wp-json\/wp\/v2\/media\/10268"}],"wp:attachment":[{"href":"https:\/\/nicotinedeals.com\/fi\/wp-json\/wp\/v2\/media?parent=10267"}],"wp:term":[{"taxonomy":"pwb-brand","embeddable":true,"href":"https:\/\/nicotinedeals.com\/fi\/wp-json\/wp\/v2\/pwb-brand?post=10267"},{"taxonomy":"product_cat","embeddable":true,"href":"https:\/\/nicotinedeals.com\/fi\/wp-json\/wp\/v2\/product_cat?post=10267"},{"taxonomy":"product_tag","embeddable":true,"href":"https:\/\/nicotinedeals.com\/fi\/wp-json\/wp\/v2\/product_tag?post=10267"}],"curies":[{"name":"wp","href":"https:\/\/api.w.org\/{rel}","templated":true}]}}