{"id":10306,"date":"2024-12-15T14:27:04","date_gmt":"2024-12-15T14:27:04","guid":{"rendered":"https:\/\/nicotinedeals.com\/?post_type=product&#038;p=10306"},"modified":"2025-01-20T20:05:21","modified_gmt":"2025-01-20T20:05:21","slug":"iceberg-dragon-fruit-extreme","status":"publish","type":"product","link":"https:\/\/nicotinedeals.com\/fi\/tuote\/iceberg-dragon-fruit-extreme\/","title":{"rendered":"ICEBERG Dragon Fruit Extreme"},"content":{"rendered":"<h1>ICEBERG Dragon Fruit Extreme<\/h1>\n<div class=\"flex-shrink-0 flex flex-col relative items-end\">\n<div>\n<div class=\"pt-0\">\n<div class=\"gizmo-bot-avatar flex h-8 w-8 items-center justify-center overflow-hidden rounded-full\">\n<div class=\"relative p-1 rounded-sm flex items-center justify-center bg-token-main-surface-primary text-token-text-primary h-8 w-8\">combines an intense nicotine kick with the exotic flavor of dragon fruit. With 30 mg of nicotine per pouch and a slim design, it\u2019s an exciting option for nicotine pouch enthusiasts looking for something bold and unique. Each can contains 20 slim pouches, produced in Poland. 100% free from tobacco.<\/div>\n<\/div>\n<\/div>\n<\/div>\n<\/div>\n<h2><strong>Information about ICEBERG Dragon Fruit Extreme 30 mg nicotine\/pouch:<\/strong><\/h2>\n<ul>\n<li><strong>Br\u00e4ndi:<\/strong> ICEBERG<\/li>\n<li class=\" translation-block\"><strong>Kategoria:<\/strong> Tupakattomat nikotiinipussit<\/li>\n<li><strong>Makuvivahteet:<\/strong> Dragon fruit<\/li>\n<li><strong>Nikotiinipitoisuus:<\/strong> 50 mg\/g<\/li>\n<li><strong>Nikotiinivahvuus:<\/strong>\u00a0Eritt\u00e4in Vahva<\/li>\n<li><strong>Valmistaja:<\/strong> Neoptolem<\/li>\n<li class=\" translation-block\"><strong>Pussiformaatti:<\/strong> Slim<\/li>\n<li><strong>Nikotiinia mg\/pussi:\u00a0<\/strong>30 mg<\/li>\n<li><strong>Paino per annos (grammoina):\u00a0<\/strong>0.6 g<\/li>\n<li><strong>Tupakaton:<\/strong> Yes, ICEBERG Dragon Fruit nicotine pouches are tobacco-free<\/li>\n<li class=\" translation-block\"><strong>Pusseja t\u00f6lkiss\u00e4:<\/strong> 20 pussia<\/li>\n<li><strong>Ainesosat:<\/strong> Filler (E460), water, flavors, nicotine, humectant (E422), acidity regulator (E500), sweetener (E955), thickener (E401)<\/li>\n<li><strong>Nettopaino\/purkki: <\/strong>12 g<\/li>\n<li><strong>Alkuper\u00e4maa: <\/strong>Poland<\/li>\n<li><strong>N\u00e4yt\u00e4 lis\u00e4\u00e4<\/strong> <strong><a href=\"https:\/\/nicotinedeals.com\/fi\/brandi\/iceberg-nikotiinipussit\/\">ICEBERG Nicotine Pouches<\/a><\/strong><\/li>\n<li><strong>Expiration date:\u00a0<\/strong>12 kuukautta<\/li>\n<\/ul>\n<div>\n<p><strong>ICEBERG Dragon Fruit Extreme Nicotine Pouches Best Price<\/strong><\/p>\n<p><img fetchpriority=\"high\" decoding=\"async\" class=\"alignnone size-full wp-image-10308\" src=\"https:\/\/nicotinedeals.com\/wp-content\/uploads\/2024\/12\/iceberg-dragon-fruit-extreme-can.png\" alt=\"ICEBERG Dragon Fruit Extreme nicotine pouch can\" width=\"250\" height=\"250\" srcset=\"https:\/\/nicotinedeals.com\/wp-content\/uploads\/2024\/12\/iceberg-dragon-fruit-extreme-can.png 250w, https:\/\/nicotinedeals.com\/wp-content\/uploads\/2024\/12\/iceberg-dragon-fruit-extreme-can-150x150.png 150w, https:\/\/nicotinedeals.com\/wp-content\/uploads\/2024\/12\/iceberg-dragon-fruit-extreme-can-12x12.png 12w, https:\/\/nicotinedeals.com\/wp-content\/uploads\/2024\/12\/iceberg-dragon-fruit-extreme-can-200x200.png 200w, https:\/\/nicotinedeals.com\/wp-content\/uploads\/2024\/12\/iceberg-dragon-fruit-extreme-can-50x50.png 50w\" sizes=\"(max-width: 250px) 100vw, 250px\" \/><\/p>\n<p><strong>WARNING: This product contains nicotine. Nicotine is an addictive chemical. +18 \/ +21 in the US.<\/strong><\/p>\n<\/div>","protected":false},"excerpt":{"rendered":"<p><strong>ICEBERG Dragon Fruit Extreme <\/strong>exotic flavor of dragon fruit with 30 mg of nicotine per pouch. 20 slim extra strong, tobacco-free pouches in each can. 100% free from tobacco, made in Poland.<\/p>\n<p><a class=\"button\" href=\"https:\/\/nicotinedeals.com\/fi\/iceberg-dragon-fruit\/\">Paras hinta | Globaali<\/a><\/p>","protected":false},"featured_media":10307,"comment_status":"open","ping_status":"closed","template":"","meta":[],"pwb-brand":[423],"product_cat":[19],"product_tag":[192,425,501,85,81,500,54],"brands":[{"id":423,"name":"ICEBERG","slug":"iceberg-nicotine-pouches"}],"_links":{"self":[{"href":"https:\/\/nicotinedeals.com\/fi\/wp-json\/wp\/v2\/product\/10306"}],"collection":[{"href":"https:\/\/nicotinedeals.com\/fi\/wp-json\/wp\/v2\/product"}],"about":[{"href":"https:\/\/nicotinedeals.com\/fi\/wp-json\/wp\/v2\/types\/product"}],"replies":[{"embeddable":true,"href":"https:\/\/nicotinedeals.com\/fi\/wp-json\/wp\/v2\/comments?post=10306"}],"wp:featuredmedia":[{"embeddable":true,"href":"https:\/\/nicotinedeals.com\/fi\/wp-json\/wp\/v2\/media\/10307"}],"wp:attachment":[{"href":"https:\/\/nicotinedeals.com\/fi\/wp-json\/wp\/v2\/media?parent=10306"}],"wp:term":[{"taxonomy":"pwb-brand","embeddable":true,"href":"https:\/\/nicotinedeals.com\/fi\/wp-json\/wp\/v2\/pwb-brand?post=10306"},{"taxonomy":"product_cat","embeddable":true,"href":"https:\/\/nicotinedeals.com\/fi\/wp-json\/wp\/v2\/product_cat?post=10306"},{"taxonomy":"product_tag","embeddable":true,"href":"https:\/\/nicotinedeals.com\/fi\/wp-json\/wp\/v2\/product_tag?post=10306"}],"curies":[{"name":"wp","href":"https:\/\/api.w.org\/{rel}","templated":true}]}}