{"id":10507,"date":"2025-01-05T08:26:12","date_gmt":"2025-01-05T08:26:12","guid":{"rendered":"https:\/\/nicotinedeals.com\/?post_type=product&#038;p=10507"},"modified":"2025-01-08T19:33:24","modified_gmt":"2025-01-08T19:33:24","slug":"loop-hot-peach-strong","status":"publish","type":"product","link":"https:\/\/nicotinedeals.com\/fi\/tuote\/loop-hot-peach-strong\/","title":{"rendered":"Loop Hot Peach Strong"},"content":{"rendered":"<h1>Loop Hot Peach Strong<\/h1>\n<p>features a peach and chili flavor in a slim format. Each slim tobacco-free pouch comes with 9,4 mg of nicotine. The strength is considered &#8220;Strong&#8221; with 3 out of 5 dots. Each can contains 22 pouches. Loop Hot Peach is made in Sweden by Another Snus Factory.<\/p>\n<h2><strong>Information about Loop Hot Peach Strong 9,4 mg\/pouch:<\/strong><\/h2>\n<ul>\n<li><strong>Br\u00e4ndi:\u00a0<\/strong>Loop<\/li>\n<li class=\" translation-block\"><strong>Kategoria:<\/strong> Tupakattomat nikotiinipussit<\/li>\n<li><strong>Makuvivahteet:<\/strong> Persikka<\/li>\n<li><strong>Nikotiinipitoisuus:<\/strong> 15 mg\/g<\/li>\n<li><strong>Nikotiinivahvuus:<\/strong> \u25c9\u25c9\u25c9\u25ce\u25ce Strong (strength 3 out of 5)<\/li>\n<li><strong>Nicotine per can:<\/strong> 275 mg<\/li>\n<li><strong>Valmistaja:<\/strong>\u00a0Another Snus Factory<\/li>\n<li class=\" translation-block\"><strong>Pussiformaatti:<\/strong> Slim<\/li>\n<li><strong>Nikotiinia mg\/pussi:<\/strong> 9,4 mg<\/li>\n<li><strong>Tupakaton:<\/strong> Yes, all Loop Hot Peach pouches are tobacco-free<\/li>\n<li><strong>Pussien M\u00e4\u00e4r\u00e4 Per Purkki:<\/strong>\u00a022 pouches<\/li>\n<li><strong>Ainesosat: <\/strong>Water, Fiber, Sweetener (E968), Flavors, Nicotine Resin, Acidity Regulator (E500), Anti-Caking Agent (E551), Table Salt, Stabilizer (E450), Humectant (E401), Sweetener (E950), Acidity Regulator (E339), Stabilizer (E516), Preservative (E202), Sweetener (E955).<\/li>\n<li><strong>Paino per annos (grammoina):\u00a0<\/strong>0.63 g<\/li>\n<li><strong>Nettopaino\/purkki:<\/strong>\u00a013,75 g<\/li>\n<li><strong>Alkuper\u00e4maa:<\/strong>\u00a0Ruotsi<\/li>\n<li><strong>Can:\u00a0<\/strong>100% bioplastic PlantCan\u2122<\/li>\n<li><strong>Julkaisup\u00e4iv\u00e4m\u00e4\u00e4r\u00e4:<\/strong> May 2024<\/li>\n<li><strong>N\u00e4yt\u00e4 lis\u00e4\u00e4<\/strong>\u00a0<a href=\"https:\/\/nicotinedeals.com\/fi\/brandi\/loop\/\"><strong>Loop Nicotine Pouches<\/strong><\/a><\/li>\n<\/ul>\n<p><img fetchpriority=\"high\" decoding=\"async\" class=\"alignnone size-full wp-image-10509\" src=\"https:\/\/nicotinedeals.com\/wp-content\/uploads\/2025\/01\/loop-hot-peach-strong-.png\" alt=\"LOOP Hot Peach can\" width=\"250\" height=\"250\" srcset=\"https:\/\/nicotinedeals.com\/wp-content\/uploads\/2025\/01\/loop-hot-peach-strong-.png 250w, https:\/\/nicotinedeals.com\/wp-content\/uploads\/2025\/01\/loop-hot-peach-strong--150x150.png 150w, https:\/\/nicotinedeals.com\/wp-content\/uploads\/2025\/01\/loop-hot-peach-strong--12x12.png 12w, https:\/\/nicotinedeals.com\/wp-content\/uploads\/2025\/01\/loop-hot-peach-strong--200x200.png 200w, https:\/\/nicotinedeals.com\/wp-content\/uploads\/2025\/01\/loop-hot-peach-strong--50x50.png 50w\" sizes=\"(max-width: 250px) 100vw, 250px\" \/><\/p>\n<p><strong>Loop Hot Peach Strong Best Price Online<\/strong><\/p>\n<p><strong>VAROITUS: T\u00e4m\u00e4 tuote sis\u00e4lt\u00e4\u00e4 nikotiinia. Nikotiini on riippuvuutta aiheuttava aine. +18 \/ +21 Yhdysvalloissa.<\/strong><\/p>","protected":false},"excerpt":{"rendered":"<p><strong>Loop Hot Peach Strong <\/strong>peach with chili flavor. Strong with 9.4 mg of nicotine per slim pouch. 22 pouches in each can. 100% tobacco-free, made in Sweden.<\/p>\n<p><a class=\"button\" href=\"https:\/\/nicotinedeals.com\/fi\/loop-hot-peach\/\">Paras hinta | Globaali<\/a><\/p>","protected":false},"featured_media":10508,"comment_status":"open","ping_status":"closed","template":"","meta":[],"pwb-brand":[86],"product_cat":[19],"product_tag":[178,177,98,81,507,80,54,41],"brands":[{"id":86,"name":"Loop","slug":"loop"}],"_links":{"self":[{"href":"https:\/\/nicotinedeals.com\/fi\/wp-json\/wp\/v2\/product\/10507"}],"collection":[{"href":"https:\/\/nicotinedeals.com\/fi\/wp-json\/wp\/v2\/product"}],"about":[{"href":"https:\/\/nicotinedeals.com\/fi\/wp-json\/wp\/v2\/types\/product"}],"replies":[{"embeddable":true,"href":"https:\/\/nicotinedeals.com\/fi\/wp-json\/wp\/v2\/comments?post=10507"}],"wp:featuredmedia":[{"embeddable":true,"href":"https:\/\/nicotinedeals.com\/fi\/wp-json\/wp\/v2\/media\/10508"}],"wp:attachment":[{"href":"https:\/\/nicotinedeals.com\/fi\/wp-json\/wp\/v2\/media?parent=10507"}],"wp:term":[{"taxonomy":"pwb-brand","embeddable":true,"href":"https:\/\/nicotinedeals.com\/fi\/wp-json\/wp\/v2\/pwb-brand?post=10507"},{"taxonomy":"product_cat","embeddable":true,"href":"https:\/\/nicotinedeals.com\/fi\/wp-json\/wp\/v2\/product_cat?post=10507"},{"taxonomy":"product_tag","embeddable":true,"href":"https:\/\/nicotinedeals.com\/fi\/wp-json\/wp\/v2\/product_tag?post=10507"}],"curies":[{"name":"wp","href":"https:\/\/api.w.org\/{rel}","templated":true}]}}