{"id":10512,"date":"2025-01-05T08:58:09","date_gmt":"2025-01-05T08:58:09","guid":{"rendered":"https:\/\/nicotinedeals.com\/?post_type=product&#038;p=10512"},"modified":"2025-03-15T07:59:27","modified_gmt":"2025-03-15T07:59:27","slug":"loop-jalapeno-lime-extra-strong","status":"publish","type":"product","link":"https:\/\/nicotinedeals.com\/fi\/tuote\/loop-jalapeno-lime-extra-strong\/","title":{"rendered":"Loop Jalapeno Lime Extra Strong"},"content":{"rendered":"<h1>Loop Jalapeno Lime Extra Strong<\/h1>\n<div class=\"flex-shrink-0 flex flex-col relative items-end\">\n<div class=\"pt-0\">\n<div class=\"gizmo-bot-avatar flex h-8 w-8 items-center justify-center overflow-hidden rounded-full\">\n<div class=\"relative p-1 rounded-sm flex items-center justify-center bg-token-main-surface-primary text-token-text-primary h-8 w-8\">Loop Jalape\u00f1o Lime Extra Strong delivers the bold flavors of Jalape\u00f1o and Lime in a slim format, with an impressive 12.4 mg of nicotine per pouch. Each can contains 22 pouches. Classified as &#8220;Extra Strong,&#8221; this product earns 4 out of 5 strength dots. Loop Jalape\u00f1o Lime is 100% tobacco-free and proudly made in Sweden.<\/div>\n<\/div>\n<\/div>\n<\/div>\n<h2><strong>Information about Loop Jalapeno Lime Extra Strong 12,5 mg\/pouch:<\/strong><\/h2>\n<ul>\n<li><strong>Br\u00e4ndi:\u00a0<\/strong>Loop<\/li>\n<li class=\" translation-block\"><strong>Kategoria:<\/strong> Tupakattomat nikotiinipussit<\/li>\n<li><strong>Makuvivahteet:<\/strong> Lime, Jalape\u00f1o<\/li>\n<li><strong>Nikotiinipitoisuus:<\/strong> 20 mg\/g<\/li>\n<li><strong>Nikotiinivahvuus:<\/strong> \u25c9\u25c9\u25c9\u25c9\u25ce Extra Strong (strength 4 out of 5)<\/li>\n<li><strong>Nicotine per can:<\/strong> 275 mg<\/li>\n<li><strong>Valmistaja:<\/strong>\u00a0Another Snus Factory<\/li>\n<li class=\" translation-block\"><strong>Pussiformaatti:<\/strong> Slim<\/li>\n<li><strong>Nikotiinia mg\/pussi:<\/strong> 12,5 mg<\/li>\n<li><strong>Tupakaton:<\/strong> Yes, all Loop Jalapeno Lime are tobacco-free<\/li>\n<li><strong>Pussien M\u00e4\u00e4r\u00e4 Per Purkki:<\/strong>\u00a022 pouches<\/li>\n<li><strong>Ainesosat: <\/strong>Fiber, water, nicotine, flavors, sweeteners (E968, E950), acidity regulators (E500, E330), humectant (E401), anti-caking agent (E551), sodium chloride, preservative (E202).<\/li>\n<li><strong>Paino per annos (grammoina):\u00a0<\/strong>0.63 g<\/li>\n<li><strong>Nettopaino\/purkki:<\/strong>\u00a013,75 g<\/li>\n<li><strong>Alkuper\u00e4maa:<\/strong>\u00a0Ruotsi<\/li>\n<li><strong>Can:\u00a0<\/strong>100% bioplastic PlantCan\u2122<\/li>\n<li><strong>Julkaisup\u00e4iv\u00e4m\u00e4\u00e4r\u00e4:<\/strong> May 2021<\/li>\n<li><strong>Limited edition design: Dia de Los Muertos<\/strong><\/li>\n<li><strong>N\u00e4yt\u00e4 lis\u00e4\u00e4<\/strong>\u00a0<a href=\"https:\/\/nicotinedeals.com\/fi\/brandi\/loop\/\"><strong>Loop Nicotine Pouches<\/strong><\/a><\/li>\n<\/ul>\n<p><img fetchpriority=\"high\" decoding=\"async\" class=\"alignnone size-full wp-image-10514\" src=\"https:\/\/nicotinedeals.com\/wp-content\/uploads\/2025\/01\/loop-jalapeno-lime-extra-strong-can.png\" alt=\"Loop Jalapeno Lime Extra Strong can\" width=\"250\" height=\"250\" srcset=\"https:\/\/nicotinedeals.com\/wp-content\/uploads\/2025\/01\/loop-jalapeno-lime-extra-strong-can.png 250w, https:\/\/nicotinedeals.com\/wp-content\/uploads\/2025\/01\/loop-jalapeno-lime-extra-strong-can-150x150.png 150w, https:\/\/nicotinedeals.com\/wp-content\/uploads\/2025\/01\/loop-jalapeno-lime-extra-strong-can-12x12.png 12w, https:\/\/nicotinedeals.com\/wp-content\/uploads\/2025\/01\/loop-jalapeno-lime-extra-strong-can-200x200.png 200w, https:\/\/nicotinedeals.com\/wp-content\/uploads\/2025\/01\/loop-jalapeno-lime-extra-strong-can-50x50.png 50w\" sizes=\"(max-width: 250px) 100vw, 250px\" \/><\/p>\n<p><strong>Loop Jalapeno Lime Extra Strong Best Price Online<\/strong><\/p>\n<p><strong>VAROITUS: T\u00e4m\u00e4 tuote sis\u00e4lt\u00e4\u00e4 nikotiinia. Nikotiini on riippuvuutta aiheuttava aine. +18 \/ +21 Yhdysvalloissa.<\/strong><\/p>","protected":false},"excerpt":{"rendered":"<p><strong>Loop Jalapeno Lime Extra Strong <\/strong>has a spicy taste of green chili and fresh lime. Extra strong with 12.5 mg of nicotine per slim pouch. 22 pouches in each can. 100% tobacco-free, made in Sweden.<\/p>\n<p><a class=\"button\" href=\"https:\/\/nicotinedeals.com\/fi\/loop-jalapeno-lime-best-price\/\">Paras hinta | Globaali<\/a><\/p>","protected":false},"featured_media":10513,"comment_status":"open","ping_status":"closed","template":"","meta":[],"pwb-brand":[86],"product_cat":[19],"product_tag":[481,178,85,88,89,508,54],"brands":[{"id":86,"name":"Loop","slug":"loop"}],"_links":{"self":[{"href":"https:\/\/nicotinedeals.com\/fi\/wp-json\/wp\/v2\/product\/10512"}],"collection":[{"href":"https:\/\/nicotinedeals.com\/fi\/wp-json\/wp\/v2\/product"}],"about":[{"href":"https:\/\/nicotinedeals.com\/fi\/wp-json\/wp\/v2\/types\/product"}],"replies":[{"embeddable":true,"href":"https:\/\/nicotinedeals.com\/fi\/wp-json\/wp\/v2\/comments?post=10512"}],"wp:featuredmedia":[{"embeddable":true,"href":"https:\/\/nicotinedeals.com\/fi\/wp-json\/wp\/v2\/media\/10513"}],"wp:attachment":[{"href":"https:\/\/nicotinedeals.com\/fi\/wp-json\/wp\/v2\/media?parent=10512"}],"wp:term":[{"taxonomy":"pwb-brand","embeddable":true,"href":"https:\/\/nicotinedeals.com\/fi\/wp-json\/wp\/v2\/pwb-brand?post=10512"},{"taxonomy":"product_cat","embeddable":true,"href":"https:\/\/nicotinedeals.com\/fi\/wp-json\/wp\/v2\/product_cat?post=10512"},{"taxonomy":"product_tag","embeddable":true,"href":"https:\/\/nicotinedeals.com\/fi\/wp-json\/wp\/v2\/product_tag?post=10512"}],"curies":[{"name":"wp","href":"https:\/\/api.w.org\/{rel}","templated":true}]}}