{"id":10792,"date":"2025-01-16T12:51:10","date_gmt":"2025-01-16T12:51:10","guid":{"rendered":"https:\/\/nicotinedeals.com\/?post_type=product&#038;p=10792"},"modified":"2025-01-29T03:33:17","modified_gmt":"2025-01-29T03:33:17","slug":"greatest-cold-dry-xl","status":"publish","type":"product","link":"https:\/\/nicotinedeals.com\/fi\/tuote\/greatest-cold-dry-xl\/","title":{"rendered":"GREATEST Cold Dry XL"},"content":{"rendered":"<h1>GREATEST Cold Dry XL<\/h1>\n<p class=\" translation-block\">on eritt\u00e4in vahva ja <strong>eritt\u00e4in suuri nikotiinipussi<\/strong>, t\u00e4ydellinen k\u00e4ytt\u00e4jille, jotka etsiv\u00e4t ainutlaatuisen voimakasta kokemusta. Jokainen premium XL-pussi sis\u00e4lt\u00e4\u00e4 <strong>13,3 mg nikotiinia<\/strong>, ansaiten 5\/5 vahvuuspistett\u00e4 ja sijoittuen \u201cExtra Strong\u201d -kategoriaan. Raikas mintun maku tarjoaa viile\u00e4n ja virkist\u00e4v\u00e4n tunteen, joka nostaa k\u00e4ytt\u00f6kokemuksen uudelle tasolle.<\/p>\n<p class=\" translation-block\"><strong>Jokaisessa rasiassa on 20 XL-pussia<\/strong>, jotka ovat 100 % tupakattomia ja ylpe\u00e4sti valmistettu Suomessa Premius Pouch Finlandin toimesta.<\/p>\n<p>GREATEST Cold Dry XL kuuluu Puff &amp; Pouch -tuotevalikoimaan, joka tunnetaan korkealaatuisista, tupakattomista nikotiinipusseista, jotka tarjoavat tinkim\u00e4t\u00f6nt\u00e4 makua ja vahvuutta.<\/p>\n<div id=\"docs-editor-container\" dir=\"ltr\">\n<div id=\"docs-editor\" class=\"\">\n<h2 role=\"navigation\" aria-label=\"F\u00e4lt p\u00e5 fliken Arbetsblad\"><strong>Tietoa GREATEST Cold Dry XL 13,3 mg per pussi:<\/strong><\/h2>\n<\/div>\n<\/div>\n<ul>\n<li><strong>Br\u00e4ndi:\u00a0<\/strong>GREATEST<\/li>\n<li class=\" translation-block\"><strong>Kategoria:<\/strong> Tupakattomat nikotiinipussit<\/li>\n<li><strong>Makuvivahteet:<\/strong>\u00a0Minttu<\/li>\n<li><strong>Nikotiinipitoisuus:<\/strong> 16 mg\/g<\/li>\n<li><strong>Nikotiinipitoisuus\/purkki:<\/strong> 240 mg<\/li>\n<li><strong>Nikotiinivahvuus:<\/strong> \u25c9\u25c9\u25c9\u25c9\u25c9 Eritt\u00e4in vahva (vahvuus 5\/5)<\/li>\n<li><strong>Valmistaja:<\/strong>\u00a0Puff &amp; Pouch \/ Premius Pouch Finland<\/li>\n<li><strong>Pussin muoto: <\/strong>XL (Eritt\u00e4in Suuri)<\/li>\n<li><strong>Nikotiinia mg\/pussi:<\/strong> 13,32 mg<\/li>\n<li><strong>Tupakaton:<\/strong>\u00a0Kyll\u00e4, kaikki GREATEST-nikotiinipussit ovat tupakattomia.<\/li>\n<li class=\" translation-block\"><strong>Pusseja t\u00f6lkiss\u00e4:<\/strong> 20 pussia<\/li>\n<li><strong>Ainesosat:<\/strong>\u00a0Selluloosa (E460), Vesi, Glyseroli (E422), Luontaiset aromit, Kosteudens\u00e4ilytt\u00e4j\u00e4 (E1520), Nikotiini (1,6 %), Suola, Makeutusaine (E955), Sitraattihappo (E330), Mentoli<\/li>\n<li><strong>Paino per annos (grammoina):\u00a0<\/strong>0.8 g<\/li>\n<li><strong>Alkuper\u00e4maa:<\/strong> Suomi<\/li>\n<li class=\" translation-block\"><strong>Parasta ennen:<\/strong> 12 kuukautta<\/li>\n<li><strong>N\u00e4yt\u00e4 lis\u00e4\u00e4<\/strong>\u00a0<a href=\"https:\/\/nicotinedeals.com\/fi\/brandi\/greatest\/\"><strong>GREATEST Nicotine Pouches<\/strong><\/a><\/li>\n<\/ul>\n<p><img decoding=\"async\" class=\"alignnone size-full wp-image-10794\" src=\"https:\/\/nicotinedeals.com\/wp-content\/uploads\/2025\/01\/greatest-cold-dry-xl-can.png\" alt=\"GREATEST Cold Dry XL nicotine pouch can\" width=\"200\" height=\"200\" srcset=\"https:\/\/nicotinedeals.com\/wp-content\/uploads\/2025\/01\/greatest-cold-dry-xl-can.png 200w, https:\/\/nicotinedeals.com\/wp-content\/uploads\/2025\/01\/greatest-cold-dry-xl-can-150x150.png 150w, https:\/\/nicotinedeals.com\/wp-content\/uploads\/2025\/01\/greatest-cold-dry-xl-can-12x12.png 12w, https:\/\/nicotinedeals.com\/wp-content\/uploads\/2025\/01\/greatest-cold-dry-xl-can-50x50.png 50w\" sizes=\"(max-width: 200px) 100vw, 200px\" \/><\/p>\n<p><strong>GREATEST Cold Dry XL on saatavilla my\u00f6s pienempin\u00e4 pusseina n\u00e4iss\u00e4 vahvuuksissa:<\/strong><\/p>\n<p><span style=\"text-decoration: underline;\"><a href=\"https:\/\/nicotinedeals.com\/fi\/tuote\/greatest-cold-dry-8-mg\/\">GREATEST Cold Dry 8 mg<\/a><\/span> \u25c9\u25c9\u25c9\u25ce\u25ce 6 mg nicotine per pouch (strength 3 out of 5)<\/p>\n<p><span style=\"text-decoration: underline;\"><a href=\"https:\/\/nicotinedeals.com\/fi\/tuote\/greatest-cold-dry-16-mg\/\">GREATEST Cold Dry 16 mg<\/a><\/span> \u25c9\u25c9\u25c9\u25c9\u25c9 12 mg nicotine per pouch (strength 5 out of 5)<\/p>\n<p><strong>WARNING: This product contains nicotine. Nicotine is an addictive chemical. 18+ \/ +21 in the US.<\/strong><\/p>","protected":false},"excerpt":{"rendered":"<p class=\" translation-block\"><strong>GREATEST Cold Dry XL<\/strong> on eritt\u00e4in vahva ja eritt\u00e4in suuri nikotiinipussi, joka sis\u00e4lt\u00e4\u00e4 13,3 mg nikotiinia per pussi. Jokaisessa rasiassa on 20 XL-pussia, jotka tarjoavat raikkaan ja viile\u00e4n mintun tunteen. 100 % tupakaton, valmistettu Suomessa.<\/p>","protected":false},"featured_media":10793,"comment_status":"open","ping_status":"closed","template":"","meta":[],"pwb-brand":[275],"product_cat":[19],"product_tag":[514,192,85,516,50,161,515],"brands":[{"id":275,"name":"GREATEST","slug":"greatest"}],"_links":{"self":[{"href":"https:\/\/nicotinedeals.com\/fi\/wp-json\/wp\/v2\/product\/10792"}],"collection":[{"href":"https:\/\/nicotinedeals.com\/fi\/wp-json\/wp\/v2\/product"}],"about":[{"href":"https:\/\/nicotinedeals.com\/fi\/wp-json\/wp\/v2\/types\/product"}],"replies":[{"embeddable":true,"href":"https:\/\/nicotinedeals.com\/fi\/wp-json\/wp\/v2\/comments?post=10792"}],"wp:featuredmedia":[{"embeddable":true,"href":"https:\/\/nicotinedeals.com\/fi\/wp-json\/wp\/v2\/media\/10793"}],"wp:attachment":[{"href":"https:\/\/nicotinedeals.com\/fi\/wp-json\/wp\/v2\/media?parent=10792"}],"wp:term":[{"taxonomy":"pwb-brand","embeddable":true,"href":"https:\/\/nicotinedeals.com\/fi\/wp-json\/wp\/v2\/pwb-brand?post=10792"},{"taxonomy":"product_cat","embeddable":true,"href":"https:\/\/nicotinedeals.com\/fi\/wp-json\/wp\/v2\/product_cat?post=10792"},{"taxonomy":"product_tag","embeddable":true,"href":"https:\/\/nicotinedeals.com\/fi\/wp-json\/wp\/v2\/product_tag?post=10792"}],"curies":[{"name":"wp","href":"https:\/\/api.w.org\/{rel}","templated":true}]}}