{"id":10840,"date":"2025-01-18T20:32:21","date_gmt":"2025-01-18T20:32:21","guid":{"rendered":"https:\/\/nicotinedeals.com\/?post_type=product&#038;p=10840"},"modified":"2025-01-23T05:08:34","modified_gmt":"2025-01-23T05:08:34","slug":"kelly-white-raspberry-lemon-mini","status":"publish","type":"product","link":"https:\/\/nicotinedeals.com\/fi\/tuote\/kelly-white-raspberry-lemon-mini\/","title":{"rendered":"KELLY WHITE Raspberry Lemon Mini"},"content":{"rendered":"<h1><strong>KELLY WHITE Raspberry Lemon Mini<\/strong><\/h1>\n<p>offers a flavor reminiscent of raspberry sorbet. It begins with a refreshing coolness, followed by the sweetness of ripe raspberries and a subtle hint of lemon. Each mini pouch contains 5.5 mg of nicotine, placing it in the &#8220;normal&#8221; strength category (2 dots out of 4 \u25c9\u25c9\u25ce\u25ce). KELLY WHITE Raspberry Lemon nicotine pouches are slightly moist, which, combined with a touch of sweetness, enhances the flavor and ensures it lasts longer. Each can contains 20 mini pouches. KELLY WHITE Raspberry Lemon Mini is tobacco-free and proudly made in Sweden.<\/p>\n<h2><strong>Information about KELLY WHITE Raspberry Lemon Mini 5,5 mg\/pouch:<\/strong><\/h2>\n<ul>\n<li><strong>Br\u00e4ndi:<\/strong> KELLY WHITE<\/li>\n<li class=\" translation-block\"><strong>Kategoria:<\/strong> Tupakattomat nikotiinipussit<\/li>\n<li><strong>Makuvivahteet:<\/strong> Raspberry, Lemon<\/li>\n<li><strong>Nikotiinivahvuus:<\/strong> Normal \u25c9\u25c9\u25ce\u25ce (strength 2 out of 4)<\/li>\n<li><strong>Valmistaja:<\/strong> White Industries AB<\/li>\n<li><strong>Pussin Muoto:<\/strong> Mini<\/li>\n<li><strong>Nikotiinia mg\/pussi:<\/strong> 5,5 mg<\/li>\n<li><strong>Nikotiinipitoisuus:<\/strong> 13,8 mg\/g<\/li>\n<li><strong>Tupakaton:<\/strong> Yes, KELLY WHITE Raspberry Lemon nicotine pouches are tobacco-free<\/li>\n<li><strong>Pussien M\u00e4\u00e4r\u00e4 Per Purkki:<\/strong> 20 pouches<\/li>\n<li><strong>Ainesosat: <\/strong>Filler (E460), Water, Propylene Glycol (E1520), Salt (NaCl), Aroma, Xylitol (E967), Citric Acid (E330), Sodium Carbonate (E500), Nicotine, Sucralose (E955), Ace-K (E950)<\/li>\n<li class=\" translation-block\"><strong>Paino per annos (grammaa):<\/strong> 0,40 g<\/li>\n<li><strong>pH:\u00a0<\/strong>8.2<\/li>\n<li><strong>Nettopaino\/purkki:<\/strong> 8 g<\/li>\n<li><strong>Maa:<\/strong> Ruotsi<\/li>\n<li><strong>Julkaisup\u00e4iv\u00e4m\u00e4\u00e4r\u00e4:<\/strong> June 2023<\/li>\n<li><strong>N\u00e4yt\u00e4 lis\u00e4\u00e4\u00a0<a href=\"https:\/\/nicotinedeals.com\/fi\/brandi\/kelly-white\/\">KELLY WHITE Nicotine Pouches<\/a><\/strong><\/li>\n<\/ul>\n<p><img fetchpriority=\"high\" decoding=\"async\" class=\"alignnone size-full wp-image-10843\" src=\"https:\/\/nicotinedeals.com\/wp-content\/uploads\/2025\/01\/kelly-white-raspberry-lemon-mini-can.png\" alt=\"KELLY WHITE Raspberry Lemon Mini\" width=\"250\" height=\"250\" srcset=\"https:\/\/nicotinedeals.com\/wp-content\/uploads\/2025\/01\/kelly-white-raspberry-lemon-mini-can.png 250w, https:\/\/nicotinedeals.com\/wp-content\/uploads\/2025\/01\/kelly-white-raspberry-lemon-mini-can-150x150.png 150w, https:\/\/nicotinedeals.com\/wp-content\/uploads\/2025\/01\/kelly-white-raspberry-lemon-mini-can-12x12.png 12w, https:\/\/nicotinedeals.com\/wp-content\/uploads\/2025\/01\/kelly-white-raspberry-lemon-mini-can-200x200.png 200w, https:\/\/nicotinedeals.com\/wp-content\/uploads\/2025\/01\/kelly-white-raspberry-lemon-mini-can-50x50.png 50w\" sizes=\"(max-width: 250px) 100vw, 250px\" \/><\/p>\n<div><strong>KELLY WHITE Raspberry Lemon Best Price Online<\/strong><\/div>\n<p><strong>Explore more <span style=\"text-decoration: underline;\"><a href=\"https:\/\/nicotinedeals.com\/fi\/marjanmakuiset-nikotiinipussit\/\">Marjanmakuiset Nikotiinipussit<\/a><\/span><\/strong><\/p>\n<div><strong>WARNING: This product contains nicotine. Nicotine is an addictive chemical. + 18 \/ +21 in the US<\/strong><\/div>","protected":false},"excerpt":{"rendered":"<p class=\"sub-heading-lg-text mb-8\"><strong>KELLY WHITE Raspberry Lemon Mini\u00a0<\/strong>has a raspberry sorbet flavor! Each mini pouch contains 5,5 mg of nicotine (strength category is &#8220;Normal&#8221;) and 20 tobacco-free pouches in each can. KELLY WHITE Raspberry Lemon Mini is made in Sweden by White Industries AB.<\/p>\n<p><a class=\"button\" href=\"https:\/\/nicotinedeals.com\/fi\/kelly-white-raspberry-lemon\/\">Paras hinta | Globaali<\/a><\/p>","protected":false},"featured_media":10842,"comment_status":"open","ping_status":"closed","template":"","meta":[],"pwb-brand":[521],"product_cat":[19],"product_tag":[192,402,117,522,110,22,44,180],"brands":[{"id":521,"name":"KELLY WHITE","slug":"kelly-white"}],"_links":{"self":[{"href":"https:\/\/nicotinedeals.com\/fi\/wp-json\/wp\/v2\/product\/10840"}],"collection":[{"href":"https:\/\/nicotinedeals.com\/fi\/wp-json\/wp\/v2\/product"}],"about":[{"href":"https:\/\/nicotinedeals.com\/fi\/wp-json\/wp\/v2\/types\/product"}],"replies":[{"embeddable":true,"href":"https:\/\/nicotinedeals.com\/fi\/wp-json\/wp\/v2\/comments?post=10840"}],"wp:featuredmedia":[{"embeddable":true,"href":"https:\/\/nicotinedeals.com\/fi\/wp-json\/wp\/v2\/media\/10842"}],"wp:attachment":[{"href":"https:\/\/nicotinedeals.com\/fi\/wp-json\/wp\/v2\/media?parent=10840"}],"wp:term":[{"taxonomy":"pwb-brand","embeddable":true,"href":"https:\/\/nicotinedeals.com\/fi\/wp-json\/wp\/v2\/pwb-brand?post=10840"},{"taxonomy":"product_cat","embeddable":true,"href":"https:\/\/nicotinedeals.com\/fi\/wp-json\/wp\/v2\/product_cat?post=10840"},{"taxonomy":"product_tag","embeddable":true,"href":"https:\/\/nicotinedeals.com\/fi\/wp-json\/wp\/v2\/product_tag?post=10840"}],"curies":[{"name":"wp","href":"https:\/\/api.w.org\/{rel}","templated":true}]}}