{"id":11038,"date":"2025-01-22T04:45:58","date_gmt":"2025-01-22T04:45:58","guid":{"rendered":"https:\/\/nicotinedeals.com\/?post_type=product&#038;p=11038"},"modified":"2025-01-29T03:33:17","modified_gmt":"2025-01-29T03:33:17","slug":"kelly-white-sweet-peach-strong-mini","status":"publish","type":"product","link":"https:\/\/nicotinedeals.com\/fi\/tuote\/kelly-white-sweet-peach-strong-mini\/","title":{"rendered":"KELLY WHITE Sweet Peach Strong Mini"},"content":{"rendered":"<h1>KELLY WHITE Sweet Peach Strong Mini<\/h1>\n<p>Enjoy a fruity and sweet peach flavor with slightly moist, non-dripping mini pouches. Each mini pouch contains 6 mg of nicotine, placing it in the &#8220;Strong&#8221; strength category, represented by 3 dots out of 4 \u25c9\u25c9\u25c9\u25ce. Each can contains 20 mini, tobacco-free pouches. KELLY WHITE Sweet Peach Strong Mini is proudly manufactured in Sweden by White Industries AB.<\/p>\n<h2><strong>Information about KELLY WHITE Sweet Peach Strong Mini 7.5 mg\/pouch:<\/strong><\/h2>\n<ul>\n<li><strong>Br\u00e4ndi:<\/strong> KELLY WHITE<\/li>\n<li class=\" translation-block\"><strong>Kategoria:<\/strong> Tupakattomat nikotiinipussit<\/li>\n<li><strong>Makuvivahteet:<\/strong> Peach, Fruity<\/li>\n<li><strong>Nikotiinivahvuus:<\/strong> Strong \u25c9\u25c9\u25c9\u25ce (strength 3 out of 4)<\/li>\n<li><strong>Valmistaja:<\/strong> White Industries AB<\/li>\n<li><strong>Pussin Muoto:<\/strong> Mini<\/li>\n<li><strong>Nikotiinia mg\/pussi:<\/strong> 6 mg<\/li>\n<li><strong>Nikotiinipitoisuus:<\/strong> 15 mg\/g<\/li>\n<li><strong>Tupakaton:<\/strong> Yes, KELLY WHITE Sweet Peach Strong Mini nicotine pouches are tobacco-free<\/li>\n<li><strong>Pussien M\u00e4\u00e4r\u00e4 Per Purkki:<\/strong> 20 pouches<\/li>\n<li><strong>Ainesosat: <\/strong>Filler (E460), water, salt (NaCl), sodium carbonate (E500), nicotine, flavors, propylene glycol (E1520), xylitol (E967), acesulfame K (E950).<\/li>\n<li class=\" translation-block\"><strong>Paino per annos (grammaa):<\/strong> 0,40 g<\/li>\n<li><strong>Nettopaino\/purkki:<\/strong> 8 g<\/li>\n<li><strong>Alkuper\u00e4maa:<\/strong> Ruotsi<\/li>\n<li><strong>Julkaisup\u00e4iv\u00e4m\u00e4\u00e4r\u00e4:<\/strong> December 2023<\/li>\n<li><strong>N\u00e4yt\u00e4 lis\u00e4\u00e4\u00a0<a href=\"https:\/\/nicotinedeals.com\/fi\/brandi\/kelly-white\/\">KELLY WHITE Nicotine Pouches<\/a><\/strong><\/li>\n<\/ul>\n<p><img decoding=\"async\" class=\"alignnone size-full wp-image-11039\" src=\"https:\/\/nicotinedeals.com\/wp-content\/uploads\/2025\/01\/kelly-white-sweet-peach-strong-mini-can.png\" alt=\"Kelly White Sweet Peach Strong nicotine pouch can\" width=\"200\" height=\"200\" srcset=\"https:\/\/nicotinedeals.com\/wp-content\/uploads\/2025\/01\/kelly-white-sweet-peach-strong-mini-can.png 200w, https:\/\/nicotinedeals.com\/wp-content\/uploads\/2025\/01\/kelly-white-sweet-peach-strong-mini-can-150x150.png 150w, https:\/\/nicotinedeals.com\/wp-content\/uploads\/2025\/01\/kelly-white-sweet-peach-strong-mini-can-12x12.png 12w, https:\/\/nicotinedeals.com\/wp-content\/uploads\/2025\/01\/kelly-white-sweet-peach-strong-mini-can-50x50.png 50w\" sizes=\"(max-width: 200px) 100vw, 200px\" \/><\/p>\n<div><strong>KELLY WHITE Sweet Peach Strong Best Price Online<\/strong><\/div>\n<div><\/div>\n<div>View all <strong><span style=\"text-decoration: underline;\"><a href=\"https:\/\/nicotinedeals.com\/fi\/persikanmakuinen-nikotiinipussi\/\">Persikanmakuinen Nikotiinipussi<\/a><\/span><\/strong><\/div>\n<div><\/div>\n<div><strong>WARNING: This product contains nicotine. Nicotine is an addictive chemical. + 18 \/ +21 in the US<\/strong><\/div>","protected":false},"excerpt":{"rendered":"<p><strong>KELLY WHITE Sweet Peach Strong Mini <\/strong>fruity and sweet peach flavor with slightly moist, non-dripping nicotine pouches. Each Mini pouch contains 6 mg of nicotine (strength category is &#8220;Strong&#8221;) and there are 20 tobacco-free mini pouches in each can. KELLY WHITE Sweet Peach Strong Mini is made in Sweden by White Industries AB.<\/p>\n<p><a class=\"button\" href=\"https:\/\/nicotinedeals.com\/fi\/kelly-white-sweet-peach-strong\/\">Paras hinta | Globaali<\/a><\/p>","protected":false},"featured_media":11040,"comment_status":"open","ping_status":"closed","template":"","meta":[],"pwb-brand":[521],"product_cat":[19],"product_tag":[192,91,81,542,22,80,41],"brands":[{"id":521,"name":"KELLY WHITE","slug":"kelly-white"}],"_links":{"self":[{"href":"https:\/\/nicotinedeals.com\/fi\/wp-json\/wp\/v2\/product\/11038"}],"collection":[{"href":"https:\/\/nicotinedeals.com\/fi\/wp-json\/wp\/v2\/product"}],"about":[{"href":"https:\/\/nicotinedeals.com\/fi\/wp-json\/wp\/v2\/types\/product"}],"replies":[{"embeddable":true,"href":"https:\/\/nicotinedeals.com\/fi\/wp-json\/wp\/v2\/comments?post=11038"}],"wp:featuredmedia":[{"embeddable":true,"href":"https:\/\/nicotinedeals.com\/fi\/wp-json\/wp\/v2\/media\/11040"}],"wp:attachment":[{"href":"https:\/\/nicotinedeals.com\/fi\/wp-json\/wp\/v2\/media?parent=11038"}],"wp:term":[{"taxonomy":"pwb-brand","embeddable":true,"href":"https:\/\/nicotinedeals.com\/fi\/wp-json\/wp\/v2\/pwb-brand?post=11038"},{"taxonomy":"product_cat","embeddable":true,"href":"https:\/\/nicotinedeals.com\/fi\/wp-json\/wp\/v2\/product_cat?post=11038"},{"taxonomy":"product_tag","embeddable":true,"href":"https:\/\/nicotinedeals.com\/fi\/wp-json\/wp\/v2\/product_tag?post=11038"}],"curies":[{"name":"wp","href":"https:\/\/api.w.org\/{rel}","templated":true}]}}