{"id":11067,"date":"2025-01-24T07:51:41","date_gmt":"2025-01-24T07:51:41","guid":{"rendered":"https:\/\/nicotinedeals.com\/?post_type=product&#038;p=11067"},"modified":"2025-02-05T19:22:39","modified_gmt":"2025-02-05T19:22:39","slug":"cuba-black-cola","status":"publish","type":"product","link":"https:\/\/nicotinedeals.com\/fi\/tuote\/cuba-black-cola\/","title":{"rendered":"CUBA Black Cola"},"content":{"rendered":"<h1>CUBA Black Cola<\/h1>\n<p>nicotine pouches deliver an distinct cola flavor with a powerful 43 mg of nicotine per pouch. Each can includes 20 slim-format pouches. Black Cola by CUBA is completely tobacco-free and expertly crafted by Nicotobacco in Poland. <strong>Recommended only for experienced users.<\/strong><\/p>\n<h2><strong>Information about CUBA Black Cola 43 mg\/pouch<\/strong><\/h2>\n<ul>\n<li><strong>Br\u00e4ndi:<\/strong>\u00a0CUBA<\/li>\n<li class=\" translation-block\"><strong>Kategoria:<\/strong> Tupakattomat nikotiinipussit<\/li>\n<li><strong>Maku: <\/strong>Kola<\/li>\n<li><strong>Nikotiinipitoisuus:<\/strong> 66 mg\/g<\/li>\n<li><strong>Nikotiinivahvuus:<\/strong> \u00a0\u25c9\u25c9\u25c9\u25c9 Extra Strong (4 out of 4)<\/li>\n<li><strong>Nicotine per can:\u00a0<\/strong>860 mg\/can<\/li>\n<li><strong>Valmistaja:<\/strong>\u00a0Nicotobacco Factory<\/li>\n<li class=\" translation-block\"><strong>Pussiformaatti:<\/strong> Slim<\/li>\n<li><strong>Nikotiinia mg\/pussi:\u00a0<\/strong>43 mg<\/li>\n<li><strong>Tupakaton:<\/strong> Yes, CUBA Black Cola nicotine pouches are tobacco-free<\/li>\n<li><strong>Pussien M\u00e4\u00e4r\u00e4 Per Purkki:<\/strong> 20 pouches<\/li>\n<li><strong>Ainesosat:\u00a0<\/strong>Cellulose (E460), humectant (E1520), sweetener (E955), flavoring, water, salt, nicotine, and acidity regulator (E500).<\/li>\n<li><strong>Paino per annos (grammoina):\u00a0<\/strong>0.52 g<\/li>\n<li><strong>Nettopaino\/purkki:<\/strong>\u00a013 g<\/li>\n<li class=\" translation-block\"><strong>Parasta ennen:<\/strong> 12 kuukautta<\/li>\n<li><strong>Maa:\u00a0<\/strong>Poland<\/li>\n<li><strong>N\u00e4yt\u00e4 lis\u00e4\u00e4<\/strong>\u00a0<a href=\"https:\/\/nicotinedeals.com\/fi\/brandi\/cuba\/\"><strong>CUBA Nicotine Pouches<\/strong><\/a><\/li>\n<\/ul>\n<div><img decoding=\"async\" class=\"alignnone size-full wp-image-11069\" src=\"https:\/\/nicotinedeals.com\/wp-content\/uploads\/2025\/01\/cuba-black-cola-can.png\" alt=\"CUBA Black Cola nicotine pouch can\" width=\"200\" height=\"200\" srcset=\"https:\/\/nicotinedeals.com\/wp-content\/uploads\/2025\/01\/cuba-black-cola-can.png 200w, https:\/\/nicotinedeals.com\/wp-content\/uploads\/2025\/01\/cuba-black-cola-can-150x150.png 150w, https:\/\/nicotinedeals.com\/wp-content\/uploads\/2025\/01\/cuba-black-cola-can-12x12.png 12w, https:\/\/nicotinedeals.com\/wp-content\/uploads\/2025\/01\/cuba-black-cola-can-50x50.png 50w\" sizes=\"(max-width: 200px) 100vw, 200px\" \/><\/div>\n<div><strong>CUBA Black Cola Best Price<\/strong><\/div>\n<div><\/div>\n<div><strong>VAROITUS: T\u00e4m\u00e4 tuote sis\u00e4lt\u00e4\u00e4 nikotiinia. Nikotiini on riippuvuutta aiheuttava aine. +18 \/ +21 Yhdysvalloissa.<\/strong><\/div>\n<div><\/div>\n<div><strong>About CUBA Nicotine Pouches:<\/strong><\/div>\n<div>Explore our premium collection of CUBA nicotine pouches, available in a variety of flavors and strengths. Crafted with carefully selected ingredients, these pouches deliver a flavorful and satisfying experience. Whether you\u2019re looking for a strong kick or a milder option, our versatile selection of high-quality CUBA nicotine pouches offers something for everyone. Enjoy a convenient and discreet nicotine experience with CUBA\u2014designed to fit your lifestyle.<\/div>","protected":false},"excerpt":{"rendered":"<p><strong>CUBA Black Cola <\/strong>unique cola flavor with 43 mg nicotine per pouch. Slim format, tobacco-free pouches made by Nictobacco. Each can contains 20 pouches, perfect for an extra strong kick with cola flavor on the go!<\/p>\n<p><a class=\"button\" href=\"https:\/\/nicotinedeals.com\/fi\/cuba-black-cola-best-price\/\">Paras hinta | Globaali<\/a><\/p>","protected":false},"featured_media":11068,"comment_status":"open","ping_status":"closed","template":"","meta":[],"pwb-brand":[310],"product_cat":[19],"product_tag":[192,546,167,547,548,85,54],"brands":[{"id":310,"name":"CUBA","slug":"cuba"}],"_links":{"self":[{"href":"https:\/\/nicotinedeals.com\/fi\/wp-json\/wp\/v2\/product\/11067"}],"collection":[{"href":"https:\/\/nicotinedeals.com\/fi\/wp-json\/wp\/v2\/product"}],"about":[{"href":"https:\/\/nicotinedeals.com\/fi\/wp-json\/wp\/v2\/types\/product"}],"replies":[{"embeddable":true,"href":"https:\/\/nicotinedeals.com\/fi\/wp-json\/wp\/v2\/comments?post=11067"}],"wp:featuredmedia":[{"embeddable":true,"href":"https:\/\/nicotinedeals.com\/fi\/wp-json\/wp\/v2\/media\/11068"}],"wp:attachment":[{"href":"https:\/\/nicotinedeals.com\/fi\/wp-json\/wp\/v2\/media?parent=11067"}],"wp:term":[{"taxonomy":"pwb-brand","embeddable":true,"href":"https:\/\/nicotinedeals.com\/fi\/wp-json\/wp\/v2\/pwb-brand?post=11067"},{"taxonomy":"product_cat","embeddable":true,"href":"https:\/\/nicotinedeals.com\/fi\/wp-json\/wp\/v2\/product_cat?post=11067"},{"taxonomy":"product_tag","embeddable":true,"href":"https:\/\/nicotinedeals.com\/fi\/wp-json\/wp\/v2\/product_tag?post=11067"}],"curies":[{"name":"wp","href":"https:\/\/api.w.org\/{rel}","templated":true}]}}