{"id":11078,"date":"2025-01-24T23:14:36","date_gmt":"2025-01-24T23:14:36","guid":{"rendered":"https:\/\/nicotinedeals.com\/?post_type=product&#038;p=11078"},"modified":"2025-01-27T19:17:22","modified_gmt":"2025-01-27T19:17:22","slug":"77-classic-tobacco-medium","status":"publish","type":"product","link":"https:\/\/nicotinedeals.com\/fi\/tuote\/77-classic-tobacco-medium\/","title":{"rendered":"77 Classic Tobacco Medium"},"content":{"rendered":"<h1>77 Classic Tobacco Medium<\/h1>\n<p>is a powerful tobacco-free nicotine pouch offering a rich blend of tobacco-inspired flavor, hazelnut, and coffee. Each slim pouch contains 10.4 mg of nicotine, perfect for those seeking a bold and satisfying experience. 20 slim pouches in each can. 100% tobacco-free.<\/p>\n<h2><strong>Information about 77 Classic Tobacco Medium 10.4 mg:<\/strong><\/h2>\n<ul>\n<li><strong>Br\u00e4ndi: <\/strong>77 Nicotine Pouches<\/li>\n<li class=\" translation-block\"><strong>Kategoria:<\/strong> Tupakattomat nikotiinipussit<\/li>\n<li><strong>Makuvivahteet:<\/strong> Tobacco, hazelnut, coffee<\/li>\n<li><strong>Nikotiinipitoisuus:<\/strong> 16 mg\/g<\/li>\n<li><strong>Nikotiinivahvuus:<\/strong> \u25c9\u25c9\u25c9\u25ce\u25ce\u25ce Strong (strength 3 out of 6)<\/li>\n<li><strong>Valmistaja:<\/strong> Luna Corporate<\/li>\n<li><strong>Pussin Muoto:<\/strong> Slim<\/li>\n<li><strong>Nikotiinia mg\/pussi:<\/strong> 10 mg<\/li>\n<li><strong>Tupakaton:<\/strong> Yes, all 77 Classic Tobacco nicotine pouches are tobacco-free<\/li>\n<li class=\" translation-block\"><strong>Pusseja t\u00f6lkiss\u00e4:<\/strong> 20 pussia<\/li>\n<li><strong>Ainesosat:<\/strong> Cellulose (E460), water, flavorings, salt, nicotine, sweetener (E955), cooling agent, preservative (E202), pH regulator (E501)<\/li>\n<li><strong>Paino per annos (grammoina): <\/strong>0.65 g<\/li>\n<li><strong>Nettopaino\/purkki:<\/strong> 13 g<\/li>\n<li><strong>Julkaisup\u00e4iv\u00e4m\u00e4\u00e4r\u00e4: <\/strong>June 2024<\/li>\n<li><strong>N\u00e4yt\u00e4 lis\u00e4\u00e4<\/strong> <a href=\"https:\/\/nicotinedeals.com\/fi\/brandi\/77-nicotine-pouches\/\"><strong>77 Nicotine Pouches<\/strong><\/a><\/li>\n<\/ul>\n<p><img decoding=\"async\" class=\"alignnone wp-image-11080 size-full\" src=\"https:\/\/nicotinedeals.com\/wp-content\/uploads\/2025\/01\/77-classic-tobacco-can.png\" alt=\"77 Classic Tobacco Medium nicotine pouch can\" width=\"200\" height=\"200\" srcset=\"https:\/\/nicotinedeals.com\/wp-content\/uploads\/2025\/01\/77-classic-tobacco-can.png 200w, https:\/\/nicotinedeals.com\/wp-content\/uploads\/2025\/01\/77-classic-tobacco-can-150x150.png 150w, https:\/\/nicotinedeals.com\/wp-content\/uploads\/2025\/01\/77-classic-tobacco-can-12x12.png 12w, https:\/\/nicotinedeals.com\/wp-content\/uploads\/2025\/01\/77-classic-tobacco-can-50x50.png 50w\" sizes=\"(max-width: 200px) 100vw, 200px\" \/><\/p>\n<p><strong>77 Classic Tobacco Best Price<\/strong><\/p>\n<p><strong>WARNING: This product contains nicotine. Nicotine is an addictive chemical. +18 \/ +21 in the US.<\/strong><\/p>","protected":false},"excerpt":{"rendered":"<p><strong>77 Classic Tobacco Medium 10.4<\/strong> <strong>mg <\/strong>Rich blend of tobacco-inspired flavor, hazelnut, and coffee with 10.4 mg of nicotine per pouch. Each can includes 20 slim, tobacco-free pouches.<\/p>\n<p><a class=\"button\" href=\"https:\/\/nicotinedeals.com\/fi\/77-classic-tobacco-best-price\/\">Paras hinta | Globaali<\/a><\/p>","protected":false},"featured_media":11079,"comment_status":"open","ping_status":"closed","template":"","meta":[],"pwb-brand":[165],"product_cat":[19],"product_tag":[104,192,551,85,550,54,145],"brands":[{"id":165,"name":"77 Nicotine Pouches","slug":"77-nicotine-pouches"}],"_links":{"self":[{"href":"https:\/\/nicotinedeals.com\/fi\/wp-json\/wp\/v2\/product\/11078"}],"collection":[{"href":"https:\/\/nicotinedeals.com\/fi\/wp-json\/wp\/v2\/product"}],"about":[{"href":"https:\/\/nicotinedeals.com\/fi\/wp-json\/wp\/v2\/types\/product"}],"replies":[{"embeddable":true,"href":"https:\/\/nicotinedeals.com\/fi\/wp-json\/wp\/v2\/comments?post=11078"}],"wp:featuredmedia":[{"embeddable":true,"href":"https:\/\/nicotinedeals.com\/fi\/wp-json\/wp\/v2\/media\/11079"}],"wp:attachment":[{"href":"https:\/\/nicotinedeals.com\/fi\/wp-json\/wp\/v2\/media?parent=11078"}],"wp:term":[{"taxonomy":"pwb-brand","embeddable":true,"href":"https:\/\/nicotinedeals.com\/fi\/wp-json\/wp\/v2\/pwb-brand?post=11078"},{"taxonomy":"product_cat","embeddable":true,"href":"https:\/\/nicotinedeals.com\/fi\/wp-json\/wp\/v2\/product_cat?post=11078"},{"taxonomy":"product_tag","embeddable":true,"href":"https:\/\/nicotinedeals.com\/fi\/wp-json\/wp\/v2\/product_tag?post=11078"}],"curies":[{"name":"wp","href":"https:\/\/api.w.org\/{rel}","templated":true}]}}