{"id":11610,"date":"2025-02-07T03:52:46","date_gmt":"2025-02-07T03:52:46","guid":{"rendered":"https:\/\/nicotinedeals.com\/?post_type=product&#038;p=11610"},"modified":"2025-02-08T19:45:52","modified_gmt":"2025-02-08T19:45:52","slug":"xo-grape-ice","status":"publish","type":"product","link":"https:\/\/nicotinedeals.com\/fi\/tuote\/xo-grape-ice\/","title":{"rendered":"XO Grape Ice"},"content":{"rendered":"<h1>XO Grape Ice<\/h1>\n<p>Swedish-made pouch with a flavor combination of grapes and icy mint. The pouches are slim and come with <strong>8 mg of nicotine per pouch<\/strong>. Each can contains <strong>20 slim, tobacco-free pouches<\/strong>.\u00a0The strength is considered <strong>&#8220;strong&#8221; (4 dots out of 5)<\/strong>. Made by <strong>BAS Nordic AB in Sweden<\/strong>.<\/p>\n<h2><strong>Information about XO Grape Ice 8 mg\/pouch<\/strong><\/h2>\n<ul>\n<li><strong>Br\u00e4ndi:<\/strong> XO<\/li>\n<li class=\" translation-block\"><strong>Kategoria:<\/strong> Tupakattomat nikotiinipussit<\/li>\n<li><strong>Maku:\u00a0<\/strong>Grape, Mint<\/li>\n<li><strong>Nikotiinipitoisuus:<\/strong> 16 mg\/g<\/li>\n<li><strong>Nikotiinivahvuus:<\/strong> \u25c9\u25c9\u25c9\u25c9\u25ce Strong (strength 4 out of 5)<\/li>\n<li><strong>Valmistaja:<\/strong> BAS Nordic<\/li>\n<li><strong>Pussin Muoto:<\/strong> Slim<\/li>\n<li><strong>Nikotiinia mg\/pussi:\u00a0<\/strong>8 mg<\/li>\n<li><strong>Tupakaton:<\/strong> Yes, XO nicotine pouches are tobacco-free<\/li>\n<li><strong>Pussien M\u00e4\u00e4r\u00e4 Per Purkki:<\/strong> 20 pouches<\/li>\n<li><strong>Ainesosat: <\/strong>Filler (E460), Distilled water, nicotine, flavors, salt, propylene glycol (E1520), Acidity regulator (E500), Sweetener (E955).<\/li>\n<li><strong>Paino per annos (grammoina):\u00a0<\/strong>0.5 g<\/li>\n<li><strong>Nettopaino\/purkki:<\/strong> 10 g<\/li>\n<li class=\" translation-block\"><strong>Parasta ennen:<\/strong> 12 kuukautta<\/li>\n<li><strong>Julkaisup\u00e4iv\u00e4m\u00e4\u00e4r\u00e4:<\/strong> 2024<\/li>\n<li><strong>Maa:\u00a0<\/strong>Ruotsi<\/li>\n<li><strong>N\u00e4yt\u00e4 lis\u00e4\u00e4<\/strong> <a href=\"https:\/\/nicotinedeals.com\/fi\/brandi\/xo-nicotine-pouches\/\"><strong>XO Nicotine Pouches<\/strong><\/a><\/li>\n<\/ul>\n<p><img decoding=\"async\" class=\"alignnone size-full wp-image-11612\" src=\"https:\/\/nicotinedeals.com\/wp-content\/uploads\/2025\/02\/xo-grape-ice-can.png\" alt=\"XO Grape Ice nicotine pouch can\" width=\"200\" height=\"200\" srcset=\"https:\/\/nicotinedeals.com\/wp-content\/uploads\/2025\/02\/xo-grape-ice-can.png 200w, https:\/\/nicotinedeals.com\/wp-content\/uploads\/2025\/02\/xo-grape-ice-can-150x150.png 150w, https:\/\/nicotinedeals.com\/wp-content\/uploads\/2025\/02\/xo-grape-ice-can-12x12.png 12w, https:\/\/nicotinedeals.com\/wp-content\/uploads\/2025\/02\/xo-grape-ice-can-50x50.png 50w\" sizes=\"(max-width: 200px) 100vw, 200px\" \/><\/p>\n<div><span style=\"text-decoration: underline;\"><a href=\"https:\/\/nicotinedeals.com\/fi\/xo-grape-ice\/\"><strong>XO Grape Ice <\/strong><strong>Best Price<\/strong><\/a><\/span><\/div>\n<div><\/div>\n<div><strong>VAROITUS: T\u00e4m\u00e4 tuote sis\u00e4lt\u00e4\u00e4 nikotiinia. Nikotiini on riippuvuutta aiheuttava aine. +18 \/ +21 Yhdysvalloissa.<\/strong><\/div>","protected":false},"excerpt":{"rendered":"<p><strong>XO Grape Ice <\/strong>premium pouches with grape and icy mint flavor. 8 mg of nicotine per slim sized pouch (strong), rated 4 out of 5 dots. Every can packs 20 tobacco-free pouches, made right here in Sweden.<\/p>","protected":false},"featured_media":11611,"comment_status":"open","ping_status":"closed","template":"","meta":[],"pwb-brand":[566],"product_cat":[19],"product_tag":[192,109,81,46,54,41,567],"brands":[{"id":566,"name":"XO Nicotine Pouches","slug":"xo-nicotine-pouches"}],"_links":{"self":[{"href":"https:\/\/nicotinedeals.com\/fi\/wp-json\/wp\/v2\/product\/11610"}],"collection":[{"href":"https:\/\/nicotinedeals.com\/fi\/wp-json\/wp\/v2\/product"}],"about":[{"href":"https:\/\/nicotinedeals.com\/fi\/wp-json\/wp\/v2\/types\/product"}],"replies":[{"embeddable":true,"href":"https:\/\/nicotinedeals.com\/fi\/wp-json\/wp\/v2\/comments?post=11610"}],"wp:featuredmedia":[{"embeddable":true,"href":"https:\/\/nicotinedeals.com\/fi\/wp-json\/wp\/v2\/media\/11611"}],"wp:attachment":[{"href":"https:\/\/nicotinedeals.com\/fi\/wp-json\/wp\/v2\/media?parent=11610"}],"wp:term":[{"taxonomy":"pwb-brand","embeddable":true,"href":"https:\/\/nicotinedeals.com\/fi\/wp-json\/wp\/v2\/pwb-brand?post=11610"},{"taxonomy":"product_cat","embeddable":true,"href":"https:\/\/nicotinedeals.com\/fi\/wp-json\/wp\/v2\/product_cat?post=11610"},{"taxonomy":"product_tag","embeddable":true,"href":"https:\/\/nicotinedeals.com\/fi\/wp-json\/wp\/v2\/product_tag?post=11610"}],"curies":[{"name":"wp","href":"https:\/\/api.w.org\/{rel}","templated":true}]}}