{"id":11656,"date":"2025-02-08T21:48:25","date_gmt":"2025-02-08T21:48:25","guid":{"rendered":"https:\/\/nicotinedeals.com\/?post_type=product&#038;p=11656"},"modified":"2025-02-08T22:08:27","modified_gmt":"2025-02-08T22:08:27","slug":"bagz-cola-max-x-strong","status":"publish","type":"product","link":"https:\/\/nicotinedeals.com\/fi\/tuote\/bagz-cola-max-x-strong\/","title":{"rendered":"Bagz Cola Max X-strong"},"content":{"rendered":"<h1>Bagz Cola Max X-strong<\/h1>\n<p>Delivers an intense, refreshing, sweet, and tangy cola flavor. Each slim pouch contains 14.2 mg of nicotine, placing it in the Extra Strong category. Every can includes 22 tobacco-free nicotine pouches. Bagz is made in Poland by Flameclub Sweden AB.<\/p>\n<h2><strong>Information about Bagz Cola Max X-strong 14,2 mg\/pouch<\/strong><\/h2>\n<ul>\n<li><strong>Br\u00e4ndi:<\/strong> Bagz<\/li>\n<li class=\" translation-block\"><strong>Kategoria:<\/strong> Tupakattomat nikotiinipussit<\/li>\n<li><strong>Maku: <\/strong>Kola<\/li>\n<li><strong>Nikotiinipitoisuus:<\/strong> 20 mg\/g<\/li>\n<li><strong>Nikotiinivahvuus:<\/strong> \u25c9\u25c9\u25c9\u25c9 Extra Strong (strength 4 out of 4)<\/li>\n<li><strong>Valmistaja:\u00a0<\/strong>Flameclub Sweden AB<\/li>\n<li><strong>Pussin Muoto:<\/strong> Slim<\/li>\n<li><strong>Nikotiinia mg\/pussi:\u00a0<\/strong>14,2 mg<\/li>\n<li><strong>Nikotiinipitoisuus: <\/strong>312 mg<\/li>\n<li><strong>Tupakaton:<\/strong> Yes, Bagz Cola Max nicotine pouches are tobacco-free<\/li>\n<li><strong>Pussien M\u00e4\u00e4r\u00e4 Per Purkki:<\/strong> 22 pouches<\/li>\n<li><strong>Ainesosat:\u00a0<\/strong>Cellulose, water, sodium bicarbonate, flavors, propylene glycol, glycerol, nicotine, sodium chloride, sucralose, sodium alginate.<\/li>\n<li><strong>Paino per annos (grammoina): <\/strong>0,5 g<\/li>\n<li><strong>Nettopaino\/purkki:\u00a0<\/strong>14 g<\/li>\n<li class=\" translation-block\"><strong>Parasta ennen:<\/strong> 12 kuukautta<\/li>\n<li><strong>Julkaisup\u00e4iv\u00e4m\u00e4\u00e4r\u00e4:<\/strong> 2024<\/li>\n<li><strong>Maa:\u00a0<\/strong>Poland<\/li>\n<li><strong>N\u00e4yt\u00e4 lis\u00e4\u00e4<\/strong> <a href=\"https:\/\/nicotinedeals.com\/fi\/brandi\/bagz\/\"><strong>Bagz Nicotine Pouches<\/strong><\/a><\/li>\n<\/ul>\n<p><img decoding=\"async\" class=\"alignnone size-full wp-image-11659\" src=\"https:\/\/nicotinedeals.com\/wp-content\/uploads\/2025\/02\/bagz-cola-max-x-strong-can.png\" alt=\"Bagz Cola Max\" width=\"200\" height=\"200\" srcset=\"https:\/\/nicotinedeals.com\/wp-content\/uploads\/2025\/02\/bagz-cola-max-x-strong-can.png 200w, https:\/\/nicotinedeals.com\/wp-content\/uploads\/2025\/02\/bagz-cola-max-x-strong-can-150x150.png 150w, https:\/\/nicotinedeals.com\/wp-content\/uploads\/2025\/02\/bagz-cola-max-x-strong-can-12x12.png 12w, https:\/\/nicotinedeals.com\/wp-content\/uploads\/2025\/02\/bagz-cola-max-x-strong-can-50x50.png 50w\" sizes=\"(max-width: 200px) 100vw, 200px\" \/><\/p>\n<div><span style=\"text-decoration: underline;\"><a href=\"https:\/\/nicotinedeals.com\/fi\/bagz-cola-max-x-strong\/\"><strong>Bagz Cola Max <\/strong><strong>Best Price<\/strong><\/a><\/span><\/div>\n<div><\/div>\n<div><strong>VAROITUS: T\u00e4m\u00e4 tuote sis\u00e4lt\u00e4\u00e4 nikotiinia. Nikotiini on riippuvuutta aiheuttava aine. +18 \/ +21 Yhdysvalloissa.<\/strong><\/div>","protected":false},"excerpt":{"rendered":"<p><strong>Bagz Cola Max X-strong <\/strong>has refreshing, sweet and tangy cola flavor. 14,2 mg of nicotine in each pouch, placing it in the Extra Strong category (4 out of 4 dots). Every can includes 22 slim, tobacco-free pouches, proudly made in Poland.<\/p>","protected":false},"featured_media":11658,"comment_status":"open","ping_status":"closed","template":"","meta":[],"pwb-brand":[573],"product_cat":[19],"product_tag":[575,178,579,167,85,54],"brands":[{"id":573,"name":"Bagz","slug":"bagz"}],"_links":{"self":[{"href":"https:\/\/nicotinedeals.com\/fi\/wp-json\/wp\/v2\/product\/11656"}],"collection":[{"href":"https:\/\/nicotinedeals.com\/fi\/wp-json\/wp\/v2\/product"}],"about":[{"href":"https:\/\/nicotinedeals.com\/fi\/wp-json\/wp\/v2\/types\/product"}],"replies":[{"embeddable":true,"href":"https:\/\/nicotinedeals.com\/fi\/wp-json\/wp\/v2\/comments?post=11656"}],"wp:featuredmedia":[{"embeddable":true,"href":"https:\/\/nicotinedeals.com\/fi\/wp-json\/wp\/v2\/media\/11658"}],"wp:attachment":[{"href":"https:\/\/nicotinedeals.com\/fi\/wp-json\/wp\/v2\/media?parent=11656"}],"wp:term":[{"taxonomy":"pwb-brand","embeddable":true,"href":"https:\/\/nicotinedeals.com\/fi\/wp-json\/wp\/v2\/pwb-brand?post=11656"},{"taxonomy":"product_cat","embeddable":true,"href":"https:\/\/nicotinedeals.com\/fi\/wp-json\/wp\/v2\/product_cat?post=11656"},{"taxonomy":"product_tag","embeddable":true,"href":"https:\/\/nicotinedeals.com\/fi\/wp-json\/wp\/v2\/product_tag?post=11656"}],"curies":[{"name":"wp","href":"https:\/\/api.w.org\/{rel}","templated":true}]}}