{"id":11661,"date":"2025-02-08T22:25:07","date_gmt":"2025-02-08T22:25:07","guid":{"rendered":"https:\/\/nicotinedeals.com\/?post_type=product&#038;p=11661"},"modified":"2025-02-08T22:39:33","modified_gmt":"2025-02-08T22:39:33","slug":"bagz-mango-lassi-x-strong","status":"publish","type":"product","link":"https:\/\/nicotinedeals.com\/fi\/tuote\/bagz-mango-lassi-x-strong\/","title":{"rendered":"Bagz Mango Lassi X-strong"},"content":{"rendered":"<h1>Bagz Mango Lassi X-strong<\/h1>\n<p>combines sweet notes of mango with the delicate tartness of yogurt. Each slim pouch contains 14.2 mg of nicotine, placing it in the Extra Strong category. Every can includes 22 tobacco-free nicotine pouches. Bagz is made in Poland by Flameclub Sweden AB.<\/p>\n<h2><strong>Information about Bagz Mango Lassi X-strong 14,2 mg\/pouch<\/strong><\/h2>\n<ul>\n<li><strong>Br\u00e4ndi:<\/strong> Bagz<\/li>\n<li class=\" translation-block\"><strong>Kategoria:<\/strong> Tupakattomat nikotiinipussit<\/li>\n<li><strong>Maku: <\/strong>Mango, Yogurt<\/li>\n<li><strong>Nikotiinipitoisuus:<\/strong> 20 mg\/g<\/li>\n<li><strong>Nikotiinivahvuus:<\/strong> \u25c9\u25c9\u25c9\u25c9 Extra Strong (strength 4 out of 4)<\/li>\n<li><strong>Valmistaja:\u00a0<\/strong>Flameclub Sweden AB<\/li>\n<li><strong>Pussin Muoto:<\/strong> Slim<\/li>\n<li><strong>Nikotiinia mg\/pussi:\u00a0<\/strong>14,2 mg<\/li>\n<li><strong>Nikotiinipitoisuus: <\/strong>312 mg<\/li>\n<li><strong>Tupakaton:<\/strong> Yes, Bagz Mango Lassi nicotine pouches are tobacco-free<\/li>\n<li><strong>Pussien M\u00e4\u00e4r\u00e4 Per Purkki:<\/strong> 22 pouches<\/li>\n<li><strong>Ainesosat:\u00a0<\/strong>Cellulose, water, sodium bicarbonate, flavors, propylene glycol, glycerol, nicotine, sodium chloride, sucralose, sodium alginate.<\/li>\n<li><strong>Paino per annos (grammoina): <\/strong>0,5 g<\/li>\n<li><strong>Nettopaino\/purkki:\u00a0<\/strong>14 g<\/li>\n<li class=\" translation-block\"><strong>Parasta ennen:<\/strong> 12 kuukautta<\/li>\n<li><strong>Julkaisup\u00e4iv\u00e4m\u00e4\u00e4r\u00e4:<\/strong> 2024<\/li>\n<li><strong>Maa:\u00a0<\/strong>Poland<\/li>\n<li><strong>N\u00e4yt\u00e4 lis\u00e4\u00e4<\/strong> <a href=\"https:\/\/nicotinedeals.com\/fi\/brandi\/bagz\/\"><strong>Bagz Nicotine Pouches<\/strong><\/a><\/li>\n<\/ul>\n<p><img decoding=\"async\" class=\"alignnone size-full wp-image-11663\" src=\"https:\/\/nicotinedeals.com\/wp-content\/uploads\/2025\/02\/bagz-mango-lassi-x-strong-can.png\" alt=\"Bagz Mango Lassi best price online\" width=\"200\" height=\"200\" srcset=\"https:\/\/nicotinedeals.com\/wp-content\/uploads\/2025\/02\/bagz-mango-lassi-x-strong-can.png 200w, https:\/\/nicotinedeals.com\/wp-content\/uploads\/2025\/02\/bagz-mango-lassi-x-strong-can-150x150.png 150w, https:\/\/nicotinedeals.com\/wp-content\/uploads\/2025\/02\/bagz-mango-lassi-x-strong-can-12x12.png 12w, https:\/\/nicotinedeals.com\/wp-content\/uploads\/2025\/02\/bagz-mango-lassi-x-strong-can-50x50.png 50w\" sizes=\"(max-width: 200px) 100vw, 200px\" \/><\/p>\n<div><span style=\"text-decoration: underline;\"><a href=\"https:\/\/nicotinedeals.com\/fi\/bagz-mango-lassi\/\"><strong>Bagz Mango Lassi <\/strong><strong>Best Price<\/strong><\/a><\/span><\/div>\n<div><\/div>\n<div><strong>VAROITUS: T\u00e4m\u00e4 tuote sis\u00e4lt\u00e4\u00e4 nikotiinia. Nikotiini on riippuvuutta aiheuttava aine. +18 \/ +21 Yhdysvalloissa.<\/strong><\/div>","protected":false},"excerpt":{"rendered":"<p><strong>Bagz Mango Lassi X-strong\u00a0<\/strong>A sweet mango flavor paired with the delicate tartness of yogurt. Each slim pouch contains 14.2 mg of nicotine, placing it in the Extra Strong category (4 out of 4 dots). Every can includes 22 tobacco-free pouches, proudly made in Poland.<\/p>","protected":false},"featured_media":11662,"comment_status":"open","ping_status":"closed","template":"","meta":[],"pwb-brand":[573],"product_cat":[19],"product_tag":[575,178,85,81,71,54,580],"brands":[{"id":573,"name":"Bagz","slug":"bagz"}],"_links":{"self":[{"href":"https:\/\/nicotinedeals.com\/fi\/wp-json\/wp\/v2\/product\/11661"}],"collection":[{"href":"https:\/\/nicotinedeals.com\/fi\/wp-json\/wp\/v2\/product"}],"about":[{"href":"https:\/\/nicotinedeals.com\/fi\/wp-json\/wp\/v2\/types\/product"}],"replies":[{"embeddable":true,"href":"https:\/\/nicotinedeals.com\/fi\/wp-json\/wp\/v2\/comments?post=11661"}],"wp:featuredmedia":[{"embeddable":true,"href":"https:\/\/nicotinedeals.com\/fi\/wp-json\/wp\/v2\/media\/11662"}],"wp:attachment":[{"href":"https:\/\/nicotinedeals.com\/fi\/wp-json\/wp\/v2\/media?parent=11661"}],"wp:term":[{"taxonomy":"pwb-brand","embeddable":true,"href":"https:\/\/nicotinedeals.com\/fi\/wp-json\/wp\/v2\/pwb-brand?post=11661"},{"taxonomy":"product_cat","embeddable":true,"href":"https:\/\/nicotinedeals.com\/fi\/wp-json\/wp\/v2\/product_cat?post=11661"},{"taxonomy":"product_tag","embeddable":true,"href":"https:\/\/nicotinedeals.com\/fi\/wp-json\/wp\/v2\/product_tag?post=11661"}],"curies":[{"name":"wp","href":"https:\/\/api.w.org\/{rel}","templated":true}]}}