{"id":12110,"date":"2025-04-10T05:53:52","date_gmt":"2025-04-10T05:53:52","guid":{"rendered":"https:\/\/nicotinedeals.com\/?post_type=product&#038;p=12110"},"modified":"2026-02-19T17:25:28","modified_gmt":"2026-02-19T17:25:28","slug":"alp-tropical-fruit-6mg","status":"publish","type":"product","link":"https:\/\/nicotinedeals.com\/fi\/tuote\/alp-tropical-fruit-6mg\/","title":{"rendered":"ALP Tropical Fruit 6mg"},"content":{"rendered":"<h1>ALP Tropical Fruit 6mg<\/h1>\n<p>Enjoy a tropical escape in every pouch with Tucker Carlson&#8217;s ALP Tropical Fruit 6mg. Tropical Fruit delivers a clean, crisp, and slightly sweet fruit flavor, balanced with an 6mg nicotine kick. Designed for users who prefer a sweet fruity experience. Tropical Fruit 6mg has a &#8220;normal&#8221; nicotine strength. ALP is an American brand made by Tucker Carlson.<\/p>\n<h2><strong>Information about ALP Tropical Fruit 6mg\/pouch:<\/strong><\/h2>\n<ul>\n<li><strong>Br\u00e4ndi:<\/strong> ALP<\/li>\n<li class=\" translation-block\"><strong>Kategoria:<\/strong> Tupakattomat nikotiinipussit<\/li>\n<li><strong>Maku:<\/strong> Exotic Fruit<\/li>\n<li><strong>Nikotiinivahvuus:<\/strong> \u25c9\u25c9\u25ce\u25ce\u25ce Normal<\/li>\n<li><strong>Valmistaja:<\/strong> ALP Supply Co. LLC<\/li>\n<li><strong>Pussin Muoto:<\/strong> Slim<\/li>\n<li><strong>Nikotiinia mg\/pussi:<\/strong> 6 mg<\/li>\n<li><strong>Tupakaton:<\/strong> Yes, ALP Tropical Fruit nicotine pouches are tobacco-free<\/li>\n<li class=\" translation-block\"><strong>Pusseja t\u00f6lkiss\u00e4:<\/strong> 20 pussia<\/li>\n<li><strong>Ainesosat: <\/strong>Microcrystalline, Cellulose, Xylitol, Water, Propylene Glycol, Flavorings, Nicotine, Tartaric Acid, Flavorant, Sodium Carbonate, Sodium Bicarbonate, Sodium Chloride, Sucralose, Hydroxypropyl Cellulose, Gum Arabic.<\/li>\n<li><strong>Maa:\u00a0<\/strong>Designed in the USA, assembled in India<\/li>\n<li><strong>N\u00e4yt\u00e4 lis\u00e4\u00e4<\/strong>\u00a0<a href=\"https:\/\/nicotinedeals.com\/fi\/brandi\/alp-nicotine-pouches\/\"><strong>ALP Nicotine Pouches<\/strong><\/a><\/li>\n<li><strong>Nettopaino\/purkki: <\/strong>10 g<\/li>\n<li><strong>Other Strenghts:<\/strong> ALP Tropical Fruit 3 mg <a href=\"https:\/\/nicotinedeals.com\/fi\/tuote\/alp-tropical-fruit-9mg\/\">ALP Tropical Fruit 9 mg<\/a><\/li>\n<li><strong>Expiration date:\u00a0<\/strong>12 kuukautta<\/li>\n<\/ul>\n<p><img decoding=\"async\" class=\"alignnone size-full wp-image-12113\" src=\"https:\/\/nicotinedeals.com\/wp-content\/uploads\/2025\/04\/alp-tropical-fruit-6mg-can.png\" alt=\"ALP Tropical Fruit 6mg can\" width=\"200\" height=\"200\" srcset=\"https:\/\/nicotinedeals.com\/wp-content\/uploads\/2025\/04\/alp-tropical-fruit-6mg-can.png 200w, https:\/\/nicotinedeals.com\/wp-content\/uploads\/2025\/04\/alp-tropical-fruit-6mg-can-150x150.png 150w, https:\/\/nicotinedeals.com\/wp-content\/uploads\/2025\/04\/alp-tropical-fruit-6mg-can-12x12.png 12w, https:\/\/nicotinedeals.com\/wp-content\/uploads\/2025\/04\/alp-tropical-fruit-6mg-can-50x50.png 50w\" sizes=\"(max-width: 200px) 100vw, 200px\" \/><\/p>\n<p><a href=\"https:\/\/nicotinedeals.com\/fi\/alp-tropical-fruit-6mg\/\"><strong>ALP Tropical Fruit 6mg Best Price USA<\/strong><\/a><\/p>\n<div><strong>WARNING: This product contains nicotine. Nicotine is an addictive chemical. +21 in the US<\/strong><\/div>","protected":false},"excerpt":{"rendered":"<p><strong>ALP Tropical Fruit 6mg <\/strong>slightly sweet exotic fruit flavor with 6mg of nicotine per pouch! Perfect moistured pouches in slim format. 20 pouches in each can. Enjoy clean, crisp, and slightly sweet fruit flavor. 100% Tobacco-free, all-white nicotine pouches, produced by American brand ALP.<\/p>","protected":false},"featured_media":12112,"comment_status":"open","ping_status":"closed","template":"","meta":[],"pwb-brand":[624],"product_cat":[19],"product_tag":[192,91,633,81,44,54,107],"brands":[{"id":624,"name":"ALP Nicotine Pouches","slug":"alp-nicotine-pouches"}],"_links":{"self":[{"href":"https:\/\/nicotinedeals.com\/fi\/wp-json\/wp\/v2\/product\/12110"}],"collection":[{"href":"https:\/\/nicotinedeals.com\/fi\/wp-json\/wp\/v2\/product"}],"about":[{"href":"https:\/\/nicotinedeals.com\/fi\/wp-json\/wp\/v2\/types\/product"}],"replies":[{"embeddable":true,"href":"https:\/\/nicotinedeals.com\/fi\/wp-json\/wp\/v2\/comments?post=12110"}],"wp:featuredmedia":[{"embeddable":true,"href":"https:\/\/nicotinedeals.com\/fi\/wp-json\/wp\/v2\/media\/12112"}],"wp:attachment":[{"href":"https:\/\/nicotinedeals.com\/fi\/wp-json\/wp\/v2\/media?parent=12110"}],"wp:term":[{"taxonomy":"pwb-brand","embeddable":true,"href":"https:\/\/nicotinedeals.com\/fi\/wp-json\/wp\/v2\/pwb-brand?post=12110"},{"taxonomy":"product_cat","embeddable":true,"href":"https:\/\/nicotinedeals.com\/fi\/wp-json\/wp\/v2\/product_cat?post=12110"},{"taxonomy":"product_tag","embeddable":true,"href":"https:\/\/nicotinedeals.com\/fi\/wp-json\/wp\/v2\/product_tag?post=12110"}],"curies":[{"name":"wp","href":"https:\/\/api.w.org\/{rel}","templated":true}]}}