{"id":12143,"date":"2025-04-19T07:52:31","date_gmt":"2025-04-19T07:52:31","guid":{"rendered":"https:\/\/nicotinedeals.com\/?post_type=product&#038;p=12143"},"modified":"2025-04-22T19:29:00","modified_gmt":"2025-04-22T19:29:00","slug":"alp-chilled-mint-3mg","status":"publish","type":"product","link":"https:\/\/nicotinedeals.com\/fi\/tuote\/alp-chilled-mint-3mg\/","title":{"rendered":"ALP Chilled Mint 3mg"},"content":{"rendered":"<h1>ALP Chilled Mint 3mg<\/h1>\n<p class=\"\" data-start=\"453\" data-end=\"684\">Crisp menthol sensation with a low nicotine strength of 3mg of nicotine per pouch. The flavor is sharp and herbal, offering that classic mint experience with a frosty twist in a slim pouch. There are 20 slim, tobacco-free pouches in each can. Made by ALP, a premium nicotine pouch brand from the USA.<\/p>\n<h2><strong>Information about ALP Chilled Mint 3mg\/pouch:<\/strong><\/h2>\n<ul>\n<li><strong>Br\u00e4ndi:<\/strong> ALP<\/li>\n<li class=\" translation-block\"><strong>Kategoria:<\/strong> Tupakattomat nikotiinipussit<\/li>\n<li><strong>Maku:<\/strong> Minttu<\/li>\n<li><strong>Nikotiinivahvuus:<\/strong> \u25c9\u25ce\u25ce\u25ce\u25ce Low<\/li>\n<li><strong>Valmistaja:<\/strong> ALP Supply Co. LLC<\/li>\n<li><strong>Pussin Muoto:<\/strong> Slim<\/li>\n<li><strong>Nikotiinia mg\/pussi:<\/strong> 3 mg<\/li>\n<li><strong>Tupakaton:<\/strong> Yes, ALP Chilled Mint nicotine pouches are tobacco-free<\/li>\n<li class=\" translation-block\"><strong>Pusseja t\u00f6lkiss\u00e4:<\/strong> 20 pussia<\/li>\n<li><strong>Ainesosat: <\/strong>Synthetic nicotine, flavorings, and fillers like plant fibers. Tobacco free pouches.<\/li>\n<li><strong>Maa:\u00a0<\/strong>Designed in the USA, assembled in India<\/li>\n<li><strong>N\u00e4yt\u00e4 lis\u00e4\u00e4<\/strong>\u00a0<a href=\"https:\/\/nicotinedeals.com\/fi\/brandi\/alp-nicotine-pouches\/\"><strong>ALP Nicotine Pouches<\/strong><\/a><\/li>\n<li><strong>Nettopaino\/purkki: <\/strong>10 g<\/li>\n<li><strong>Other Strenghts:<\/strong> <a href=\"https:\/\/nicotinedeals.com\/fi\/tuote\/alp-chilled-mint-6mg\/\">ALP Chilled Mint 6mg<\/a> <a href=\"https:\/\/nicotinedeals.com\/fi\/tuote\/alp-chilled-mint-9mg\/\">ALP Chilled Mint 9mg<\/a><\/li>\n<li><strong>Expiration date:\u00a0<\/strong>12 kuukautta<\/li>\n<\/ul>\n<p><img decoding=\"async\" class=\"alignnone size-full wp-image-12145\" src=\"https:\/\/nicotinedeals.com\/wp-content\/uploads\/2025\/04\/alp-chilled-mint-3mg-can.png\" alt=\"ALP Chilled Mint 3mg nicotine pouch can\" width=\"200\" height=\"200\" srcset=\"https:\/\/nicotinedeals.com\/wp-content\/uploads\/2025\/04\/alp-chilled-mint-3mg-can.png 200w, https:\/\/nicotinedeals.com\/wp-content\/uploads\/2025\/04\/alp-chilled-mint-3mg-can-150x150.png 150w, https:\/\/nicotinedeals.com\/wp-content\/uploads\/2025\/04\/alp-chilled-mint-3mg-can-12x12.png 12w, https:\/\/nicotinedeals.com\/wp-content\/uploads\/2025\/04\/alp-chilled-mint-3mg-can-50x50.png 50w, https:\/\/nicotinedeals.com\/wp-content\/uploads\/2025\/04\/elementor\/thumbs\/alp-chilled-mint-3mg-can-150x150.png 300w\" sizes=\"(max-width: 200px) 100vw, 200px\" \/><\/p>\n<p><a href=\"https:\/\/nicotinedeals.com\/fi\/alp-chilled-mint-3mg\/\"><strong>ALP Chilled Mint 3mg Best Price USA<\/strong><\/a><\/p>\n<div><strong>WARNING: This product contains nicotine. Nicotine is an addictive chemical. +21 in the US<\/strong><\/div>","protected":false},"excerpt":{"rendered":"<p><strong>ALP Chilled Mint 3mg <\/strong>a cooling mint flavor with a smooth, icy finish. Each pouch is perfectly moistened with a low nicotine strength of 3mg of nicotine per slim pouch. Each can contains 20, tobacco-free pouches, designed in the USA by ALP.<\/p>","protected":false},"featured_media":12144,"comment_status":"open","ping_status":"closed","template":"","meta":[],"pwb-brand":[624],"product_cat":[19],"product_tag":[192,90,640,97,50,54],"brands":[{"id":624,"name":"ALP Nicotine Pouches","slug":"alp-nicotine-pouches"}],"_links":{"self":[{"href":"https:\/\/nicotinedeals.com\/fi\/wp-json\/wp\/v2\/product\/12143"}],"collection":[{"href":"https:\/\/nicotinedeals.com\/fi\/wp-json\/wp\/v2\/product"}],"about":[{"href":"https:\/\/nicotinedeals.com\/fi\/wp-json\/wp\/v2\/types\/product"}],"replies":[{"embeddable":true,"href":"https:\/\/nicotinedeals.com\/fi\/wp-json\/wp\/v2\/comments?post=12143"}],"wp:featuredmedia":[{"embeddable":true,"href":"https:\/\/nicotinedeals.com\/fi\/wp-json\/wp\/v2\/media\/12144"}],"wp:attachment":[{"href":"https:\/\/nicotinedeals.com\/fi\/wp-json\/wp\/v2\/media?parent=12143"}],"wp:term":[{"taxonomy":"pwb-brand","embeddable":true,"href":"https:\/\/nicotinedeals.com\/fi\/wp-json\/wp\/v2\/pwb-brand?post=12143"},{"taxonomy":"product_cat","embeddable":true,"href":"https:\/\/nicotinedeals.com\/fi\/wp-json\/wp\/v2\/product_cat?post=12143"},{"taxonomy":"product_tag","embeddable":true,"href":"https:\/\/nicotinedeals.com\/fi\/wp-json\/wp\/v2\/product_tag?post=12143"}],"curies":[{"name":"wp","href":"https:\/\/api.w.org\/{rel}","templated":true}]}}