{"id":12154,"date":"2025-04-20T12:18:45","date_gmt":"2025-04-20T12:18:45","guid":{"rendered":"https:\/\/nicotinedeals.com\/?post_type=product&#038;p=12154"},"modified":"2025-04-20T12:31:18","modified_gmt":"2025-04-20T12:31:18","slug":"alp-tropical-fruit-3mg","status":"publish","type":"product","link":"https:\/\/nicotinedeals.com\/fi\/tuote\/alp-tropical-fruit-3mg\/","title":{"rendered":"ALP Tropical Fruit 3mg"},"content":{"rendered":"<h1>ALP Tropical Fruit 3mg<\/h1>\n<p>Tropical fruit flavor in every slim pouch with Tucker Carlson&#8217;s ALP Tropical Fruit 3mg. Enjoy a clean, crisp, and slightly sweet fruit flavor, balanced with a low nicotine strength of 3mg nicotine per pouch. ALP is an American brand made by Tucker Carlson.<\/p>\n<h2><strong>Information about ALP Tropical Fruit 3mg\/pouch:<\/strong><\/h2>\n<ul>\n<li><strong>Br\u00e4ndi:<\/strong> ALP<\/li>\n<li class=\" translation-block\"><strong>Kategoria:<\/strong> Tupakattomat nikotiinipussit<\/li>\n<li><strong>Maku:<\/strong> Exotic Fruit<\/li>\n<li><strong>Nikotiinivahvuus:<\/strong> \u25c9\u25ce\u25ce\u25ce\u25ce Low<\/li>\n<li><strong>Valmistaja:<\/strong> ALP Supply Co. LLC<\/li>\n<li><strong>Pussin Muoto:<\/strong> Slim<\/li>\n<li><strong>Nikotiinia mg\/pussi:<\/strong> 3 mg<\/li>\n<li><strong>Tupakaton:<\/strong> Yes, ALP Tropical Fruit nicotine pouches are tobacco-free<\/li>\n<li class=\" translation-block\"><strong>Pusseja t\u00f6lkiss\u00e4:<\/strong> 20 pussia<\/li>\n<li><strong>Ainesosat: <\/strong>Microcrystalline, Cellulose, Xylitol, Water, Propylene Glycol, Flavorings, Nicotine, Tartaric Acid, Flavorant, Sodium Carbonate, Sodium Bicarbonate, Sodium Chloride, Sucralose, Hydroxypropyl Cellulose, Gum Arabic.<\/li>\n<li><strong>Maa:\u00a0<\/strong>Designed in the USA, assembled in India<\/li>\n<li><strong>N\u00e4yt\u00e4 lis\u00e4\u00e4<\/strong>\u00a0<a href=\"https:\/\/nicotinedeals.com\/fi\/brandi\/alp-nicotine-pouches\/\"><strong>ALP Nicotine Pouches<\/strong><\/a><\/li>\n<li><strong>Nettopaino\/purkki: <\/strong>10 g<\/li>\n<li><strong>Other Strenghts:<\/strong> <a href=\"https:\/\/nicotinedeals.com\/fi\/tuote\/alp-tropical-fruit-6mg\/\">ALP Tropical Fruit 6 mg<\/a> <a href=\"https:\/\/nicotinedeals.com\/fi\/tuote\/alp-tropical-fruit-9mg\/\">ALP Tropical Fruit 9 mg<\/a><\/li>\n<li><strong>Expiration date:\u00a0<\/strong>12 kuukautta<\/li>\n<\/ul>\n<p><img decoding=\"async\" class=\"alignnone size-full wp-image-12156\" src=\"https:\/\/nicotinedeals.com\/wp-content\/uploads\/2025\/04\/alp-tropical-fruit-3mg-can.png\" alt=\"ALP Tropical Fruit 3mg can\" width=\"200\" height=\"200\" srcset=\"https:\/\/nicotinedeals.com\/wp-content\/uploads\/2025\/04\/alp-tropical-fruit-3mg-can.png 200w, https:\/\/nicotinedeals.com\/wp-content\/uploads\/2025\/04\/alp-tropical-fruit-3mg-can-150x150.png 150w, https:\/\/nicotinedeals.com\/wp-content\/uploads\/2025\/04\/alp-tropical-fruit-3mg-can-12x12.png 12w, https:\/\/nicotinedeals.com\/wp-content\/uploads\/2025\/04\/alp-tropical-fruit-3mg-can-50x50.png 50w\" sizes=\"(max-width: 200px) 100vw, 200px\" \/><\/p>\n<p><a href=\"https:\/\/nicotinedeals.com\/fi\/alp-tropical-fruit-3mg\/\"><strong>ALP Tropical Fruit 3mg Best Price USA<\/strong><\/a><\/p>\n<div><strong>WARNING: This product contains nicotine. Nicotine is an addictive chemical. +21 in the US<\/strong><\/div>","protected":false},"excerpt":{"rendered":"<p><strong>ALP Tropical Fruit 3mg <\/strong>exotic fruit with a slightly sweet flavor and 3mg of nicotine per pouch! Low nicotine strength with only 3mg of nicotine per pouch. 20 slim perfect moistured pouches in each can. 100% Tobacco-free, all-white nicotine pouches, produced by American brand ALP.<\/p>","protected":false},"featured_media":12155,"comment_status":"open","ping_status":"closed","template":"","meta":[],"pwb-brand":[624],"product_cat":[19],"product_tag":[192,90,641,81,97,54,107],"brands":[{"id":624,"name":"ALP Nicotine Pouches","slug":"alp-nicotine-pouches"}],"_links":{"self":[{"href":"https:\/\/nicotinedeals.com\/fi\/wp-json\/wp\/v2\/product\/12154"}],"collection":[{"href":"https:\/\/nicotinedeals.com\/fi\/wp-json\/wp\/v2\/product"}],"about":[{"href":"https:\/\/nicotinedeals.com\/fi\/wp-json\/wp\/v2\/types\/product"}],"replies":[{"embeddable":true,"href":"https:\/\/nicotinedeals.com\/fi\/wp-json\/wp\/v2\/comments?post=12154"}],"wp:featuredmedia":[{"embeddable":true,"href":"https:\/\/nicotinedeals.com\/fi\/wp-json\/wp\/v2\/media\/12155"}],"wp:attachment":[{"href":"https:\/\/nicotinedeals.com\/fi\/wp-json\/wp\/v2\/media?parent=12154"}],"wp:term":[{"taxonomy":"pwb-brand","embeddable":true,"href":"https:\/\/nicotinedeals.com\/fi\/wp-json\/wp\/v2\/pwb-brand?post=12154"},{"taxonomy":"product_cat","embeddable":true,"href":"https:\/\/nicotinedeals.com\/fi\/wp-json\/wp\/v2\/product_cat?post=12154"},{"taxonomy":"product_tag","embeddable":true,"href":"https:\/\/nicotinedeals.com\/fi\/wp-json\/wp\/v2\/product_tag?post=12154"}],"curies":[{"name":"wp","href":"https:\/\/api.w.org\/{rel}","templated":true}]}}