{"id":12250,"date":"2025-05-09T06:36:05","date_gmt":"2025-05-09T06:36:05","guid":{"rendered":"https:\/\/nicotinedeals.com\/?post_type=product&#038;p=12250"},"modified":"2025-07-03T06:34:40","modified_gmt":"2025-07-03T06:34:40","slug":"velo-plus-mclaren-citrus-chill-6mg","status":"publish","type":"product","link":"https:\/\/nicotinedeals.com\/fi\/tuote\/velo-plus-mclaren-citrus-chill-6mg\/","title":{"rendered":"VELO Plus McLaren Citrus Chill 6mg"},"content":{"rendered":"<h1>VELO Plus McLaren Citrus Chill 6mg &#8211; Limited Edition Formula 1 Flavor<\/h1>\n<p class=\"\" data-start=\"239\" data-end=\"564\">A slightly sweet nicotine pouch with fresh citrus and mint flavor. All packed in a\u00a0 limited edition tin, a collaboration with the McLaren Formula 1. With in the tin there are 5 cans of VELO Plus McLaren Citrus Chill 6mg. A total of 100 (20 pouches x 5 cans) slim pouches with fresh citrus and mint flavor. The strength is considered &#8220;Normal&#8221; with 6mg of nicotine per pouch. VELO Plus McLaren is free from tobacco.<\/p>\n<h2><strong>Information about VELO Plus McLaren Citrus Chill 6mg\/pouch:<\/strong><\/h2>\n<ul>\n<li><strong>Br\u00e4ndi:<\/strong>\u00a0VELO<\/li>\n<li class=\" translation-block\"><strong>Kategoria:<\/strong> Tupakattomat nikotiinipussit<\/li>\n<li><strong>Makuvivahteet:<\/strong> Sitrus<\/li>\n<li><strong>Nikotiinivahvuus:<\/strong> \u25c9\u25c9\u25ce\u25ce\u25ce Normal<\/li>\n<li><strong>Valmistaja:<\/strong> BAT (British American Tobacco)<\/li>\n<li><strong>Pussin Muoto:<\/strong> Slim<\/li>\n<li><strong>Nikotiinia mg\/pussi: <\/strong>6 mg<\/li>\n<li><strong>Tupakaton:<\/strong> Yes, VELO Plus McLaren Citrus Chill nicotine pouches are tobacco-free<\/li>\n<li><strong>Pussien M\u00e4\u00e4r\u00e4 Per Purkki:<\/strong> 100 pouches<\/li>\n<li><strong>Ainesosat: <\/strong>Non-tobacco derived synthetic nicotine, microcrystalline cellulose, sodium carbonates, sucralose, salt, water, artificial flavor<\/li>\n<li><strong>Paino per annos (grammoina):\u00a0<\/strong>0.5 g<\/li>\n<li><strong>Nettopaino\/purkki:<\/strong> 53,18 g<\/li>\n<li><strong>Julkaisup\u00e4iv\u00e4m\u00e4\u00e4r\u00e4:<\/strong> April 2025<\/li>\n<li><strong>Alkuper\u00e4maa:<\/strong> Ruotsi<\/li>\n<li><strong>N\u00e4yt\u00e4 lis\u00e4\u00e4<\/strong>\u00a0<strong><a href=\"https:\/\/nicotinedeals.com\/fi\/brandi\/velo\/\">VELO Nicotine Pouches<\/a><\/strong><\/li>\n<\/ul>\n<div><img decoding=\"async\" class=\"alignnone size-full wp-image-12253\" src=\"https:\/\/nicotinedeals.com\/wp-content\/uploads\/2025\/05\/velo-plus-mclaren-citrus-chill-6mg-can.png\" alt=\"VELO Plus McLaren Citrus Chill 6mg can\" width=\"200\" height=\"200\" srcset=\"https:\/\/nicotinedeals.com\/wp-content\/uploads\/2025\/05\/velo-plus-mclaren-citrus-chill-6mg-can.png 200w, https:\/\/nicotinedeals.com\/wp-content\/uploads\/2025\/05\/velo-plus-mclaren-citrus-chill-6mg-can-150x150.png 150w, https:\/\/nicotinedeals.com\/wp-content\/uploads\/2025\/05\/velo-plus-mclaren-citrus-chill-6mg-can-12x12.png 12w, https:\/\/nicotinedeals.com\/wp-content\/uploads\/2025\/05\/velo-plus-mclaren-citrus-chill-6mg-can-50x50.png 50w\" sizes=\"(max-width: 200px) 100vw, 200px\" \/><\/div>\n<div>\n<div><a href=\"https:\/\/nicotinedeals.com\/fi\/velo-plus-mclaren-citrus-chill-6mg\/\"><strong>VELO McLaren Citrus Chill Best Price USA<\/strong><\/a><\/div>\n<\/div>\n<div>\n<p data-start=\"1538\" data-end=\"1635\" data-is-last-node=\"\" data-is-only-node=\"\"><strong>WARNING: This product contains nicotine. Nicotine is an addictive chemical. +21 in the US<\/strong><\/p>\n<\/div>","protected":false},"excerpt":{"rendered":"<p><strong>VELO Plus McLaren Citrus Chill 6mg<\/strong> fresh citrus, with a cooling minty flavor. Limited tin edition, with 5 cans inside. 100 slim pouches in each tin (20 pouches x 5 cans). The strength is classified as &#8220;Normal&#8221; with 6 mg of nicotine per pouch. This product is 100% free from tobacco.<\/p>","protected":false},"featured_media":12252,"comment_status":"open","ping_status":"closed","template":"","meta":[],"pwb-brand":[36],"product_cat":[19],"product_tag":[645,91,34,44,54,648],"brands":[{"id":36,"name":"VELO","slug":"velo"}],"_links":{"self":[{"href":"https:\/\/nicotinedeals.com\/fi\/wp-json\/wp\/v2\/product\/12250"}],"collection":[{"href":"https:\/\/nicotinedeals.com\/fi\/wp-json\/wp\/v2\/product"}],"about":[{"href":"https:\/\/nicotinedeals.com\/fi\/wp-json\/wp\/v2\/types\/product"}],"replies":[{"embeddable":true,"href":"https:\/\/nicotinedeals.com\/fi\/wp-json\/wp\/v2\/comments?post=12250"}],"wp:featuredmedia":[{"embeddable":true,"href":"https:\/\/nicotinedeals.com\/fi\/wp-json\/wp\/v2\/media\/12252"}],"wp:attachment":[{"href":"https:\/\/nicotinedeals.com\/fi\/wp-json\/wp\/v2\/media?parent=12250"}],"wp:term":[{"taxonomy":"pwb-brand","embeddable":true,"href":"https:\/\/nicotinedeals.com\/fi\/wp-json\/wp\/v2\/pwb-brand?post=12250"},{"taxonomy":"product_cat","embeddable":true,"href":"https:\/\/nicotinedeals.com\/fi\/wp-json\/wp\/v2\/product_cat?post=12250"},{"taxonomy":"product_tag","embeddable":true,"href":"https:\/\/nicotinedeals.com\/fi\/wp-json\/wp\/v2\/product_tag?post=12250"}],"curies":[{"name":"wp","href":"https:\/\/api.w.org\/{rel}","templated":true}]}}