{"id":12433,"date":"2025-10-07T07:32:02","date_gmt":"2025-10-07T07:32:02","guid":{"rendered":"https:\/\/nicotinedeals.com\/?post_type=product&#038;p=12433"},"modified":"2026-04-18T20:56:09","modified_gmt":"2026-04-18T20:56:09","slug":"alp-sweet-nectar-6mg","status":"publish","type":"product","link":"https:\/\/nicotinedeals.com\/fi\/tuote\/alp-sweet-nectar-6mg\/","title":{"rendered":"ALP Sweet Nectar 6mg"},"content":{"rendered":"<h1>ALP Sweet Nectar 6mg<\/h1>\n<p>Nectar flavored nicotine pouch in a slim format with a &#8220;normal&#8221; nicotine strength, with 6mg\/per pouch. There are 20 pouches in each can. ALP Sweet Nectar is perfectly moist, and free from tobacco. ALP is an American brand, made by ALP Supply Co. LLC<\/p>\n<h2><strong>Information about ALP Sweet Nectar 6mg\/pouch:<\/strong><\/h2>\n<ul>\n<li><strong>Br\u00e4ndi:<\/strong> ALP<\/li>\n<li class=\" translation-block\"><strong>Kategoria:<\/strong> Tupakattomat nikotiinipussit<\/li>\n<li><strong>Maku:<\/strong> Nectar<\/li>\n<li><strong>Nikotiinivahvuus:<\/strong> \u25c9\u25c9\u25ce\u25ce\u25ce Normal<\/li>\n<li><strong>Valmistaja:<\/strong> ALP Supply Co. LLC<\/li>\n<li><strong>Pussin Muoto:<\/strong> Slim<\/li>\n<li><strong>Nikotiinia mg\/pussi:<\/strong> 6 mg<\/li>\n<li><strong>Tupakaton:<\/strong> Yes, ALP Sweet Nectar 6mg nicotine pouches are tobacco-free<\/li>\n<li><strong>Pussien M\u00e4\u00e4r\u00e4 Per Purkki:<\/strong> 20 pouches<\/li>\n<li><strong>Ainesosat: <\/strong>Synthetic nicotine, flavorings, and fillers like plant fibers. Tobacco free pouches.<\/li>\n<li><strong>Maa:\u00a0<\/strong>Designed in the USA, assembled in India<\/li>\n<li><strong>N\u00e4yt\u00e4 lis\u00e4\u00e4<\/strong>\u00a0<a href=\"https:\/\/nicotinedeals.com\/fi\/alp-nicotine-pouches\/\"><strong>ALP Nicotine Pouches<\/strong><\/a><\/li>\n<li><strong>Nettopaino\/purkki: <\/strong>10 g<\/li>\n<li><strong>Expiration date:\u00a0<\/strong>12 kuukautta<\/li>\n<\/ul>\n<p><img decoding=\"async\" class=\"alignnone size-full wp-image-12435\" src=\"https:\/\/nicotinedeals.com\/wp-content\/uploads\/2025\/10\/alp-pouches-sweet-nectar-6mg.png\" alt=\"ALP Sweet Nectar 6mg\" width=\"200\" height=\"200\" srcset=\"https:\/\/nicotinedeals.com\/wp-content\/uploads\/2025\/10\/alp-pouches-sweet-nectar-6mg.png 200w, https:\/\/nicotinedeals.com\/wp-content\/uploads\/2025\/10\/alp-pouches-sweet-nectar-6mg-150x150.png 150w, https:\/\/nicotinedeals.com\/wp-content\/uploads\/2025\/10\/alp-pouches-sweet-nectar-6mg-12x12.png 12w, https:\/\/nicotinedeals.com\/wp-content\/uploads\/2025\/10\/alp-pouches-sweet-nectar-6mg-50x50.png 50w\" sizes=\"(max-width: 200px) 100vw, 200px\" \/><\/p>\n<p><a href=\"https:\/\/nicotinedeals.com\/fi\/alp-sweet-nectar-6mg\/\"><strong>ALP Sweet Nectar 6mg Best Price USA<\/strong><\/a><\/p>\n<div><strong>WARNING: This product contains nicotine. Nicotine is an addictive chemical. +21 in the US<\/strong><\/div>","protected":false},"excerpt":{"rendered":"<p><strong>ALP Sweet Nectar 6mg <\/strong>a slim pouch with a burst of sweet nectar flavor and 6 mg of nicotine per pouch. The nicotine strength is &#8220;Normal&#8221; and there are 20 pouches in each can. ALP is free from tobacco, and produced by American brand ALP Supply Co. LLC.<\/p>","protected":false},"featured_media":12434,"comment_status":"open","ping_status":"closed","template":"","meta":[],"pwb-brand":[624],"product_cat":[19],"product_tag":[192,91,661,81,660,44,54],"brands":[{"id":624,"name":"ALP Nicotine Pouches","slug":"alp-nicotine-pouches"}],"_links":{"self":[{"href":"https:\/\/nicotinedeals.com\/fi\/wp-json\/wp\/v2\/product\/12433"}],"collection":[{"href":"https:\/\/nicotinedeals.com\/fi\/wp-json\/wp\/v2\/product"}],"about":[{"href":"https:\/\/nicotinedeals.com\/fi\/wp-json\/wp\/v2\/types\/product"}],"replies":[{"embeddable":true,"href":"https:\/\/nicotinedeals.com\/fi\/wp-json\/wp\/v2\/comments?post=12433"}],"wp:featuredmedia":[{"embeddable":true,"href":"https:\/\/nicotinedeals.com\/fi\/wp-json\/wp\/v2\/media\/12434"}],"wp:attachment":[{"href":"https:\/\/nicotinedeals.com\/fi\/wp-json\/wp\/v2\/media?parent=12433"}],"wp:term":[{"taxonomy":"pwb-brand","embeddable":true,"href":"https:\/\/nicotinedeals.com\/fi\/wp-json\/wp\/v2\/pwb-brand?post=12433"},{"taxonomy":"product_cat","embeddable":true,"href":"https:\/\/nicotinedeals.com\/fi\/wp-json\/wp\/v2\/product_cat?post=12433"},{"taxonomy":"product_tag","embeddable":true,"href":"https:\/\/nicotinedeals.com\/fi\/wp-json\/wp\/v2\/product_tag?post=12433"}],"curies":[{"name":"wp","href":"https:\/\/api.w.org\/{rel}","templated":true}]}}