{"id":12451,"date":"2025-10-09T08:34:23","date_gmt":"2025-10-09T08:34:23","guid":{"rendered":"https:\/\/nicotinedeals.com\/?post_type=product&#038;p=12451"},"modified":"2026-03-07T03:45:23","modified_gmt":"2026-03-07T03:45:23","slug":"velo-plus-cappuccino-9mg","status":"publish","type":"product","link":"https:\/\/nicotinedeals.com\/fi\/tuote\/velo-plus-cappuccino-9mg\/","title":{"rendered":"VELO Plus Cappuccino 9mg"},"content":{"rendered":"<h1>VELO Plus Cappuccino 9mg<\/h1>\n<p class=\"\" data-start=\"239\" data-end=\"564\">Experience the rich, creamy taste of cappuccino \u2014 without the caffeine. <strong data-start=\"72\" data-end=\"101\">VELO Plus Cappuccino 9 mg<\/strong> serves up a bold coffee profile with smooth notes of caramel for a caf\u00e9-style flavor you can enjoy anytime. Each portion contains <strong data-start=\"232\" data-end=\"252\">9 mg of nicotine<\/strong>, the strongest option in the VELO Plus range, delivering a steady, satisfying hit. The <strong data-start=\"340\" data-end=\"363\">moist, slim pouches<\/strong> fit comfortably under the upper lip and kick in fast, releasing flavor and nicotine quickly for a clean, satisfying experience. Store properly to keep freshness locked in \u2014 each can offers a <strong data-start=\"555\" data-end=\"588\">shelf life of up to 18 months<\/strong>.<\/p>\n<h2><strong>Information about VELO Plus Cappuccino 9mg\/pouch:<\/strong><\/h2>\n<ul>\n<li><strong>Br\u00e4ndi:<\/strong>\u00a0VELO<\/li>\n<li class=\" translation-block\"><strong>Kategoria:<\/strong> Tupakattomat nikotiinipussit<\/li>\n<li><strong>Makuvivahteet: <\/strong>Cappuccino, Coffee, Caramel<\/li>\n<li><strong>Nikotiinivahvuus:<\/strong> \u25c9\u25c9\u25c9\u25ce\u25ce\u25ce Strong<\/li>\n<li><strong>Valmistaja:<\/strong> BAT (British American Tobacco)<\/li>\n<li><strong>Pussin Muoto:<\/strong> Slim<\/li>\n<li><strong>Nikotiinia mg\/pussi: <\/strong>9 mg<\/li>\n<li><strong>Tupakaton:<\/strong> Yes, VELO Plus Cappuccino 9mg nicotine pouches are tobacco-free<\/li>\n<li><strong>Pussien M\u00e4\u00e4r\u00e4 Per Purkki:<\/strong> 20 pouches<\/li>\n<li><strong>Ainesosat: <\/strong>Non-tobacco derived synthetic nicotine, microcrystalline cellulose, sodium carbonates, sucralose, salt, water, artificial flavor<\/li>\n<li><strong>Paino per annos (grammoina):\u00a0<\/strong>0.5 g<\/li>\n<li><strong>Netto weight:<\/strong> 10,6 g<\/li>\n<li><strong>Alkuper\u00e4maa:<\/strong> Ruotsi<\/li>\n<li><strong>N\u00e4yt\u00e4 lis\u00e4\u00e4<\/strong>\u00a0<strong><a href=\"https:\/\/nicotinedeals.com\/fi\/brandi\/velo\/\">VELO Nicotine Pouches<\/a><\/strong><\/li>\n<\/ul>\n<div><img decoding=\"async\" class=\"alignnone size-full wp-image-12453\" src=\"https:\/\/nicotinedeals.com\/wp-content\/uploads\/2025\/10\/velo-plus-cappuccino-9mg-can.png\" alt=\"VELO Plus Cappuccino can\" width=\"200\" height=\"200\" srcset=\"https:\/\/nicotinedeals.com\/wp-content\/uploads\/2025\/10\/velo-plus-cappuccino-9mg-can.png 200w, https:\/\/nicotinedeals.com\/wp-content\/uploads\/2025\/10\/velo-plus-cappuccino-9mg-can-150x150.png 150w, https:\/\/nicotinedeals.com\/wp-content\/uploads\/2025\/10\/velo-plus-cappuccino-9mg-can-12x12.png 12w, https:\/\/nicotinedeals.com\/wp-content\/uploads\/2025\/10\/velo-plus-cappuccino-9mg-can-50x50.png 50w, https:\/\/nicotinedeals.com\/wp-content\/uploads\/2025\/10\/elementor\/thumbs\/velo-plus-cappuccino-9mg-can-150x150.png 300w, https:\/\/nicotinedeals.com\/wp-content\/uploads\/2025\/10\/elementor\/thumbs\/velo-plus-cappuccino-9mg-can-150x150.png 400w\" sizes=\"(max-width: 200px) 100vw, 200px\" \/><\/div>\n<div>\n<div><a href=\"https:\/\/nicotinedeals.com\/fi\/velo-plus-cappuccino-9mg\/\"><strong>VELO Plus Cappuccino 9mg Best Price USA<\/strong><\/a><\/div>\n<\/div>\n<div>\n<p data-start=\"1538\" data-end=\"1635\" data-is-last-node=\"\" data-is-only-node=\"\"><strong>WARNING: This product contains nicotine. Nicotine is an addictive chemical. +21 in the US<\/strong><\/p>\n<\/div>","protected":false},"excerpt":{"rendered":"<p><strong>VELO Plus Cappuccino 9mg<\/strong> a sweet, medium-roast coffee profile layered with cream, a hint of caramel, and 9 mg of nicotine per pouch. 100% free from tobacco.<\/p>","protected":false},"featured_media":12452,"comment_status":"open","ping_status":"closed","template":"","meta":[],"pwb-brand":[36],"product_cat":[19],"product_tag":[93,330,70,54,41,662,654],"brands":[{"id":36,"name":"VELO","slug":"velo"}],"_links":{"self":[{"href":"https:\/\/nicotinedeals.com\/fi\/wp-json\/wp\/v2\/product\/12451"}],"collection":[{"href":"https:\/\/nicotinedeals.com\/fi\/wp-json\/wp\/v2\/product"}],"about":[{"href":"https:\/\/nicotinedeals.com\/fi\/wp-json\/wp\/v2\/types\/product"}],"replies":[{"embeddable":true,"href":"https:\/\/nicotinedeals.com\/fi\/wp-json\/wp\/v2\/comments?post=12451"}],"wp:featuredmedia":[{"embeddable":true,"href":"https:\/\/nicotinedeals.com\/fi\/wp-json\/wp\/v2\/media\/12452"}],"wp:attachment":[{"href":"https:\/\/nicotinedeals.com\/fi\/wp-json\/wp\/v2\/media?parent=12451"}],"wp:term":[{"taxonomy":"pwb-brand","embeddable":true,"href":"https:\/\/nicotinedeals.com\/fi\/wp-json\/wp\/v2\/pwb-brand?post=12451"},{"taxonomy":"product_cat","embeddable":true,"href":"https:\/\/nicotinedeals.com\/fi\/wp-json\/wp\/v2\/product_cat?post=12451"},{"taxonomy":"product_tag","embeddable":true,"href":"https:\/\/nicotinedeals.com\/fi\/wp-json\/wp\/v2\/product_tag?post=12451"}],"curies":[{"name":"wp","href":"https:\/\/api.w.org\/{rel}","templated":true}]}}