{"id":1363,"date":"2024-07-17T07:53:02","date_gmt":"2024-07-17T07:53:02","guid":{"rendered":"https:\/\/nicotinedeals.com\/?post_type=product&#038;p=1363"},"modified":"2026-04-02T05:11:33","modified_gmt":"2026-04-02T05:11:33","slug":"velo-tropical-mango-6-mg","status":"publish","type":"product","link":"https:\/\/nicotinedeals.com\/fi\/tuote\/velo-tropical-mango-6-mg\/","title":{"rendered":"VELO Tropical Mango 6 mg"},"content":{"rendered":"<h1>VELO Tropical Mango 6 mg<\/h1>\n<p><strong>is the new name for VELO Breezy Mango Slim with a sweet taste of mango, mandarin, and passion fruit.\u00a0<\/strong><\/p>\n<p>The format is slim, and the product has an average nicotine strength of 2 dots out of 6. The nicotine content per pouch is 6 mg, and the total nicotine content is 8,6 mg\/g.<\/p>\n<h2><strong>Information about VELO Tropical Mango 6 mg:<\/strong><\/h2>\n<ul>\n<li><strong>Br\u00e4ndi:<\/strong> VELO<\/li>\n<li class=\" translation-block\"><strong>Kategoria:<\/strong> Tupakattomat nikotiinipussit<\/li>\n<li><strong>Makuvivahteet:<\/strong> Mango, Mandarin, Passion Fruit<\/li>\n<li><strong>Nikotiinipitoisuus:<\/strong> 8,6 mg\/g<\/li>\n<li><strong>Nikotiinivahvuus:<\/strong> \u25c9\u25c9\u25ce\u25ce\u25ce\u25ce Normal (strength 2 out of 6)<\/li>\n<li><strong>Valmistaja:<\/strong> British American Tobacco (BAT)<\/li>\n<li><strong>Alkuper\u00e4maa:<\/strong> Ruotsi<\/li>\n<li><strong>Pussin Muoto:<\/strong> Slim<\/li>\n<li><strong>Nikotiinia mg\/pussi:<\/strong>\u00a06 mg<\/li>\n<li><strong>Tupakaton:<\/strong> Yes, all VELO Tropical Mango nicotine pouches are tobacco-free<\/li>\n<li class=\" translation-block\"><strong>Pusseja t\u00f6lkiss\u00e4:<\/strong> 20 pussia<\/li>\n<li><strong>Ainesosat: <\/strong>Water, filler (E460), flavor enhancer (table salt), xylitol, flavors, thickening agent (E401), nicotine, ammonium chloride, sweetener (E950), acidity regulator (E500)<\/li>\n<li><strong>Paino per annos (grammoina): <\/strong>0.7 g<\/li>\n<li><strong>Nettopaino\/purkki:<\/strong> 14 g<\/li>\n<li><strong>Julkaisup\u00e4iv\u00e4m\u00e4\u00e4r\u00e4:<\/strong> January 2024<\/li>\n<li><strong>Previous name: <\/strong>VELO Breezy Mango,\u00a0VELO Tropic Breeze Slim<\/li>\n<li><strong>Extra Strong version:<\/strong> <span style=\"text-decoration: underline;\"><strong><a href=\"https:\/\/nicotinedeals.com\/fi\/tuote\/velo-tropical-mango-14-mg\/\">VELO Tropical Mango<\/a><\/strong><\/span> \u25c9\u25c9\u25c9\u25c9\u25c9\u25ce 14 mg of nicotine per pouch<\/li>\n<li><strong>N\u00e4yt\u00e4 lis\u00e4\u00e4<\/strong> <strong><a href=\"https:\/\/nicotinedeals.com\/fi\/brandi\/velo\/\">VELO Nicotine Pouches<\/a><\/strong><\/li>\n<\/ul>\n<div><strong>VELO Tropical Mango Best Price<\/strong><\/div>\n<div><\/div>\n<div><strong>VAROITUS: T\u00e4m\u00e4 tuote sis\u00e4lt\u00e4\u00e4 nikotiinia. Nikotiini on addiktiivinen kemikaali.<\/strong><\/div>","protected":false},"excerpt":{"rendered":"<p><strong>VELO Tropical Mango 6 mg<\/strong> Slim is a fruity blend with flavors of mandarin, passion fruit, and mango. A redesign of <strong>VELO Breezy Mango<\/strong>\u00a0but with the same flavor as before. This tobacco-free nicotine pouch contains 20 pouches per can.<\/p>\n<p><a class=\"button\" href=\"https:\/\/nicotinedeals.com\/fi\/velo-breezy-mango\/\">Paras hinta | Globaali<\/a><\/p>","protected":false},"featured_media":11874,"comment_status":"open","ping_status":"closed","template":"","meta":[],"pwb-brand":[36],"product_cat":[19],"product_tag":[192,91,76,81,45,73,71,44,74,54,595,594],"brands":[{"id":36,"name":"VELO","slug":"velo"}],"_links":{"self":[{"href":"https:\/\/nicotinedeals.com\/fi\/wp-json\/wp\/v2\/product\/1363"}],"collection":[{"href":"https:\/\/nicotinedeals.com\/fi\/wp-json\/wp\/v2\/product"}],"about":[{"href":"https:\/\/nicotinedeals.com\/fi\/wp-json\/wp\/v2\/types\/product"}],"replies":[{"embeddable":true,"href":"https:\/\/nicotinedeals.com\/fi\/wp-json\/wp\/v2\/comments?post=1363"}],"wp:featuredmedia":[{"embeddable":true,"href":"https:\/\/nicotinedeals.com\/fi\/wp-json\/wp\/v2\/media\/11874"}],"wp:attachment":[{"href":"https:\/\/nicotinedeals.com\/fi\/wp-json\/wp\/v2\/media?parent=1363"}],"wp:term":[{"taxonomy":"pwb-brand","embeddable":true,"href":"https:\/\/nicotinedeals.com\/fi\/wp-json\/wp\/v2\/pwb-brand?post=1363"},{"taxonomy":"product_cat","embeddable":true,"href":"https:\/\/nicotinedeals.com\/fi\/wp-json\/wp\/v2\/product_cat?post=1363"},{"taxonomy":"product_tag","embeddable":true,"href":"https:\/\/nicotinedeals.com\/fi\/wp-json\/wp\/v2\/product_tag?post=1363"}],"curies":[{"name":"wp","href":"https:\/\/api.w.org\/{rel}","templated":true}]}}