{"id":1372,"date":"2024-07-18T19:32:12","date_gmt":"2024-07-18T19:32:12","guid":{"rendered":"https:\/\/nicotinedeals.com\/?post_type=product&#038;p=1372"},"modified":"2025-01-23T07:51:02","modified_gmt":"2025-01-23T07:51:02","slug":"apres-ice-tea-peach","status":"publish","type":"product","link":"https:\/\/nicotinedeals.com\/fi\/tuote\/apres-ice-tea-peach\/","title":{"rendered":"Apr\u00e8s Ice Tea Peach"},"content":{"rendered":"<h1>Apr\u00e8s Ice Tea Peach<\/h1>\n<p>Apr\u00e8s Ice Tea Peach N\u00b05\u00a0 has a sweet peach flavor with notes of black tea. The format is slim, and the product has an average nicotine strength of 2 dots out of 4. The nicotine content per pouch is 4.4 mg, and the total nicotine content is 8 mg\/g. Each can contains 20 tobacco-free pouches.<\/p>\n<h2><strong>Information about Apr\u00e8s Ice Tea Peach<\/strong><\/h2>\n<ul>\n<li><strong>Br\u00e4ndi:<\/strong> Apr\u00e8s<\/li>\n<li class=\" translation-block\"><strong>Kategoria:<\/strong> Tupakattomat nikotiinipussit<\/li>\n<li><strong>Maku:<\/strong> Peach, Black Tea<\/li>\n<li><strong>Nikotiinipitoisuus:<\/strong> 8 mg\/g<\/li>\n<li><strong>Nikotiinivahvuus:<\/strong> \u25c9\u25c9\u25ce\u25ce Normal (strength 2 out of 4)<\/li>\n<li><strong>Valmistaja:<\/strong> Apr\u00e8s Nicotine AB<\/li>\n<li><strong>Pussin Muoto:<\/strong> Slim<\/li>\n<li><strong>Nikotiinia mg\/pussi:<\/strong>\u00a0 4.4 mg<\/li>\n<li><strong>Tupakaton:<\/strong> Yes, all Apr\u00e8s nicotine pouches are tobacco-free<\/li>\n<li class=\" translation-block\"><strong>Pusseja t\u00f6lkiss\u00e4:<\/strong> 20 pussia<\/li>\n<li><strong>Ainesosat: <\/strong>Cellulose (E460), water, salt, thickening agent (E401), humectant (E1520), acidity regulator (E501), sweetener (E950), flavors, nicotine, thickening agent (E1200).<\/li>\n<li><strong>Moisture content:\u00a0<\/strong>37%<\/li>\n<li><strong>Paino per annos (grammoina): <\/strong>0.55 g<\/li>\n<li><strong>Nettopaino\/purkki:<\/strong> 11 g<\/li>\n<li><strong>Julkaisup\u00e4iv\u00e4m\u00e4\u00e4r\u00e4:<\/strong> November 2021<\/li>\n<li><strong>Maa: <\/strong>Ruotsi<\/li>\n<li><strong>N\u00e4yt\u00e4 lis\u00e4\u00e4<\/strong> <a href=\"https:\/\/nicotinedeals.com\/fi\/brandi\/apres\/\"><strong>Apr\u00e8s Nicotine Pouches<\/strong><\/a><\/li>\n<\/ul>\n<div><img decoding=\"async\" class=\"alignnone size-full wp-image-5713\" src=\"https:\/\/nicotinedeals.com\/wp-content\/uploads\/2024\/07\/apres-ice-tea-peach-.png\" alt=\"Apr\u00e8s Ice Tea Peach\" width=\"128\" height=\"128\" srcset=\"https:\/\/nicotinedeals.com\/wp-content\/uploads\/2024\/07\/apres-ice-tea-peach-.png 128w, https:\/\/nicotinedeals.com\/wp-content\/uploads\/2024\/07\/apres-ice-tea-peach--50x50.png 50w\" sizes=\"(max-width: 128px) 100vw, 128px\" \/><\/div>\n<div><strong>Apr\u00e8s Ice Tea Peach Best Price<\/strong><\/div>\n<div><\/div>\n<div>All Apr\u00e9s products and packaging are made from plant-based materials, and the products are completely free from tobacco.<\/div>\n<div><\/div>\n<div><strong>VAROITUS: T\u00e4m\u00e4 tuote sis\u00e4lt\u00e4\u00e4 nikotiinia. Nikotiini on addiktiivinen kemikaali.<\/strong><\/div>","protected":false},"excerpt":{"rendered":"<p><strong>Apr\u00e8s Ice Tea Peach <\/strong>Slim is a fruity blend with flavors of peach and black tea. Enjoy a long-lasting flavor experience with a strength level of 2. This tobacco-free nicotine pouch contains 20 pouches per can.<\/p>\n<p>&nbsp;<\/p>\n<p><a class=\"button\" href=\"https:\/\/nicotinedeals.com\/fi\/apres-ice-tea-peach\/\">Click for Best Price | Americas &#038; Caribbean<\/a><\/p>","protected":false},"featured_media":1373,"comment_status":"open","ping_status":"closed","template":"","meta":[],"pwb-brand":[77],"product_cat":[19],"product_tag":[192,95,78,81,79,82,83,44,80,54,84],"brands":[{"id":77,"name":"Apr\u00e8s","slug":"apres"}],"_links":{"self":[{"href":"https:\/\/nicotinedeals.com\/fi\/wp-json\/wp\/v2\/product\/1372"}],"collection":[{"href":"https:\/\/nicotinedeals.com\/fi\/wp-json\/wp\/v2\/product"}],"about":[{"href":"https:\/\/nicotinedeals.com\/fi\/wp-json\/wp\/v2\/types\/product"}],"replies":[{"embeddable":true,"href":"https:\/\/nicotinedeals.com\/fi\/wp-json\/wp\/v2\/comments?post=1372"}],"wp:featuredmedia":[{"embeddable":true,"href":"https:\/\/nicotinedeals.com\/fi\/wp-json\/wp\/v2\/media\/1373"}],"wp:attachment":[{"href":"https:\/\/nicotinedeals.com\/fi\/wp-json\/wp\/v2\/media?parent=1372"}],"wp:term":[{"taxonomy":"pwb-brand","embeddable":true,"href":"https:\/\/nicotinedeals.com\/fi\/wp-json\/wp\/v2\/pwb-brand?post=1372"},{"taxonomy":"product_cat","embeddable":true,"href":"https:\/\/nicotinedeals.com\/fi\/wp-json\/wp\/v2\/product_cat?post=1372"},{"taxonomy":"product_tag","embeddable":true,"href":"https:\/\/nicotinedeals.com\/fi\/wp-json\/wp\/v2\/product_tag?post=1372"}],"curies":[{"name":"wp","href":"https:\/\/api.w.org\/{rel}","templated":true}]}}