{"id":1675,"date":"2024-07-25T18:11:35","date_gmt":"2024-07-25T18:11:35","guid":{"rendered":"https:\/\/nicotinedeals.com\/?post_type=product&#038;p=1675"},"modified":"2025-10-05T00:15:39","modified_gmt":"2025-10-05T00:15:39","slug":"loop-jalapeno-lime-strong","status":"publish","type":"product","link":"https:\/\/nicotinedeals.com\/fi\/tuote\/loop-jalapeno-lime-strong\/","title":{"rendered":"Loop Jalapeno Lime Strong"},"content":{"rendered":"<h1>Loop Jalapeno Lime Strong<\/h1>\n<p>with the flavor of jalape\u00f1o and lime is a Swedish tobacco-free all-white pouch with 22 portions per can. The nicotine content per pouch is 9 mg.<\/p>\n<p>The format is slim, and the product has an strong nicotine strength of 3 dots out of 4. The nicotine content per pouch is 9,4 mg, and the total nicotine content is 15 mg\/g.<\/p>\n<h2><strong>Information about Loop Jalapeno Lime Strong:<\/strong><\/h2>\n<ul>\n<li><strong>Br\u00e4ndi:<\/strong> Loop<\/li>\n<li class=\" translation-block\"><strong>Kategoria:<\/strong> Tupakattomat nikotiinipussit<\/li>\n<li><strong>Makuvivahteet:<\/strong> Jalape\u00f1o, Lime<\/li>\n<li><strong>Nikotiinipitoisuus:<\/strong> 15 mg\/g<\/li>\n<li><strong>Nikotiinivahvuus:<\/strong> \u25c9\u25c9\u25c9\u25ce\u25ce Strong (strength 3 out of 4)<\/li>\n<li><strong>Valmistaja:<\/strong> Another Snus Factory<\/li>\n<li><strong>Pussin Muoto:<\/strong> Slim<\/li>\n<li><strong>Nikotiinia mg\/pussi: <\/strong>9,4 mg<\/li>\n<li><strong>Nicotine mg\/can:<\/strong> 206,25 mg<\/li>\n<li><strong>Tupakaton:<\/strong> Yes, all Loop nicotine pouches are tobacco-free<\/li>\n<li><strong>Pussien M\u00e4\u00e4r\u00e4 Per Purkki:<\/strong> 22 pouches<\/li>\n<li><strong>Ainesosat: <\/strong>Fiber, water, nicotine, flavorings, sweeteners (E968, E950), acidity regulators (E500, E330), humectants (E401), anti-caking agent (E551), sodium chloride, preservative (E202)<\/li>\n<li><strong>Paino per annos (grammoina): <\/strong>0.63 g<\/li>\n<li><strong>Nettopaino\/purkki:<\/strong> 13,75 g<\/li>\n<li><strong>Julkaisup\u00e4iv\u00e4m\u00e4\u00e4r\u00e4:<\/strong> March 2020<\/li>\n<li><strong>N\u00e4yt\u00e4 lis\u00e4\u00e4<\/strong> <strong><a href=\"https:\/\/nicotinedeals.com\/fi\/brandi\/loop\/\">Loop Nicotine Pouches<\/a><\/strong><\/li>\n<\/ul>\n<p><img decoding=\"async\" class=\"alignnone size-full wp-image-3540\" src=\"https:\/\/nicotinedeals.com\/wp-content\/uploads\/2024\/07\/loop-jalapeno-lime-extra-strong.png\" alt=\"Loop Jalapeno Lime Strong\" width=\"128\" height=\"128\" srcset=\"https:\/\/nicotinedeals.com\/wp-content\/uploads\/2024\/07\/loop-jalapeno-lime-extra-strong.png 128w, https:\/\/nicotinedeals.com\/wp-content\/uploads\/2024\/07\/loop-jalapeno-lime-extra-strong-50x50.png 50w\" sizes=\"(max-width: 128px) 100vw, 128px\" \/><\/p>\n<div><strong>Loop Jalapeno Lime is also available as:<\/strong><\/div>\n<div>\n<div>Loop Jalapeno Lime Normal \u25c9\u25c9\u25ce\u25ce\u25ce 6,25 mg nicotine per pouch<\/div>\n<div>Loop Jalapeno Lime Mini \u25c9\u25c9\u25ce\u25ce\u25ce 6,75 mg nicotine per pouch<\/div>\n<div>Loop Jalapeno Lime Strong Extra \u25c9\u25c9\u25c9\u25c9\u25ce 12,5 mg nicotine per pouch<\/div>\n<div><span style=\"text-decoration: underline;\"><a href=\"https:\/\/nicotinedeals.com\/fi\/tuote\/loop-jalapeno-lime-hyper-strong\/\">Loop Jalapeno Lime Hyper Strong<\/a><\/span> \u25c9\u25c9\u25c9\u25c9\u25c9 15,6 mg nicotine per pouch<\/div>\n<div><\/div>\n<\/div>\n<div>\n<div><strong>Loop Jalapeno Lime Strong Best Price<\/strong><\/div>\n<div><\/div>\n<div><strong>VAROITUS: T\u00e4m\u00e4 tuote sis\u00e4lt\u00e4\u00e4 nikotiinia. Nikotiini on addiktiivinen kemikaali.<\/strong><\/div>\n<\/div>","protected":false},"excerpt":{"rendered":"<p><strong>Loop Jalapeno Lime Strong<\/strong> is a Swedish product with a jalape\u00f1o and lime flavor and extra strong nicotine strength with 9 mg per pouch. This tobacco-free product comes in a slim format and contains 22 portions per can.<\/p>\n<p><a class=\"button\" href=\"https:\/\/nicotinedeals.com\/fi\/loop-jalapeno-lime-hyper-strong\/\">Click for Best Price | Americas &amp; Caribbean<\/a><\/p>","protected":false},"featured_media":3604,"comment_status":"open","ping_status":"closed","template":"","meta":[],"pwb-brand":[86],"product_cat":[19],"product_tag":[178,93,98,88,89,87,54,41],"brands":[{"id":86,"name":"Loop","slug":"loop"}],"_links":{"self":[{"href":"https:\/\/nicotinedeals.com\/fi\/wp-json\/wp\/v2\/product\/1675"}],"collection":[{"href":"https:\/\/nicotinedeals.com\/fi\/wp-json\/wp\/v2\/product"}],"about":[{"href":"https:\/\/nicotinedeals.com\/fi\/wp-json\/wp\/v2\/types\/product"}],"replies":[{"embeddable":true,"href":"https:\/\/nicotinedeals.com\/fi\/wp-json\/wp\/v2\/comments?post=1675"}],"wp:featuredmedia":[{"embeddable":true,"href":"https:\/\/nicotinedeals.com\/fi\/wp-json\/wp\/v2\/media\/3604"}],"wp:attachment":[{"href":"https:\/\/nicotinedeals.com\/fi\/wp-json\/wp\/v2\/media?parent=1675"}],"wp:term":[{"taxonomy":"pwb-brand","embeddable":true,"href":"https:\/\/nicotinedeals.com\/fi\/wp-json\/wp\/v2\/pwb-brand?post=1675"},{"taxonomy":"product_cat","embeddable":true,"href":"https:\/\/nicotinedeals.com\/fi\/wp-json\/wp\/v2\/product_cat?post=1675"},{"taxonomy":"product_tag","embeddable":true,"href":"https:\/\/nicotinedeals.com\/fi\/wp-json\/wp\/v2\/product_tag?post=1675"}],"curies":[{"name":"wp","href":"https:\/\/api.w.org\/{rel}","templated":true}]}}