{"id":168,"date":"2024-07-05T20:04:06","date_gmt":"2024-07-05T20:04:06","guid":{"rendered":"https:\/\/nicotinedeals.com\/?post_type=product&#038;p=168"},"modified":"2025-02-23T10:50:40","modified_gmt":"2025-02-23T10:50:40","slug":"velo-purple-grape-mini","status":"publish","type":"product","link":"https:\/\/nicotinedeals.com\/fi\/tuote\/velo-purple-grape-mini\/","title":{"rendered":"VELO Purple Grape Mini"},"content":{"rendered":"<h1>VELO Purple Grape Mini<\/h1>\n<p>VELO Purple Grape Mini is the new name for VELO Groovy Grape Mini with a sweet taste of red grape. Mini has a smaller pouch that is more discreet when used.<\/p>\n<p>The format is mini, and the product has an average nicotine strength of 2 dots out of 6. The nicotine content per pouch is 6 mg, and the total nicotine content is 11.9 mg\/g.<\/p>\n<h2><strong>Information about VELO Purple Grape Mini:<\/strong><\/h2>\n<ul>\n<li><strong>Br\u00e4ndi:<\/strong> VELO<\/li>\n<li class=\" translation-block\"><strong>Kategoria:<\/strong> Tupakattomat nikotiinipussit<\/li>\n<li><strong>Makuvivahteet:<\/strong> Red Grape<\/li>\n<li><strong>Nikotiinipitoisuus:<\/strong> 11.9 mg\/g<\/li>\n<li><strong>Nikotiinivahvuus:<\/strong> Normal (strength 2 out of 6)<\/li>\n<li><strong>Valmistaja:<\/strong> British American Tobacco (BAT)<\/li>\n<li><strong>Pussin Muoto:<\/strong> Mini<\/li>\n<li><strong>Nikotiinia mg\/pussi:<\/strong>\u00a0 6 mg<\/li>\n<li><strong>Tupakaton:<\/strong> Yes, all VELO nicotine pouches are tobacco-free<\/li>\n<li class=\" translation-block\"><strong>Pusseja t\u00f6lkiss\u00e4:<\/strong> 20 pussia<\/li>\n<li><strong>Ainesosat: <\/strong>Filler (E460), water, flavor enhancer (table salt), xylitol, flavors, thickening agent (E401), humectant (1520), nicotine, sweetener (E955), acidity regulator (E500)<\/li>\n<li><strong>Paino per annos (grammoina): <\/strong>0.5 g<\/li>\n<li><strong>Nettopaino\/purkki:<\/strong> 10 g<\/li>\n<li><strong>Julkaisup\u00e4iv\u00e4m\u00e4\u00e4r\u00e4:<\/strong> February 2025<\/li>\n<li><strong>Previously know as:<\/strong> VELO Groovy Grape Mini and Royal Purple Mini<\/li>\n<li><strong>N\u00e4yt\u00e4 lis\u00e4\u00e4<\/strong> <strong><a href=\"https:\/\/nicotinedeals.com\/fi\/brandi\/velo\/\">VELO Nicotine Pouches<\/a><\/strong><\/li>\n<\/ul>\n<div>VELO Purple Grape is also available in a slim version, with a nicotine content of 10 mg per pouch.<\/div>\n<div><strong>VELO Purple Grape Mini Best Price. <\/strong>Se more <strong><a href=\"https:\/\/nicotinedeals.com\/fi\/brandi\/velo\/\">VELO Nicotine Pouches<\/a><\/strong><\/div>\n<div><\/div>\n<div><strong>VAROITUS: T\u00e4m\u00e4 tuote sis\u00e4lt\u00e4\u00e4 nikotiinia. Nikotiini on addiktiivinen kemikaali.<\/strong><\/div>","protected":false},"excerpt":{"rendered":"<p><strong>VELO Purple Grape Mini<\/strong> from the brand VELO has a flavor of red grapes. A redesign of <strong>Groovy Grape Mini<\/strong> but with the same flavor as before. The nicotine content per pouch is 6 mg, and the total nicotine content is 11.9 mg\/g. This tobacco-free nicotine pouch contains 20 pouches per can.<\/p>\n<p><a class=\"button\" href=\"https:\/\/nicotinedeals.com\/fi\/velo-groovy-grape-mini\/\">Click for Best Price | Americas &amp; Caribbean<\/a><\/p>","protected":false},"featured_media":11877,"comment_status":"open","ping_status":"closed","template":"","meta":[],"pwb-brand":[36],"product_cat":[19],"product_tag":[192,91,81,45,46,42,22,44,37,43,593],"brands":[{"id":36,"name":"VELO","slug":"velo"}],"_links":{"self":[{"href":"https:\/\/nicotinedeals.com\/fi\/wp-json\/wp\/v2\/product\/168"}],"collection":[{"href":"https:\/\/nicotinedeals.com\/fi\/wp-json\/wp\/v2\/product"}],"about":[{"href":"https:\/\/nicotinedeals.com\/fi\/wp-json\/wp\/v2\/types\/product"}],"replies":[{"embeddable":true,"href":"https:\/\/nicotinedeals.com\/fi\/wp-json\/wp\/v2\/comments?post=168"}],"wp:featuredmedia":[{"embeddable":true,"href":"https:\/\/nicotinedeals.com\/fi\/wp-json\/wp\/v2\/media\/11877"}],"wp:attachment":[{"href":"https:\/\/nicotinedeals.com\/fi\/wp-json\/wp\/v2\/media?parent=168"}],"wp:term":[{"taxonomy":"pwb-brand","embeddable":true,"href":"https:\/\/nicotinedeals.com\/fi\/wp-json\/wp\/v2\/pwb-brand?post=168"},{"taxonomy":"product_cat","embeddable":true,"href":"https:\/\/nicotinedeals.com\/fi\/wp-json\/wp\/v2\/product_cat?post=168"},{"taxonomy":"product_tag","embeddable":true,"href":"https:\/\/nicotinedeals.com\/fi\/wp-json\/wp\/v2\/product_tag?post=168"}],"curies":[{"name":"wp","href":"https:\/\/api.w.org\/{rel}","templated":true}]}}