{"id":2661,"date":"2024-08-09T08:41:18","date_gmt":"2024-08-09T08:41:18","guid":{"rendered":"https:\/\/nicotinedeals.com\/?post_type=product&#038;p=2661"},"modified":"2025-01-23T07:47:59","modified_gmt":"2025-01-23T07:47:59","slug":"velo-nutty-virginia-mini","status":"publish","type":"product","link":"https:\/\/nicotinedeals.com\/fi\/tuote\/velo-nutty-virginia-mini\/","title":{"rendered":"VELO Nutty Virginia Mini"},"content":{"rendered":"<h1>VELO Nutty Virginia Mini<\/h1>\n<p><strong>is a tobacco-free all white nicotine pouch with a traditional tobacco flavor, yet it&#8217;s completely tobacco-free. The nicotine strength is considered low (1\/6 dots).<\/strong><\/p>\n<p>The format is mini, and the product has an low\/average nicotine strength of 1 dot out of 6. The nicotine content per pouch is 4.2 mg, and the total nicotine content is 10 mg\/g.<\/p>\n<h2><strong>Information about VELO Nutty Virginia Mini:<\/strong><\/h2>\n<ul>\n<li><strong>Br\u00e4ndi:<\/strong> VELO<\/li>\n<li class=\" translation-block\"><strong>Kategoria:<\/strong> Tupakattomat nikotiinipussit<\/li>\n<li><strong>Makuvivahteet:<\/strong> Tobacco<\/li>\n<li><strong>Nikotiinipitoisuus:<\/strong> 10 mg\/g<\/li>\n<li><strong>Nikotiinivahvuus:<\/strong> Normal\/Low (strength 1 out of 6)<\/li>\n<li><strong>Valmistaja:<\/strong> British American Tobacco (BAT)<\/li>\n<li><strong>Pussin Muoto:<\/strong> Mini<\/li>\n<li><strong>Nikotiinia mg\/pussi: <\/strong>4.2\u00a0mg<\/li>\n<li><strong>Tupakaton:<\/strong> Yes, all VELO nicotine pouches are tobacco-free<\/li>\n<li class=\" translation-block\"><strong>Pusseja t\u00f6lkiss\u00e4:<\/strong> 20 pussia<\/li>\n<li><strong>Ainesosat:<\/strong>Water, filler (E460), flavor enhancer (table salt), xylitol, nicotine, flavorings, thickener (E401), ammonium chloride, acidity regulator (E500), sweetener (E950)<\/li>\n<li><strong>Moisture content: <\/strong>35%<\/li>\n<li><strong>Paino per annos (grammoina): <\/strong>0.42 g<\/li>\n<li><strong>Nettopaino\/purkki:<\/strong> 8.4 g<\/li>\n<li><strong>Julkaisup\u00e4iv\u00e4m\u00e4\u00e4r\u00e4:<\/strong> Lokakuu 2023<\/li>\n<li><strong>N\u00e4yt\u00e4 lis\u00e4\u00e4<\/strong> <strong><a href=\"https:\/\/nicotinedeals.com\/fi\/brandi\/velo\/\">VELO Nicotine Pouches<\/a><\/strong><\/li>\n<\/ul>\n<div>\n<div><strong>VELO Nutty Virginia Mini Best Price<\/strong><\/div>\n<div><\/div>\n<div><strong>VAROITUS: T\u00e4m\u00e4 tuote sis\u00e4lt\u00e4\u00e4 nikotiinia. Nikotiini on addiktiivinen kemikaali.<\/strong><\/div>\n<\/div>","protected":false},"excerpt":{"rendered":"<p><strong>VELO Nutty Virginia Mini<\/strong> is a nicotine pouch that is completely free from tobacco. Instead, the pouch contains flavoring that gives it the classic tobacco taste. In addition to the aroma, the pouches also consist of plant fiber and added nicotine. The format of this nicotine pouch is mini. A can of VELO Nutty Virginia Mini contains 20 all-white portions<\/p>\n<p><a class=\"button\" href=\"https:\/\/nicotinedeals.com\/fi\/velo-nutty-virginia-mini\/\">Click for Best Price | Americas &amp; Caribbean<\/a><\/p>","protected":false},"featured_media":2662,"comment_status":"open","ping_status":"closed","template":"","meta":[],"pwb-brand":[36],"product_cat":[19],"product_tag":[192,96,97,22,44,144,145,37],"brands":[{"id":36,"name":"VELO","slug":"velo"}],"_links":{"self":[{"href":"https:\/\/nicotinedeals.com\/fi\/wp-json\/wp\/v2\/product\/2661"}],"collection":[{"href":"https:\/\/nicotinedeals.com\/fi\/wp-json\/wp\/v2\/product"}],"about":[{"href":"https:\/\/nicotinedeals.com\/fi\/wp-json\/wp\/v2\/types\/product"}],"replies":[{"embeddable":true,"href":"https:\/\/nicotinedeals.com\/fi\/wp-json\/wp\/v2\/comments?post=2661"}],"wp:featuredmedia":[{"embeddable":true,"href":"https:\/\/nicotinedeals.com\/fi\/wp-json\/wp\/v2\/media\/2662"}],"wp:attachment":[{"href":"https:\/\/nicotinedeals.com\/fi\/wp-json\/wp\/v2\/media?parent=2661"}],"wp:term":[{"taxonomy":"pwb-brand","embeddable":true,"href":"https:\/\/nicotinedeals.com\/fi\/wp-json\/wp\/v2\/pwb-brand?post=2661"},{"taxonomy":"product_cat","embeddable":true,"href":"https:\/\/nicotinedeals.com\/fi\/wp-json\/wp\/v2\/product_cat?post=2661"},{"taxonomy":"product_tag","embeddable":true,"href":"https:\/\/nicotinedeals.com\/fi\/wp-json\/wp\/v2\/product_tag?post=2661"}],"curies":[{"name":"wp","href":"https:\/\/api.w.org\/{rel}","templated":true}]}}