{"id":3225,"date":"2024-08-15T14:32:40","date_gmt":"2024-08-15T14:32:40","guid":{"rendered":"https:\/\/nicotinedeals.com\/?post_type=product&#038;p=3225"},"modified":"2025-02-05T19:24:29","modified_gmt":"2025-02-05T19:24:29","slug":"lundgrens-ang","status":"publish","type":"product","link":"https:\/\/nicotinedeals.com\/fi\/tuote\/lundgrens-ang\/","title":{"rendered":"Lundgrens \u00c4ng"},"content":{"rendered":"<h1><strong>Lundgrens \u00c4ng<\/strong><\/h1>\n<p>on t\u00e4ysin valkoinen, tupakaton nikotiinipussi, jossa on kevyit\u00e4 niittymarjan vivahteita. Pussit ovat normaalikokoisia ja niiden vahvuus on 2 pistett\u00e4 4:st\u00e4. Nikotiinipitoisuus on 8 mg per pussi, ja kokonaisnikotiinipitoisuus on 10 mg\/g. Jokaisessa purkissa on 21 pussia.<\/p>\n<h2><strong>Tietoa Lundgrens \u00c4ngist\u00e4:<\/strong><\/h2>\n<ul>\n<li><strong>Br\u00e4ndi:<\/strong> Lundgrens<\/li>\n<li class=\" translation-block\"><strong>Kategoria:<\/strong> Tupakattomat nikotiinipussit<\/li>\n<li><strong>Makuvivahteet:<\/strong> Meadow Berries<\/li>\n<li><strong>Nikotiinipitoisuus:<\/strong> 10 mg\/g<\/li>\n<li><strong>Nikotiinivahvuus:<\/strong> \u25c9\u25c9\u25ce\u25ce Vahva (vahvuus 2\/4)<\/li>\n<li><strong>Nikotiinipitoisuus\/purkki:<\/strong> 16,8 mg\/can<\/li>\n<li><strong>Valmistaja:<\/strong> Fiedler &amp; Lundgren \/ BAT<\/li>\n<li><strong>Pussin Muoto:<\/strong> Regular<\/li>\n<li><strong>Nikotiinia mg\/pussi:<\/strong> 8 mg<\/li>\n<li><strong>Tupakaton:<\/strong> Yes, Lundgrens \u00c4ng are tobacco-free<\/li>\n<li><strong>Pussien M\u00e4\u00e4r\u00e4 Per Purkki:<\/strong> 21 pussia<\/li>\n<li><strong>Ainesosat: <\/strong>T\u00e4yteaineet (E460), vesi, makuvahvenne (suola), ksylitoli, nikotiini, aromit, salmiakki, happamuudens\u00e4\u00e4t\u00f6aine (E500).<\/li>\n<li><strong>Paino per annos (grammoina):\u00a0<\/strong>0,8 g<\/li>\n<li><strong>Nettopaino\/purkki:<\/strong> 16,8 g<\/li>\n<li><strong>Julkaisup\u00e4iv\u00e4m\u00e4\u00e4r\u00e4:<\/strong> Hein\u00e4kuu 2022<\/li>\n<li><strong>N\u00e4yt\u00e4 lis\u00e4\u00e4 <a href=\"https:\/\/nicotinedeals.com\/fi\/brandi\/lundgrens\/\">Lundgrens Nikotiinipussit<\/a><\/strong><\/li>\n<\/ul>\n<p><img decoding=\"async\" class=\"alignnone size-full wp-image-4641\" src=\"https:\/\/nicotinedeals.com\/wp-content\/uploads\/2024\/08\/lundgrens-ang-.png\" alt=\"Lundgrens \u00c4ng nicotine pouhces\" width=\"128\" height=\"128\" srcset=\"https:\/\/nicotinedeals.com\/wp-content\/uploads\/2024\/08\/lundgrens-ang-.png 128w, https:\/\/nicotinedeals.com\/wp-content\/uploads\/2024\/08\/lundgrens-ang--50x50.png 50w\" sizes=\"(max-width: 128px) 100vw, 128px\" \/><\/p>\n<div><strong>VAROITUS: T\u00e4m\u00e4 tuote sis\u00e4lt\u00e4\u00e4 nikotiinia. Nikotiini on addiktiivinen kemikaali.<\/strong><\/div>","protected":false},"excerpt":{"rendered":"<p><strong>Lundgrens \u00c4ng<\/strong> T\u00e4ysin valkoiset, tupakattomat pussit, joissa on niittymarjan vivahteita. Normaalikokoiset, vahvuus 2\/4, 8 mg nikotiinia per pussi, yhteens\u00e4 10 mg\/g. Purkissa 21 pussia.<\/p>\n<p><a class=\"button\" href=\"https:\/\/nicotinedeals.com\/fi\/lundgrens-\u00e4ng\/\">Paras hinta | Globaali<\/a><\/p>","protected":false},"featured_media":5625,"comment_status":"open","ping_status":"closed","template":"","meta":[],"pwb-brand":[47],"product_cat":[19],"product_tag":[211,109,158,117,157,159,160,161,41],"brands":[{"id":47,"name":"Lundgrens","slug":"lundgrens"}],"_links":{"self":[{"href":"https:\/\/nicotinedeals.com\/fi\/wp-json\/wp\/v2\/product\/3225"}],"collection":[{"href":"https:\/\/nicotinedeals.com\/fi\/wp-json\/wp\/v2\/product"}],"about":[{"href":"https:\/\/nicotinedeals.com\/fi\/wp-json\/wp\/v2\/types\/product"}],"replies":[{"embeddable":true,"href":"https:\/\/nicotinedeals.com\/fi\/wp-json\/wp\/v2\/comments?post=3225"}],"wp:featuredmedia":[{"embeddable":true,"href":"https:\/\/nicotinedeals.com\/fi\/wp-json\/wp\/v2\/media\/5625"}],"wp:attachment":[{"href":"https:\/\/nicotinedeals.com\/fi\/wp-json\/wp\/v2\/media?parent=3225"}],"wp:term":[{"taxonomy":"pwb-brand","embeddable":true,"href":"https:\/\/nicotinedeals.com\/fi\/wp-json\/wp\/v2\/pwb-brand?post=3225"},{"taxonomy":"product_cat","embeddable":true,"href":"https:\/\/nicotinedeals.com\/fi\/wp-json\/wp\/v2\/product_cat?post=3225"},{"taxonomy":"product_tag","embeddable":true,"href":"https:\/\/nicotinedeals.com\/fi\/wp-json\/wp\/v2\/product_tag?post=3225"}],"curies":[{"name":"wp","href":"https:\/\/api.w.org\/{rel}","templated":true}]}}