{"id":3260,"date":"2024-08-16T06:35:23","date_gmt":"2024-08-16T06:35:23","guid":{"rendered":"https:\/\/nicotinedeals.com\/?post_type=product&#038;p=3260"},"modified":"2025-02-23T11:14:44","modified_gmt":"2025-02-23T11:14:44","slug":"velo-green-spearmint-slim","status":"publish","type":"product","link":"https:\/\/nicotinedeals.com\/fi\/tuote\/velo-green-spearmint-slim\/","title":{"rendered":"VELO Green Spearmint Slim"},"content":{"rendered":"<h1>VELO Green Spearmint Slim<\/h1>\n<p>VELO Witty Spearmint is the new name for <em>VELO Witty Spearmint Slim<\/em> and is an all-white nicotine pouch with a flavor of spearmint and menthol.<\/p>\n<p>The format is slim, and the product has an normal nicotine strength of 2 dots out of 6. The nicotine content per pouch is 6 mg, and the total nicotine content is 8.6 mg\/g. Made in Sweden.<\/p>\n<h2><strong>Information about VELO Green Spearmint Slim 6 mg\/pouch:<\/strong><\/h2>\n<ul>\n<li><strong>Br\u00e4ndi:<\/strong> VELO<\/li>\n<li class=\" translation-block\"><strong>Kategoria:<\/strong> Tupakattomat nikotiinipussit<\/li>\n<li><strong>Makuvivahteet:<\/strong> Spearmint, Menthol<\/li>\n<li><strong>Nikotiinipitoisuus:<\/strong> 8.6 mg\/g<\/li>\n<li><strong>Nikotiinivahvuus:<\/strong> \u25c9\u25c9\u25ce\u25ce\u25ce\u25ce Normal (strength 2 out of 6)<\/li>\n<li><strong>Valmistaja:<\/strong> British American Tobacco (BAT)<\/li>\n<li><strong>Pussin Muoto:<\/strong> Slim<\/li>\n<li><strong>Nikotiinia mg\/pussi:<\/strong> 6 mg<\/li>\n<li><strong>Tupakaton:<\/strong> Yes, all VELO nicotine pouches are tobacco-free<\/li>\n<li class=\" translation-block\"><strong>Pusseja t\u00f6lkiss\u00e4:<\/strong> 20 pussia<\/li>\n<li><strong>Ainesosat:<\/strong> Water, filler (E460), flavor enhancer (salt), xylitol, nicotine, flavors, thickener (E401), salmiak, acidity regulator (E500), sweetener (E950).<\/li>\n<li><strong>Paino per annos (grammoina): <\/strong>0.7 g<\/li>\n<li><strong>Nettopaino\/purkki:<\/strong> 14 g<\/li>\n<li><strong>Julkaisup\u00e4iv\u00e4m\u00e4\u00e4r\u00e4:<\/strong> February 2024<\/li>\n<li><strong>Previously known as:<\/strong> VELO Witty Spearmint, VELO Mint Slim<\/li>\n<li><strong>N\u00e4yt\u00e4 lis\u00e4\u00e4<\/strong> <strong><a href=\"https:\/\/nicotinedeals.com\/fi\/brandi\/velo\/\">VELO Nicotine Pouches<\/a><\/strong><\/li>\n<\/ul>\n<p><img decoding=\"async\" class=\"alignnone wp-image-3264\" src=\"https:\/\/nicotinedeals.com\/wp-content\/uploads\/2024\/08\/velo-witty-spearmint-slim-.png\" alt=\"velo witty spearmint slim\" width=\"132\" height=\"132\" srcset=\"https:\/\/nicotinedeals.com\/wp-content\/uploads\/2024\/08\/velo-witty-spearmint-slim-.png 250w, https:\/\/nicotinedeals.com\/wp-content\/uploads\/2024\/08\/velo-witty-spearmint-slim--150x150.png 150w, https:\/\/nicotinedeals.com\/wp-content\/uploads\/2024\/08\/velo-witty-spearmint-slim--200x200.png 200w, https:\/\/nicotinedeals.com\/wp-content\/uploads\/2024\/08\/velo-witty-spearmint-slim--50x50.png 50w\" sizes=\"(max-width: 132px) 100vw, 132px\" \/><\/p>\n<p><strong>VAROITUS: T\u00e4m\u00e4 tuote sis\u00e4lt\u00e4\u00e4 nikotiinia. Nikotiini on addiktiivinen kemikaali.<\/strong><\/p>\n<p>&nbsp;<\/p>","protected":false},"excerpt":{"rendered":"<p><strong>VELO Green Spearmint Slim<\/strong> offers a fresh flavor of spearmint and menthol. Each pouch contains 6 mg of nicotine, making it a normal strength option. This tobacco-free product comes with 20 pouches per can. <strong>Previously known as VELO Witty Spearmint<\/strong><\/p>\n<p><a class=\"button\" href=\"https:\/\/nicotinedeals.com\/fi\/velo-witty-spearmint\/\">Paras hinta | Globaali<\/a><\/p>","protected":false},"featured_media":11884,"comment_status":"open","ping_status":"closed","template":"","meta":[],"pwb-brand":[36],"product_cat":[19],"product_tag":[192,91,53,50,44,54,29,37,605,604,606],"brands":[{"id":36,"name":"VELO","slug":"velo"}],"_links":{"self":[{"href":"https:\/\/nicotinedeals.com\/fi\/wp-json\/wp\/v2\/product\/3260"}],"collection":[{"href":"https:\/\/nicotinedeals.com\/fi\/wp-json\/wp\/v2\/product"}],"about":[{"href":"https:\/\/nicotinedeals.com\/fi\/wp-json\/wp\/v2\/types\/product"}],"replies":[{"embeddable":true,"href":"https:\/\/nicotinedeals.com\/fi\/wp-json\/wp\/v2\/comments?post=3260"}],"wp:featuredmedia":[{"embeddable":true,"href":"https:\/\/nicotinedeals.com\/fi\/wp-json\/wp\/v2\/media\/11884"}],"wp:attachment":[{"href":"https:\/\/nicotinedeals.com\/fi\/wp-json\/wp\/v2\/media?parent=3260"}],"wp:term":[{"taxonomy":"pwb-brand","embeddable":true,"href":"https:\/\/nicotinedeals.com\/fi\/wp-json\/wp\/v2\/pwb-brand?post=3260"},{"taxonomy":"product_cat","embeddable":true,"href":"https:\/\/nicotinedeals.com\/fi\/wp-json\/wp\/v2\/product_cat?post=3260"},{"taxonomy":"product_tag","embeddable":true,"href":"https:\/\/nicotinedeals.com\/fi\/wp-json\/wp\/v2\/product_tag?post=3260"}],"curies":[{"name":"wp","href":"https:\/\/api.w.org\/{rel}","templated":true}]}}