{"id":3521,"date":"2024-08-18T10:36:31","date_gmt":"2024-08-18T10:36:31","guid":{"rendered":"https:\/\/nicotinedeals.com\/?post_type=product&#038;p=3521"},"modified":"2025-07-14T13:57:37","modified_gmt":"2025-07-14T13:57:37","slug":"killa-watermelon","status":"publish","type":"product","link":"https:\/\/nicotinedeals.com\/fi\/tuote\/killa-watermelon\/","title":{"rendered":"KILLA Watermelon"},"content":{"rendered":"<h1><strong>KILLA Watermelon<\/strong><\/h1>\n<p>has a fresh juicy taste of watermelon. KILLA Watermelon is a Danish tobacco-free all-white pouch with 20 portions per can. The format is slim, and the product has an extra strong nicotine content with 12.8 mg per pouch. The total nicotine content is 16 mg\/g.<\/p>\n<h2><strong>Information about KILLA Watermelon Extra Strong:<\/strong><\/h2>\n<ul>\n<li><strong>Br\u00e4ndi:<\/strong> KILLA<\/li>\n<li class=\" translation-block\"><strong>Kategoria:<\/strong> Tupakattomat nikotiinipussit<\/li>\n<li><strong>Makuvivahteet:<\/strong> Watermelon<\/li>\n<li><strong>Nikotiinipitoisuus:<\/strong> 16 mg\/g<\/li>\n<li><strong>Nikotiinivahvuus:<\/strong> Eritt\u00e4in Vahva<\/li>\n<li><strong>Valmistaja:<\/strong> N.G.P. Europe<\/li>\n<li><strong>Pussin Muoto:<\/strong> Slim<\/li>\n<li><strong>Nikotiinia mg\/pussi: <\/strong>12,8 mg<\/li>\n<li><strong>Paino per annos (grammoina): <\/strong>0,8 g<\/li>\n<li><strong>Tupakaton:<\/strong> Yes, KILLA nicotine pouches are tobacco-free<\/li>\n<li><strong>Pussien M\u00e4\u00e4r\u00e4 Per Purkki:<\/strong> 20 pouches<\/li>\n<li><strong>Ainesosat:<\/strong> (\u0415460) cellulose, (\u0415501) pH-adjustment, (E1520) humectant, nicotine, flavoring, water, preservative.<\/li>\n<li><strong>N\u00e4yt\u00e4 lis\u00e4\u00e4<\/strong> <strong><a href=\"https:\/\/nicotinedeals.com\/fi\/brandi\/killa\/\">KILLA Nicotine Pouches<\/a><\/strong><\/li>\n<\/ul>\n<div>\n<p><strong>KILLA Nicotine Pouches Best Price<\/strong><\/p>\n<p><img decoding=\"async\" class=\"alignnone size-full wp-image-3527\" src=\"https:\/\/nicotinedeals.com\/wp-content\/uploads\/2024\/08\/killa-watermelon-extra-strong.png\" alt=\"killa watermelon\" width=\"192\" height=\"192\" srcset=\"https:\/\/nicotinedeals.com\/wp-content\/uploads\/2024\/08\/killa-watermelon-extra-strong.png 192w, https:\/\/nicotinedeals.com\/wp-content\/uploads\/2024\/08\/killa-watermelon-extra-strong-150x150.png 150w, https:\/\/nicotinedeals.com\/wp-content\/uploads\/2024\/08\/killa-watermelon-extra-strong-50x50.png 50w\" sizes=\"(max-width: 192px) 100vw, 192px\" \/><\/p>\n<\/div>\n<div>\n<div><strong>VAROITUS: T\u00e4m\u00e4 tuote sis\u00e4lt\u00e4\u00e4 nikotiinia. Nikotiini on addiktiivinen kemikaali.<\/strong><\/div>\n<\/div>\n<p>&nbsp;<\/p>\n<p>&nbsp;<\/p>","protected":false},"excerpt":{"rendered":"<p><strong>KILLA Watermelon <\/strong>is a Danish product with a watermelon flavor and extra strong strength with 12.8 mg nicotine per pouch. This tobacco-free product comes in a slim format and contains 20 portions per can.<\/p>\n<p><a class=\"button\" href=\"https:\/\/nicotinedeals.com\/fi\/killa-watermelon\/\">Click for Best Price | Americas &#038; Caribbean<\/a><\/p>","protected":false},"featured_media":3522,"comment_status":"open","ping_status":"closed","template":"","meta":[],"pwb-brand":[172],"product_cat":[19],"product_tag":[175,85,81,173,54,41,174],"brands":[{"id":172,"name":"KILLA","slug":"killa"}],"_links":{"self":[{"href":"https:\/\/nicotinedeals.com\/fi\/wp-json\/wp\/v2\/product\/3521"}],"collection":[{"href":"https:\/\/nicotinedeals.com\/fi\/wp-json\/wp\/v2\/product"}],"about":[{"href":"https:\/\/nicotinedeals.com\/fi\/wp-json\/wp\/v2\/types\/product"}],"replies":[{"embeddable":true,"href":"https:\/\/nicotinedeals.com\/fi\/wp-json\/wp\/v2\/comments?post=3521"}],"wp:featuredmedia":[{"embeddable":true,"href":"https:\/\/nicotinedeals.com\/fi\/wp-json\/wp\/v2\/media\/3522"}],"wp:attachment":[{"href":"https:\/\/nicotinedeals.com\/fi\/wp-json\/wp\/v2\/media?parent=3521"}],"wp:term":[{"taxonomy":"pwb-brand","embeddable":true,"href":"https:\/\/nicotinedeals.com\/fi\/wp-json\/wp\/v2\/pwb-brand?post=3521"},{"taxonomy":"product_cat","embeddable":true,"href":"https:\/\/nicotinedeals.com\/fi\/wp-json\/wp\/v2\/product_cat?post=3521"},{"taxonomy":"product_tag","embeddable":true,"href":"https:\/\/nicotinedeals.com\/fi\/wp-json\/wp\/v2\/product_tag?post=3521"}],"curies":[{"name":"wp","href":"https:\/\/api.w.org\/{rel}","templated":true}]}}