{"id":3785,"date":"2024-08-20T11:54:13","date_gmt":"2024-08-20T11:54:13","guid":{"rendered":"https:\/\/nicotinedeals.com\/?post_type=product&#038;p=3785"},"modified":"2026-04-02T05:08:56","modified_gmt":"2026-04-02T05:08:56","slug":"loop-red-chili-melon-strong","status":"publish","type":"product","link":"https:\/\/nicotinedeals.com\/fi\/tuote\/loop-red-chili-melon-strong\/","title":{"rendered":"Loop Red Chili Melon Strong"},"content":{"rendered":"<h1>Loop Red Chili Melon Strong<\/h1>\n<p>has the taste of chili and melon. This product has a strong nicotine strength of 3 out of 5 dots. Each pouch contains 9,4 mg of nicotine, with a total nicotine content of 15 mg\/g.<\/p>\n<h2><strong>Information about Loop Red Chili Melon Strong:<\/strong><\/h2>\n<ul>\n<li><strong>Br\u00e4ndi: <\/strong>Loop<\/li>\n<li class=\" translation-block\"><strong>Kategoria:<\/strong> Tupakattomat nikotiinipussit<\/li>\n<li><strong>Makuvivahteet:<\/strong> Chili, Melon<\/li>\n<li><strong>Nikotiinipitoisuus:<\/strong> 15 mg\/g<\/li>\n<li><strong>Nikotiinivahvuus:<\/strong> \u25c9\u25c9\u25c9\u25ce\u25ce Strong (strength 3 out of 5)<\/li>\n<li><strong>Valmistaja:<\/strong> Another Snus Factory<\/li>\n<li><strong>Pussin Muoto:<\/strong> Slim<\/li>\n<li><strong>Nikotiinia mg\/pussi:<\/strong> 9,4 mg<\/li>\n<li><strong>Tupakaton:<\/strong> Yes, all Loop nicotine pouches are tobacco-free<\/li>\n<li><strong>Pussien M\u00e4\u00e4r\u00e4 Per Purkki:<\/strong> 22 pouches<\/li>\n<li><strong>Ainesosat:<\/strong> Fiber, Water, Nicotine, Sweeteners (E968, E950), Flavors, Acidity Regulators (E500, E330), Anti-caking Agent (E551), Humectant (E401), Sodium Chloride, Preservative (E202).<\/li>\n<li><strong>Paino per annos (grammoina): <\/strong>0.63 g<\/li>\n<li><strong>Nettopaino\/purkki:<\/strong> 13,75 g<\/li>\n<li><strong>Can: <\/strong>100% bioplastic PlantCan\u2122<\/li>\n<li><strong>Julkaisup\u00e4iv\u00e4m\u00e4\u00e4r\u00e4:<\/strong> October 2022<\/li>\n<li><strong>N\u00e4yt\u00e4 lis\u00e4\u00e4<\/strong> <a href=\"https:\/\/nicotinedeals.com\/fi\/brandi\/loop\/\"><strong>Loop Nicotine Pouches<\/strong><\/a><\/li>\n<\/ul>\n<p><img decoding=\"async\" class=\"alignnone size-full wp-image-3787\" src=\"https:\/\/nicotinedeals.com\/wp-content\/uploads\/2024\/08\/loop-red-chili-melon-strong.png\" alt=\"Loop Red Chili Melon Strong can\" width=\"128\" height=\"128\" srcset=\"https:\/\/nicotinedeals.com\/wp-content\/uploads\/2024\/08\/loop-red-chili-melon-strong.png 128w, https:\/\/nicotinedeals.com\/wp-content\/uploads\/2024\/08\/loop-red-chili-melon-strong-50x50.png 50w\" sizes=\"(max-width: 128px) 100vw, 128px\" \/><\/p>\n<p><strong>VAROITUS: T\u00e4m\u00e4 tuote sis\u00e4lt\u00e4\u00e4 nikotiinia. Nikotiini on addiktiivinen kemikaali.<\/strong><\/p>\n<p><strong>About Loop<\/strong><\/p>\n<p><strong>Loop<\/strong> is a Swedish brand founded in 2019 by Another Snus Factory. Their tobacco-free nicotine pouches deliver a fast and sustained nicotine release. Loop&#8217;s pouches come in a variety of flavors and strengths, all packaged in an eco-friendly can! Their PlantCan\u2122 cans are made from over 50% plant-based materials and recycled plastic.<\/p>","protected":false},"excerpt":{"rendered":"<p><strong>Loop Red Chili Melon Strong <\/strong>offers a chili taste with melon flavor. Each pouch contains 9,4 mg of nicotine, making it a <i>vahva<\/i> strength option. This tobacco-free product comes with 22 pouches per can.<\/p>\n<p><a class=\"button\" href=\"https:\/\/nicotinedeals.com\/fi\/loop-red-chili-melon-strong\/\">Click for Best Price | Americas &amp; Caribbean<\/a><\/p>","protected":false},"featured_media":3788,"comment_status":"open","ping_status":"closed","template":"","meta":[],"pwb-brand":[86],"product_cat":[19],"product_tag":[92,178,177,98,81,87,176,54,41],"brands":[{"id":86,"name":"Loop","slug":"loop"}],"_links":{"self":[{"href":"https:\/\/nicotinedeals.com\/fi\/wp-json\/wp\/v2\/product\/3785"}],"collection":[{"href":"https:\/\/nicotinedeals.com\/fi\/wp-json\/wp\/v2\/product"}],"about":[{"href":"https:\/\/nicotinedeals.com\/fi\/wp-json\/wp\/v2\/types\/product"}],"replies":[{"embeddable":true,"href":"https:\/\/nicotinedeals.com\/fi\/wp-json\/wp\/v2\/comments?post=3785"}],"wp:featuredmedia":[{"embeddable":true,"href":"https:\/\/nicotinedeals.com\/fi\/wp-json\/wp\/v2\/media\/3788"}],"wp:attachment":[{"href":"https:\/\/nicotinedeals.com\/fi\/wp-json\/wp\/v2\/media?parent=3785"}],"wp:term":[{"taxonomy":"pwb-brand","embeddable":true,"href":"https:\/\/nicotinedeals.com\/fi\/wp-json\/wp\/v2\/pwb-brand?post=3785"},{"taxonomy":"product_cat","embeddable":true,"href":"https:\/\/nicotinedeals.com\/fi\/wp-json\/wp\/v2\/product_cat?post=3785"},{"taxonomy":"product_tag","embeddable":true,"href":"https:\/\/nicotinedeals.com\/fi\/wp-json\/wp\/v2\/product_tag?post=3785"}],"curies":[{"name":"wp","href":"https:\/\/api.w.org\/{rel}","templated":true}]}}