{"id":3795,"date":"2024-08-20T12:54:29","date_gmt":"2024-08-20T12:54:29","guid":{"rendered":"https:\/\/nicotinedeals.com\/?post_type=product&#038;p=3795"},"modified":"2025-12-02T03:08:14","modified_gmt":"2025-12-02T03:08:14","slug":"loop-smooth-mint-strong","status":"publish","type":"product","link":"https:\/\/nicotinedeals.com\/fi\/tuote\/loop-smooth-mint-strong\/","title":{"rendered":"Loop Smooth Mint Strong"},"content":{"rendered":"<h1>Loop Smooth Mint Strong<\/h1>\n<p>has a fresh taste of mint. This Swedish product has a strong nicotine strength (3 out of 5 dots). Each pouch contains 9,4 mg of nicotine, with a total nicotine content of 15 mg\/g. Tobacco-free &#8211; Made in Sweden<\/p>\n<h2><strong>Information about Loop Smooth Mint Strong:<\/strong><\/h2>\n<ul>\n<li><strong>Br\u00e4ndi: <\/strong>Loop<\/li>\n<li class=\" translation-block\"><strong>Kategoria:<\/strong> Tupakattomat nikotiinipussit<\/li>\n<li><strong>Makuvivahteet:<\/strong> Minttu<\/li>\n<li><strong>Nikotiinipitoisuus:<\/strong> 15 mg\/g<\/li>\n<li><strong>Nikotiinivahvuus:<\/strong> \u25c9\u25c9\u25c9\u25ce\u25ce Strong (strength 3 out of 5)<\/li>\n<li><strong>Valmistaja:<\/strong> Another Snus Factory<\/li>\n<li><strong>Pussin Muoto:<\/strong> Slim<\/li>\n<li><strong>Nikotiinia mg\/pussi:<\/strong> 9,4 mg<\/li>\n<li><strong>Tupakaton:<\/strong> Yes, all Loop pouches are tobacco-free<\/li>\n<li><strong>Pussien M\u00e4\u00e4r\u00e4 Per Purkki:<\/strong> 22 pouches<\/li>\n<li><strong>Ainesosat:<\/strong> Fiber, Water, Nicotine, Sweeteners (E968, E950), Flavors, Acidity Regulators (E500, E330), Anti-caking Agent (E551), Humectant (E401), Sodium Chloride, Preservative (E202).<\/li>\n<li><strong>Paino per annos (grammoina): <\/strong>0.63 g<\/li>\n<li><strong>Nettopaino\/purkki:<\/strong> 13,75 g<\/li>\n<li><strong>Can: <\/strong>100% bioplastic PlantCan\u2122<\/li>\n<li><strong>Julkaisup\u00e4iv\u00e4m\u00e4\u00e4r\u00e4:<\/strong> Mars 2022<\/li>\n<li><strong>N\u00e4yt\u00e4 lis\u00e4\u00e4<\/strong> <a href=\"https:\/\/nicotinedeals.com\/fi\/brandi\/loop\/\"><strong>Loop Nicotine Pouches<\/strong><\/a><\/li>\n<\/ul>\n<p><img decoding=\"async\" class=\"alignnone size-full wp-image-3797\" src=\"https:\/\/nicotinedeals.com\/wp-content\/uploads\/2024\/08\/loop-smooth-mint-strong1.png\" alt=\"Loop Smooth Mint Strong nicotine pouch can\" width=\"128\" height=\"128\" srcset=\"https:\/\/nicotinedeals.com\/wp-content\/uploads\/2024\/08\/loop-smooth-mint-strong1.png 128w, https:\/\/nicotinedeals.com\/wp-content\/uploads\/2024\/08\/loop-smooth-mint-strong1-50x50.png 50w\" sizes=\"(max-width: 128px) 100vw, 128px\" \/><\/p>\n<p><strong>VAROITUS: T\u00e4m\u00e4 tuote sis\u00e4lt\u00e4\u00e4 nikotiinia. Nikotiini on addiktiivinen kemikaali.<\/strong><\/p>","protected":false},"excerpt":{"rendered":"<p><strong>Loop Smooth Mint Strong <\/strong>(formerly known as <em>Loop Mint Mania Strong<\/em>) offers a fresh mint flavor. The product has a strong nicotine content (9.4 mg\/pouch), comes in a slim format, and contains 22 portions per can.<\/p>\n<p><a class=\"button\" href=\"https:\/\/nicotinedeals.com\/fi\/loop-smooth-mint-strong\/\">Click for Best Price | Americas &amp; Caribbean<\/a><\/p>","protected":false},"featured_media":3798,"comment_status":"open","ping_status":"closed","template":"","meta":[],"pwb-brand":[86],"product_cat":[19],"product_tag":[92,178,177,87,50,54,41],"brands":[{"id":86,"name":"Loop","slug":"loop"}],"_links":{"self":[{"href":"https:\/\/nicotinedeals.com\/fi\/wp-json\/wp\/v2\/product\/3795"}],"collection":[{"href":"https:\/\/nicotinedeals.com\/fi\/wp-json\/wp\/v2\/product"}],"about":[{"href":"https:\/\/nicotinedeals.com\/fi\/wp-json\/wp\/v2\/types\/product"}],"replies":[{"embeddable":true,"href":"https:\/\/nicotinedeals.com\/fi\/wp-json\/wp\/v2\/comments?post=3795"}],"wp:featuredmedia":[{"embeddable":true,"href":"https:\/\/nicotinedeals.com\/fi\/wp-json\/wp\/v2\/media\/3798"}],"wp:attachment":[{"href":"https:\/\/nicotinedeals.com\/fi\/wp-json\/wp\/v2\/media?parent=3795"}],"wp:term":[{"taxonomy":"pwb-brand","embeddable":true,"href":"https:\/\/nicotinedeals.com\/fi\/wp-json\/wp\/v2\/pwb-brand?post=3795"},{"taxonomy":"product_cat","embeddable":true,"href":"https:\/\/nicotinedeals.com\/fi\/wp-json\/wp\/v2\/product_cat?post=3795"},{"taxonomy":"product_tag","embeddable":true,"href":"https:\/\/nicotinedeals.com\/fi\/wp-json\/wp\/v2\/product_tag?post=3795"}],"curies":[{"name":"wp","href":"https:\/\/api.w.org\/{rel}","templated":true}]}}