{"id":3830,"date":"2024-08-21T13:30:08","date_gmt":"2024-08-21T13:30:08","guid":{"rendered":"https:\/\/nicotinedeals.com\/?post_type=product&#038;p=3830"},"modified":"2026-04-18T20:58:15","modified_gmt":"2026-04-18T20:58:15","slug":"velo-orange-spark","status":"publish","type":"product","link":"https:\/\/nicotinedeals.com\/fi\/tuote\/velo-orange-spark\/","title":{"rendered":"VELO Orange Spark"},"content":{"rendered":"<h1 class=\"product__title\">VELO Orange Spark<\/h1>\n<p>is an all-white snus with a citrus and orange flavor. The format is slim, and the product has an extra strong nicotine strength of 4 dots out of 6. The nicotine content per pouch is 10,9 mg, and the total nicotine content is 15,6 mg\/g.<\/p>\n<h2><strong>Information about VELO Orange Spark:<\/strong><\/h2>\n<ul>\n<li><strong>Br\u00e4ndi:<\/strong> VELO<\/li>\n<li class=\" translation-block\"><strong>Kategoria:<\/strong> Tupakattomat nikotiinipussit<\/li>\n<li><strong>Makuvivahteet:<\/strong> Citrus, Orange<\/li>\n<li><strong>Nikotiinipitoisuus:<\/strong> 15,6 mg\/g<\/li>\n<li><strong>Nikotiinivahvuus:<\/strong> \u25c9\u25c9\u25c9\u25c9\u25ce\u25ce Extra Strong (strength 4 out of 6)<\/li>\n<li><strong>Valmistaja:<\/strong> British American Tobacco (BAT)<\/li>\n<li><strong>Pussin Muoto:<\/strong> Slim<\/li>\n<li><strong>Nikotiinia mg\/pussi:<\/strong> 10,9 mg<\/li>\n<li><strong>Tupakaton:<\/strong> Yes, all VELO nicotine pouches are tobacco-free<\/li>\n<li class=\" translation-block\"><strong>Pusseja t\u00f6lkiss\u00e4:<\/strong> 20 pussia<\/li>\n<li><strong>Ainesosat:<\/strong> Water, filler (E460), flavor enhancer (salt), xylitol, nicotine, flavors, thickener (E401), salmiak, acidity regulator (E500), sweetener (E950).<\/li>\n<li><strong>Paino per annos (grammoina): <\/strong>0,70 g<\/li>\n<li><strong>Nettopaino\/purkki:<\/strong> 14 g<\/li>\n<li><strong>Julkaisup\u00e4iv\u00e4m\u00e4\u00e4r\u00e4:<\/strong> December 2023<\/li>\n<li><strong>N\u00e4yt\u00e4 lis\u00e4\u00e4<\/strong> <strong><a href=\"https:\/\/nicotinedeals.com\/fi\/brandi\/velo\/\">VELO Nicotine Pouches<\/a><\/strong><\/li>\n<\/ul>\n<p><img decoding=\"async\" class=\"alignnone size-full wp-image-3832\" src=\"https:\/\/nicotinedeals.com\/wp-content\/uploads\/2024\/08\/velo-orange-spark.png\" alt=\"velo orange spark nicotine pouch can\" width=\"128\" height=\"128\" srcset=\"https:\/\/nicotinedeals.com\/wp-content\/uploads\/2024\/08\/velo-orange-spark.png 128w, https:\/\/nicotinedeals.com\/wp-content\/uploads\/2024\/08\/velo-orange-spark-50x50.png 50w\" sizes=\"(max-width: 128px) 100vw, 128px\" \/><\/p>\n<p><strong>VAROITUS: T\u00e4m\u00e4 tuote sis\u00e4lt\u00e4\u00e4 nikotiinia. Nikotiini on addiktiivinen kemikaali.<\/strong><\/p>","protected":false},"excerpt":{"rendered":"<p class=\"product__title\"><strong>VELO Orange Spark <\/strong>is an all-white snus with a citrus and orange flavor. Each pouch contains 10,9 mg of nicotine, making it a extra strong option. This tobacco-free product comes with 20 pouches per can.<\/p>\n<p><a class=\"button\" href=\"https:\/\/nicotinedeals.com\/fi\/velo-orange-spark\/\">Click for Best Price | Americas &amp; Caribbean<\/a><\/p>","protected":false},"featured_media":3833,"comment_status":"open","ping_status":"closed","template":"","meta":[],"pwb-brand":[36],"product_cat":[19],"product_tag":[92,193,191,192,34,85,81,189,188,54,37],"brands":[{"id":36,"name":"VELO","slug":"velo"}],"_links":{"self":[{"href":"https:\/\/nicotinedeals.com\/fi\/wp-json\/wp\/v2\/product\/3830"}],"collection":[{"href":"https:\/\/nicotinedeals.com\/fi\/wp-json\/wp\/v2\/product"}],"about":[{"href":"https:\/\/nicotinedeals.com\/fi\/wp-json\/wp\/v2\/types\/product"}],"replies":[{"embeddable":true,"href":"https:\/\/nicotinedeals.com\/fi\/wp-json\/wp\/v2\/comments?post=3830"}],"wp:featuredmedia":[{"embeddable":true,"href":"https:\/\/nicotinedeals.com\/fi\/wp-json\/wp\/v2\/media\/3833"}],"wp:attachment":[{"href":"https:\/\/nicotinedeals.com\/fi\/wp-json\/wp\/v2\/media?parent=3830"}],"wp:term":[{"taxonomy":"pwb-brand","embeddable":true,"href":"https:\/\/nicotinedeals.com\/fi\/wp-json\/wp\/v2\/pwb-brand?post=3830"},{"taxonomy":"product_cat","embeddable":true,"href":"https:\/\/nicotinedeals.com\/fi\/wp-json\/wp\/v2\/product_cat?post=3830"},{"taxonomy":"product_tag","embeddable":true,"href":"https:\/\/nicotinedeals.com\/fi\/wp-json\/wp\/v2\/product_tag?post=3830"}],"curies":[{"name":"wp","href":"https:\/\/api.w.org\/{rel}","templated":true}]}}