{"id":3893,"date":"2024-08-23T06:27:27","date_gmt":"2024-08-23T06:27:27","guid":{"rendered":"https:\/\/nicotinedeals.com\/?post_type=product&#038;p=3893"},"modified":"2025-02-23T10:38:18","modified_gmt":"2025-02-23T10:38:18","slug":"velo-ruby-berry","status":"publish","type":"product","link":"https:\/\/nicotinedeals.com\/fi\/tuote\/velo-ruby-berry\/","title":{"rendered":"VELO Ruby Berry"},"content":{"rendered":"<h1>VELO Ruby Berry<\/h1>\n<p>is the new name for VELO Blushy Berry and has a sweet taste of red berries. The tobacco-free pouch is slim, and has a normal nicotine strength of 2 dots out of 6. The nicotine content per pouch is 6 mg, and the total nicotine content is 8,6 mg\/g.<\/p>\n<h2><strong>Information about VELO Ruby Berry:<\/strong><\/h2>\n<ul>\n<li><strong>Br\u00e4ndi:<\/strong> VELO<\/li>\n<li class=\" translation-block\"><strong>Kategoria:<\/strong> Tupakattomat nikotiinipussit<\/li>\n<li><strong>Makuvivahteet:<\/strong> Red Berries<\/li>\n<li><strong>Nikotiinipitoisuus:<\/strong> 8,6 mg\/g<\/li>\n<li><strong>Nikotiinivahvuus:<\/strong> \u25c9\u25c9\u25ce\u25ce\u25ce\u25ce Normal (strength 2 out of 6)<\/li>\n<li><strong>Valmistaja:<\/strong> British American Tobacco (BAT)<\/li>\n<li><strong>Pussin Muoto:<\/strong> Slim<\/li>\n<li><strong>Nikotiinia mg\/pussi:<\/strong> 6 mg<\/li>\n<li><strong>Tupakaton:<\/strong> Yes, all VELO nicotine pouches are tobacco-free<\/li>\n<li class=\" translation-block\"><strong>Pusseja t\u00f6lkiss\u00e4:<\/strong> 20 pussia<\/li>\n<li><strong>Ainesosat:<\/strong> Water, filler (E460), flavor enhancer (salt), xylitol, nicotine, flavors, thickener (E401), salmiak, acidity regulator (E500), sweetener (E950).<\/li>\n<li><strong>Paino per annos (grammoina): <\/strong>0,70 g<\/li>\n<li><strong>Nettopaino\/purkki:<\/strong> 14 g<\/li>\n<li><strong>Julkaisup\u00e4iv\u00e4m\u00e4\u00e4r\u00e4:<\/strong> January 2024<\/li>\n<li><strong>Previously known as:<\/strong> VELO Blushy Berry<\/li>\n<li><strong>N\u00e4yt\u00e4 lis\u00e4\u00e4<\/strong> <strong><a href=\"https:\/\/nicotinedeals.com\/fi\/brandi\/velo\/\">VELO Nicotine Pouches<\/a><\/strong><\/li>\n<\/ul>\n<p><img decoding=\"async\" class=\"alignnone size-full wp-image-3896\" src=\"https:\/\/nicotinedeals.com\/wp-content\/uploads\/2024\/08\/velo-blushy-berry-.png\" alt=\"velo blushy berry - red nicotine pouch can\" width=\"128\" height=\"128\" srcset=\"https:\/\/nicotinedeals.com\/wp-content\/uploads\/2024\/08\/velo-blushy-berry-.png 128w, https:\/\/nicotinedeals.com\/wp-content\/uploads\/2024\/08\/velo-blushy-berry--50x50.png 50w\" sizes=\"(max-width: 128px) 100vw, 128px\" \/><\/p>\n<p><strong>VAROITUS: T\u00e4m\u00e4 tuote sis\u00e4lt\u00e4\u00e4 nikotiinia. Nikotiini on addiktiivinen kemikaali.<\/strong><\/p>","protected":false},"excerpt":{"rendered":"<p><strong>VELO Ruby Berry <\/strong>is the new name for <em>VELO Blushy Berry<\/em> and has a sweet taste of red berries. Each pouch contains 6 mg of nicotine, making it a normal strength option. This tobacco-free product comes with 20 pouches per can.<\/p>\n<p><a class=\"button\" href=\"https:\/\/nicotinedeals.com\/fi\/velo-blushy-berry\/\">Paras hinta | Globaali<\/a><\/p>","protected":false},"featured_media":11876,"comment_status":"open","ping_status":"closed","template":"","meta":[],"pwb-brand":[36],"product_cat":[19],"product_tag":[192,91,117,44,197,54,37,592],"brands":[{"id":36,"name":"VELO","slug":"velo"}],"_links":{"self":[{"href":"https:\/\/nicotinedeals.com\/fi\/wp-json\/wp\/v2\/product\/3893"}],"collection":[{"href":"https:\/\/nicotinedeals.com\/fi\/wp-json\/wp\/v2\/product"}],"about":[{"href":"https:\/\/nicotinedeals.com\/fi\/wp-json\/wp\/v2\/types\/product"}],"replies":[{"embeddable":true,"href":"https:\/\/nicotinedeals.com\/fi\/wp-json\/wp\/v2\/comments?post=3893"}],"wp:featuredmedia":[{"embeddable":true,"href":"https:\/\/nicotinedeals.com\/fi\/wp-json\/wp\/v2\/media\/11876"}],"wp:attachment":[{"href":"https:\/\/nicotinedeals.com\/fi\/wp-json\/wp\/v2\/media?parent=3893"}],"wp:term":[{"taxonomy":"pwb-brand","embeddable":true,"href":"https:\/\/nicotinedeals.com\/fi\/wp-json\/wp\/v2\/pwb-brand?post=3893"},{"taxonomy":"product_cat","embeddable":true,"href":"https:\/\/nicotinedeals.com\/fi\/wp-json\/wp\/v2\/product_cat?post=3893"},{"taxonomy":"product_tag","embeddable":true,"href":"https:\/\/nicotinedeals.com\/fi\/wp-json\/wp\/v2\/product_tag?post=3893"}],"curies":[{"name":"wp","href":"https:\/\/api.w.org\/{rel}","templated":true}]}}