{"id":4474,"date":"2024-08-30T09:51:10","date_gmt":"2024-08-30T09:51:10","guid":{"rendered":"https:\/\/nicotinedeals.com\/?post_type=product&#038;p=4474"},"modified":"2024-09-27T19:16:21","modified_gmt":"2024-09-27T19:16:21","slug":"zone-x-berry-fresh","status":"publish","type":"product","link":"https:\/\/nicotinedeals.com\/fi\/tuote\/zone-x-berry-fresh\/","title":{"rendered":"ZONE X Berry Fresh"},"content":{"rendered":"<h1><strong>ZONE X Berry Fresh<\/strong><\/h1>\n<p>features an intense flavor of fresh mint combined with blackcurrant, delivering a refreshing taste experience. The strength is rated as Normal (2 dots out of 5) with 5 mg of nicotine in each pouch. This all-white nicotine pouch is 100% tobacco-free. Each can contains 24 slim pouches.<\/p>\n<h2><strong>Information about ZONE X Berry Fresh 5 mg:<\/strong><\/h2>\n<ul>\n<li><strong>Br\u00e4ndi:<\/strong>\u00a0ZONE X<\/li>\n<li class=\" translation-block\"><strong>Kategoria:<\/strong> Tupakattomat nikotiinipussit<\/li>\n<li><strong>Makuvivahteet:<\/strong>\u00a0Mint, Blackcurrant<\/li>\n<li><strong>Nikotiinipitoisuus:<\/strong> 7 mg\/g<\/li>\n<li><strong>Nikotiinivahvuus:<\/strong> \u25c9\u25c9\u25ce\u25ce\u25ce Extra Strong (strength 2 out of 5)<\/li>\n<li><strong>Valmistaja:<\/strong>\u00a0Skruf Snus<\/li>\n<li class=\" translation-block\"><strong>Pussiformaatti:<\/strong> Slim<\/li>\n<li><strong>Nikotiinia mg\/pussi: <\/strong>5 mg<\/li>\n<li><strong>Tupakaton:<\/strong>\u00a0Yes, all ZONE X nicotine pouches are tobacco-free<\/li>\n<li><strong>Pussien M\u00e4\u00e4r\u00e4 Per Purkki:<\/strong>\u00a024 pouches<\/li>\n<li><strong>Ainesosat:\u00a0<\/strong>Plant fiber, water, humectant (E422), flavors, flavor enhancer (table salt), nicotine, salmiak, acidity regulator (E500), sweetener (E950<strong>)<\/strong><\/li>\n<li><strong>Paino per annos (grammoina):\u00a0<\/strong>0.64 g<\/li>\n<li><strong>Nettopaino\/purkki:<\/strong>\u00a015,4 g<\/li>\n<li><strong>Julkaisup\u00e4iv\u00e4m\u00e4\u00e4r\u00e4:<\/strong> August 2021<\/li>\n<li><strong>N\u00e4yt\u00e4 lis\u00e4\u00e4<\/strong>\u00a0<strong><a href=\"https:\/\/nicotinedeals.com\/fi\/brandi\/zone-x\/\">ZONE X Nicotine Pouches<\/a><\/strong><\/li>\n<\/ul>\n<div><img decoding=\"async\" class=\"alignnone size-full wp-image-4476\" src=\"https:\/\/nicotinedeals.com\/wp-content\/uploads\/2024\/08\/zone-x-berry-fresh-.png\" alt=\"Berry Fresh ZONE X nicotine pouches can\" width=\"128\" height=\"128\" srcset=\"https:\/\/nicotinedeals.com\/wp-content\/uploads\/2024\/08\/zone-x-berry-fresh-.png 128w, https:\/\/nicotinedeals.com\/wp-content\/uploads\/2024\/08\/zone-x-berry-fresh--50x50.png 50w\" sizes=\"(max-width: 128px) 100vw, 128px\" \/><\/div>\n<div><strong>ZONE X Berry Fresh is also available in a stronger version:\u00a0<\/strong><\/div>\n<div><\/div>\n<div><span style=\"text-decoration: underline;\"><a href=\"https:\/\/nicotinedeals.com\/fi\/tuote\/zone-x-berry-fresh-extra-strong\/\">Zone X Berry Fresh Extra Strong<\/a><\/span> \u25c9\u25c9\u25c9\u25c9\u25ce 10 mg nicotine per pouch<\/div>\n<div><\/div>\n<div><strong>VAROITUS: T\u00e4m\u00e4 tuote sis\u00e4lt\u00e4\u00e4 nikotiinia. Nikotiini on addiktiivinen kemikaali.<\/strong><\/div>","protected":false},"excerpt":{"rendered":"<p><strong>ZONE X Berry Fresh\u00a0<\/strong>features an intense flavor of fresh mint combined with blackcurrant, delivering a refreshing taste experience. The strength is rated as Normal (2 dots out of 5) with 5 mg of nicotine in each pouch. This all-white nicotine pouch is 100% tobacco-free. Each can contains 24 slim pouches.<\/p>\n<p><a class=\"button\" href=\"https:\/\/nicotinedeals.com\/fi\/zone-x-berry-fresh\/\">Click for Best Price | Americas &#038; Caribbean<\/a><\/p>","protected":false},"featured_media":4475,"comment_status":"open","ping_status":"closed","template":"","meta":[],"pwb-brand":[219],"product_cat":[19],"product_tag":[221,226,225,182,50,44,54,220],"brands":[{"id":219,"name":"ZONE X","slug":"zone-x"}],"_links":{"self":[{"href":"https:\/\/nicotinedeals.com\/fi\/wp-json\/wp\/v2\/product\/4474"}],"collection":[{"href":"https:\/\/nicotinedeals.com\/fi\/wp-json\/wp\/v2\/product"}],"about":[{"href":"https:\/\/nicotinedeals.com\/fi\/wp-json\/wp\/v2\/types\/product"}],"replies":[{"embeddable":true,"href":"https:\/\/nicotinedeals.com\/fi\/wp-json\/wp\/v2\/comments?post=4474"}],"wp:featuredmedia":[{"embeddable":true,"href":"https:\/\/nicotinedeals.com\/fi\/wp-json\/wp\/v2\/media\/4475"}],"wp:attachment":[{"href":"https:\/\/nicotinedeals.com\/fi\/wp-json\/wp\/v2\/media?parent=4474"}],"wp:term":[{"taxonomy":"pwb-brand","embeddable":true,"href":"https:\/\/nicotinedeals.com\/fi\/wp-json\/wp\/v2\/pwb-brand?post=4474"},{"taxonomy":"product_cat","embeddable":true,"href":"https:\/\/nicotinedeals.com\/fi\/wp-json\/wp\/v2\/product_cat?post=4474"},{"taxonomy":"product_tag","embeddable":true,"href":"https:\/\/nicotinedeals.com\/fi\/wp-json\/wp\/v2\/product_tag?post=4474"}],"curies":[{"name":"wp","href":"https:\/\/api.w.org\/{rel}","templated":true}]}}