{"id":4481,"date":"2024-08-30T10:54:39","date_gmt":"2024-08-30T10:54:39","guid":{"rendered":"https:\/\/nicotinedeals.com\/?post_type=product&#038;p=4481"},"modified":"2024-09-27T19:20:37","modified_gmt":"2024-09-27T19:20:37","slug":"zone-x-summer-dive-extra-strong","status":"publish","type":"product","link":"https:\/\/nicotinedeals.com\/fi\/tuote\/zone-x-summer-dive-extra-strong\/","title":{"rendered":"ZONE X Summer Dive Extra Strong"},"content":{"rendered":"<h1><strong>ZONE X Summer Dive Extra Strong<\/strong><\/h1>\n<p>has a juicy watermelon flavor with a hint of salt with 10 mg of nicotine in each pouch. The strength is considered Strong (4 dots out of 5). This all-white nicotine pouch is 100% tobacco-free. Each can contains 24 slim pouches.<\/p>\n<h2><strong>Information about ZONE X Summer Dive Extra Strong 10 mg:<\/strong><\/h2>\n<ul>\n<li><strong>Br\u00e4ndi:<\/strong>\u00a0ZONE X<\/li>\n<li class=\" translation-block\"><strong>Kategoria:<\/strong> Tupakattomat nikotiinipussit<\/li>\n<li><strong>Makuvivahteet:<\/strong> Watermelon<\/li>\n<li><strong>Nikotiinipitoisuus:<\/strong>\u00a015 mg\/g<\/li>\n<li><strong>Nikotiinivahvuus:<\/strong>\u00a0\u25c9\u25c9\u25c9\u25c9\u25ce Extra Strong (strength 4 out of 5)<\/li>\n<li><strong>Valmistaja:<\/strong>\u00a0Skruf Snus<\/li>\n<li class=\" translation-block\"><strong>Pussiformaatti:<\/strong> Slim<\/li>\n<li><strong>Nikotiinia mg\/pussi:<\/strong>\u00a010 mg<\/li>\n<li><strong>Tupakaton:<\/strong>\u00a0Yes, all ZONE X nicotine pouches are tobacco-free<\/li>\n<li><strong>Pussien M\u00e4\u00e4r\u00e4 Per Purkki:<\/strong>\u00a024 pouches<\/li>\n<li><strong>Ainesosat:\u00a0<\/strong>Plant fiber, water, humectant (E422), flavors, flavor enhancer (table salt), nicotine, salmiak, acidity regulator (E500), sweetener (E950<strong>)<\/strong><\/li>\n<li><strong>Paino per annos (grammoina):\u00a0<\/strong>0.64 g<\/li>\n<li><strong>Nettopaino\/purkki:<\/strong>\u00a015,4 g<\/li>\n<li><strong>Julkaisup\u00e4iv\u00e4m\u00e4\u00e4r\u00e4:<\/strong>\u00a0May 2023<\/li>\n<li><strong>N\u00e4yt\u00e4 lis\u00e4\u00e4<\/strong>\u00a0<strong><a href=\"https:\/\/nicotinedeals.com\/fi\/brandi\/zone-x\/\">ZONE X Nicotine Pouches<\/a><\/strong><\/li>\n<\/ul>\n<div><img decoding=\"async\" class=\"alignnone size-full wp-image-4483\" src=\"https:\/\/nicotinedeals.com\/wp-content\/uploads\/2024\/08\/zone-x-summer-dive-extra-strong-.png\" alt=\"Watermelon nicotine pouch ZONE X Summer Dive Extra Strong can\" width=\"128\" height=\"128\" srcset=\"https:\/\/nicotinedeals.com\/wp-content\/uploads\/2024\/08\/zone-x-summer-dive-extra-strong-.png 128w, https:\/\/nicotinedeals.com\/wp-content\/uploads\/2024\/08\/zone-x-summer-dive-extra-strong--50x50.png 50w\" sizes=\"(max-width: 128px) 100vw, 128px\" \/><\/div>\n<div><strong>ZONE X Summer Dive Extra Strong Best Price<\/strong><\/div>\n<div><\/div>\n<div><strong>VAROITUS: T\u00e4m\u00e4 tuote sis\u00e4lt\u00e4\u00e4 nikotiinia. Nikotiini on addiktiivinen kemikaali.<\/strong><\/div>","protected":false},"excerpt":{"rendered":"<p><strong>ZONE X Summer Dive Extra Strong <\/strong>has a juicy watermelon flavor with a hint of salt. Each pouch contains 10 mg of nicotine. The strength is rated as Strong (4 dots out of 5). This all-white nicotine pouch is 100% tobacco-free, with 24 slim pouches per can.<\/p>\n<p><a class=\"button\" href=\"https:\/\/nicotinedeals.com\/fi\/zone-x-summer-dive-extra-strong\/\">Click for Best Price | Americas &#038; Caribbean<\/a><\/p>","protected":false},"featured_media":4482,"comment_status":"open","ping_status":"closed","template":"","meta":[],"pwb-brand":[219],"product_cat":[19],"product_tag":[92,221,85,54,41,227,174,220],"brands":[{"id":219,"name":"ZONE X","slug":"zone-x"}],"_links":{"self":[{"href":"https:\/\/nicotinedeals.com\/fi\/wp-json\/wp\/v2\/product\/4481"}],"collection":[{"href":"https:\/\/nicotinedeals.com\/fi\/wp-json\/wp\/v2\/product"}],"about":[{"href":"https:\/\/nicotinedeals.com\/fi\/wp-json\/wp\/v2\/types\/product"}],"replies":[{"embeddable":true,"href":"https:\/\/nicotinedeals.com\/fi\/wp-json\/wp\/v2\/comments?post=4481"}],"wp:featuredmedia":[{"embeddable":true,"href":"https:\/\/nicotinedeals.com\/fi\/wp-json\/wp\/v2\/media\/4482"}],"wp:attachment":[{"href":"https:\/\/nicotinedeals.com\/fi\/wp-json\/wp\/v2\/media?parent=4481"}],"wp:term":[{"taxonomy":"pwb-brand","embeddable":true,"href":"https:\/\/nicotinedeals.com\/fi\/wp-json\/wp\/v2\/pwb-brand?post=4481"},{"taxonomy":"product_cat","embeddable":true,"href":"https:\/\/nicotinedeals.com\/fi\/wp-json\/wp\/v2\/product_cat?post=4481"},{"taxonomy":"product_tag","embeddable":true,"href":"https:\/\/nicotinedeals.com\/fi\/wp-json\/wp\/v2\/product_tag?post=4481"}],"curies":[{"name":"wp","href":"https:\/\/api.w.org\/{rel}","templated":true}]}}