{"id":4489,"date":"2024-09-02T08:29:02","date_gmt":"2024-09-02T08:29:02","guid":{"rendered":"https:\/\/nicotinedeals.com\/?post_type=product&#038;p=4489"},"modified":"2024-09-26T17:25:10","modified_gmt":"2024-09-26T17:25:10","slug":"ace-x-black-raspberry-chili","status":"publish","type":"product","link":"https:\/\/nicotinedeals.com\/fi\/tuote\/ace-x-black-raspberry-chili\/","title":{"rendered":"Ace X Black Raspberry Chili"},"content":{"rendered":"<h1><strong>Ace X Black Raspberry Chili<\/strong><\/h1>\n<p>has a strong blackberry flavor that gradually warms up with a subtle chili taste. The pouch is slim,and has a strong nicotine content, with 8 mg of nicotine per pouch (strength 5 out of 5). Each can contains 20 pouches.<\/p>\n<h2><strong>Information about Ace X Black Raspberry Chili<\/strong><strong>:<\/strong><\/h2>\n<ul>\n<li><strong>Br\u00e4ndi:<\/strong> Ace (Ace Superwhite)<\/li>\n<li><strong>Category:<\/strong> All-white nicotine pouches<\/li>\n<li><strong>Makuvivahteet:<\/strong> Raspberry, Chili<\/li>\n<li><strong>Nikotiinipitoisuus: <\/strong>16 mg\/g<\/li>\n<li><strong>Nikotiinivahvuus:<\/strong> \u25c9\u25c9\u25c9\u25c9\u25c9 Eritt\u00e4in vahva (vahvuus 5\/5)<\/li>\n<li><strong>Valmistaja:<\/strong> Ministry of Snus<\/li>\n<li><strong>Pussin Muoto:<\/strong> Slim<\/li>\n<li><strong>Nikotiinia mg\/pussi:<\/strong> 8 mg<\/li>\n<li><strong>Tupakaton:<\/strong> Yes, all Ace X\u00a0 Superwhite nicotine pouches are tobacco-free<\/li>\n<li><strong>Pussien M\u00e4\u00e4r\u00e4 Per Purkki:<\/strong> 20 pouches<\/li>\n<li><strong>Ainesosat:<\/strong> Fiber, Water, Flavors, Humectant (E422), Sweetener (E967), Acrylic copolymer, Sodium chloride, Viscose, Stabilizer (E406), Anti-caking agent (E551), Nicotine, Polyethylene terephthalate, Polyethylene, Sweetener (E955), Preservatives (E200, E202), Acidity regulator (E500)<\/li>\n<li><strong>Moisture content: <\/strong>32%<\/li>\n<li><strong>Paino per annos (grammoina):<\/strong> 0.50 g<\/li>\n<li><strong>Net weight\/can:<\/strong> 10 g<\/li>\n<li><strong>Julkaisup\u00e4iv\u00e4m\u00e4\u00e4r\u00e4:<\/strong> November 2023<\/li>\n<li><strong>N\u00e4yt\u00e4 lis\u00e4\u00e4 <a href=\"https:\/\/nicotinedeals.com\/fi\/brandi\/ace\/\">Ace Nicotine Pouches<\/a><\/strong><\/li>\n<\/ul>\n<p><img decoding=\"async\" class=\"alignnone size-full wp-image-4490\" src=\"https:\/\/nicotinedeals.com\/wp-content\/uploads\/2024\/09\/ace-x-black-raspberry-chili.png\" alt=\"Ace X Black Raspberry Chili nicotine pouches can\" width=\"128\" height=\"128\" srcset=\"https:\/\/nicotinedeals.com\/wp-content\/uploads\/2024\/09\/ace-x-black-raspberry-chili.png 128w, https:\/\/nicotinedeals.com\/wp-content\/uploads\/2024\/09\/ace-x-black-raspberry-chili-50x50.png 50w\" sizes=\"(max-width: 128px) 100vw, 128px\" \/><\/p>\n<p><strong>WARNING:<\/strong> <strong>This product contains nicotine. Nicotine is an addictive chemical.<\/strong><\/p>","protected":false},"excerpt":{"rendered":"<p><strong>Ace X Black Raspberry Chili\u00a0<\/strong>has a strong blackberry flavor that gradually warms up with a subtle chili taste. The pouch size is slim with the strength 5\/5, with 8 mg nicotine per pouch. 20 pouches in each can. This product is tobacco-free.<\/p>\n<p><a class=\"button\" href=\"https:\/\/nicotinedeals.com\/fi\/ace-x-black-raspberry-chili\/\">Click for Best Price | Americas &#038; Caribbean<\/a><\/p>","protected":false},"featured_media":4491,"comment_status":"open","ping_status":"closed","template":"","meta":[],"pwb-brand":[101],"product_cat":[19],"product_tag":[192,109,102,200,117,98,180,54,41],"brands":[{"id":101,"name":"Ace","slug":"ace"}],"_links":{"self":[{"href":"https:\/\/nicotinedeals.com\/fi\/wp-json\/wp\/v2\/product\/4489"}],"collection":[{"href":"https:\/\/nicotinedeals.com\/fi\/wp-json\/wp\/v2\/product"}],"about":[{"href":"https:\/\/nicotinedeals.com\/fi\/wp-json\/wp\/v2\/types\/product"}],"replies":[{"embeddable":true,"href":"https:\/\/nicotinedeals.com\/fi\/wp-json\/wp\/v2\/comments?post=4489"}],"wp:featuredmedia":[{"embeddable":true,"href":"https:\/\/nicotinedeals.com\/fi\/wp-json\/wp\/v2\/media\/4491"}],"wp:attachment":[{"href":"https:\/\/nicotinedeals.com\/fi\/wp-json\/wp\/v2\/media?parent=4489"}],"wp:term":[{"taxonomy":"pwb-brand","embeddable":true,"href":"https:\/\/nicotinedeals.com\/fi\/wp-json\/wp\/v2\/pwb-brand?post=4489"},{"taxonomy":"product_cat","embeddable":true,"href":"https:\/\/nicotinedeals.com\/fi\/wp-json\/wp\/v2\/product_cat?post=4489"},{"taxonomy":"product_tag","embeddable":true,"href":"https:\/\/nicotinedeals.com\/fi\/wp-json\/wp\/v2\/product_tag?post=4489"}],"curies":[{"name":"wp","href":"https:\/\/api.w.org\/{rel}","templated":true}]}}