{"id":4557,"date":"2024-09-04T07:16:35","date_gmt":"2024-09-04T07:16:35","guid":{"rendered":"https:\/\/nicotinedeals.com\/?post_type=product&#038;p=4557"},"modified":"2024-12-13T08:16:56","modified_gmt":"2024-12-13T08:16:56","slug":"77-raspberry","status":"publish","type":"product","link":"https:\/\/nicotinedeals.com\/fi\/tuote\/77-raspberry\/","title":{"rendered":"77 Raspberry"},"content":{"rendered":"<h1><strong>77 Raspberry<\/strong><\/h1>\n<p>has a raspberry flavor and comes in a slim format. This product has a strong nicotine strength of 3 out of 6 dots. Each pouch contains 10 mg,4 of nicotine, with a total nicotine content of 20 mg\/g. 100% Tobacco-free product.<\/p>\n<h2><strong>Information about 77 Raspberry 20 mg:<\/strong><\/h2>\n<ul>\n<li><strong>Br\u00e4ndi: <\/strong>77 Nicotine Pouches<\/li>\n<li class=\" translation-block\"><strong>Kategoria:<\/strong> Tupakattomat nikotiinipussit<\/li>\n<li><strong>Makuvivahteet:<\/strong> Vadelma<\/li>\n<li><strong>Nikotiinipitoisuus:<\/strong> 16 mg\/g<\/li>\n<li><strong>Nikotiinivahvuus:<\/strong> \u25c9\u25c9\u25c9\u25ce\u25ce\u25ce Strong (strength 3 out of 6)<\/li>\n<li><strong>Valmistaja:<\/strong> Luna Corporate<\/li>\n<li><strong>Pussin Muoto:<\/strong> Slim<\/li>\n<li><strong>Nikotiinia mg\/pussi:<\/strong> 10 mg<\/li>\n<li><strong>Tupakaton:<\/strong> Yes, all 77 Nicotine Pouches are tobacco-free<\/li>\n<li class=\" translation-block\"><strong>Pusseja t\u00f6lkiss\u00e4:<\/strong> 20 pussia<\/li>\n<li><strong>Ainesosat:<\/strong> Cellulose (E460), water, flavorings, salt, nicotine, sweetener (E955), cooling agent, preservative (E202), pH regulator (E501)<\/li>\n<li><strong>Paino per annos (grammoina): <\/strong>0.65 g<\/li>\n<li><strong>Nettopaino\/purkki:<\/strong> 13 g<\/li>\n<li><strong>Julkaisup\u00e4iv\u00e4m\u00e4\u00e4r\u00e4: <\/strong>June 2024<\/li>\n<li><strong>N\u00e4yt\u00e4 lis\u00e4\u00e4<\/strong> <a href=\"https:\/\/nicotinedeals.com\/fi\/brandi\/77-nicotine-pouches\/\"><strong>77 Nicotine Pouches<\/strong><\/a><\/li>\n<\/ul>\n<p><img fetchpriority=\"high\" decoding=\"async\" class=\"alignnone size-full wp-image-9964\" src=\"https:\/\/nicotinedeals.com\/wp-content\/uploads\/2024\/09\/77-raspberry-can.png\" alt=\"77 Raspberry nicotine pouches can\" width=\"250\" height=\"250\" srcset=\"https:\/\/nicotinedeals.com\/wp-content\/uploads\/2024\/09\/77-raspberry-can.png 250w, https:\/\/nicotinedeals.com\/wp-content\/uploads\/2024\/09\/77-raspberry-can-150x150.png 150w, https:\/\/nicotinedeals.com\/wp-content\/uploads\/2024\/09\/77-raspberry-can-12x12.png 12w, https:\/\/nicotinedeals.com\/wp-content\/uploads\/2024\/09\/77-raspberry-can-200x200.png 200w, https:\/\/nicotinedeals.com\/wp-content\/uploads\/2024\/09\/77-raspberry-can-50x50.png 50w\" sizes=\"(max-width: 250px) 100vw, 250px\" \/><\/p>\n<p><strong>VAROITUS: T\u00e4m\u00e4 tuote sis\u00e4lt\u00e4\u00e4 nikotiinia. Nikotiini on addiktiivinen kemikaali.<\/strong><\/p>","protected":false},"excerpt":{"rendered":"<p><strong>77 Raspberry 10,4 mg <\/strong>offers a taste of raspberry. It contains a nicotine level of 10,4 mg per pouch, and is also completely tobacco-free. The pouch is slim and each can contains 20 pouches.<\/p>\n<p><a class=\"button\" href=\"https:\/\/nicotinedeals.com\/fi\/77-raspberry-20-mg\/\">Paras hinta | Globaali<\/a><\/p>","protected":false},"featured_media":9963,"comment_status":"open","ping_status":"closed","template":"","meta":[],"pwb-brand":[165],"product_cat":[19],"product_tag":[104,192,166,117,180,54,41],"brands":[{"id":165,"name":"77 Nicotine Pouches","slug":"77-nicotine-pouches"}],"_links":{"self":[{"href":"https:\/\/nicotinedeals.com\/fi\/wp-json\/wp\/v2\/product\/4557"}],"collection":[{"href":"https:\/\/nicotinedeals.com\/fi\/wp-json\/wp\/v2\/product"}],"about":[{"href":"https:\/\/nicotinedeals.com\/fi\/wp-json\/wp\/v2\/types\/product"}],"replies":[{"embeddable":true,"href":"https:\/\/nicotinedeals.com\/fi\/wp-json\/wp\/v2\/comments?post=4557"}],"wp:featuredmedia":[{"embeddable":true,"href":"https:\/\/nicotinedeals.com\/fi\/wp-json\/wp\/v2\/media\/9963"}],"wp:attachment":[{"href":"https:\/\/nicotinedeals.com\/fi\/wp-json\/wp\/v2\/media?parent=4557"}],"wp:term":[{"taxonomy":"pwb-brand","embeddable":true,"href":"https:\/\/nicotinedeals.com\/fi\/wp-json\/wp\/v2\/pwb-brand?post=4557"},{"taxonomy":"product_cat","embeddable":true,"href":"https:\/\/nicotinedeals.com\/fi\/wp-json\/wp\/v2\/product_cat?post=4557"},{"taxonomy":"product_tag","embeddable":true,"href":"https:\/\/nicotinedeals.com\/fi\/wp-json\/wp\/v2\/product_tag?post=4557"}],"curies":[{"name":"wp","href":"https:\/\/api.w.org\/{rel}","templated":true}]}}