{"id":4567,"date":"2024-09-04T08:28:48","date_gmt":"2024-09-04T08:28:48","guid":{"rendered":"https:\/\/nicotinedeals.com\/?post_type=product&#038;p=4567"},"modified":"2024-11-29T21:00:25","modified_gmt":"2024-11-29T21:00:25","slug":"77-apple-mint","status":"publish","type":"product","link":"https:\/\/nicotinedeals.com\/fi\/tuote\/77-apple-mint\/","title":{"rendered":"77 Apple Mint 10,4 mg"},"content":{"rendered":"<h1>77 Apple Mint 10,4 mg<\/h1>\n<p>has a fresh, juicy, and crisp apple flavor with hints of mint. The pouches come in a slim format with a nicotine strength of 10,4 mg per pouch, and there are 20 pouches in each can. 77 Apple Mint is 100% tobacco-free.<\/p>\n<h2><strong>Information about 77 Apple Mint 10,4 mg:<\/strong><\/h2>\n<ul>\n<li><strong>Br\u00e4ndi: <\/strong>77 Nicotine Pouches<\/li>\n<li class=\" translation-block\"><strong>Kategoria:<\/strong> Tupakattomat nikotiinipussit<\/li>\n<li><strong>Makuvivahteet:\u00a0<\/strong>Apple, Mint<\/li>\n<li><strong>Nikotiinipitoisuus:<\/strong> 16 mg\/g<\/li>\n<li><strong>Nikotiinivahvuus:<\/strong> \u25c9\u25c9\u25c9\u25ce\u25ce\u25ce Strong (strength 3 out of 6)<\/li>\n<li><strong>Valmistaja:<\/strong> Luna Corporate<\/li>\n<li><strong>Pussin Muoto:<\/strong> Slim<\/li>\n<li><strong>Nikotiinia mg\/pussi:<\/strong> 10,4 mg<\/li>\n<li><strong>Tupakaton:<\/strong> Yes, all 77 Nicotine Pouches are tobacco-free<\/li>\n<li class=\" translation-block\"><strong>Pusseja t\u00f6lkiss\u00e4:<\/strong> 20 pussia<\/li>\n<li><strong>Ainesosat:<\/strong> Cellulose (E460), water, flavorings, salt, nicotine, sweetener (E955), cooling agent, preservative (E202), pH regulator (E501)<\/li>\n<li><strong>Paino per annos (grammoina): <\/strong>0.65 g<\/li>\n<li><strong>Nettopaino\/purkki:<\/strong> 13 g<\/li>\n<li><strong>Julkaisup\u00e4iv\u00e4m\u00e4\u00e4r\u00e4: <\/strong>June 2024<\/li>\n<li><strong>N\u00e4yt\u00e4 lis\u00e4\u00e4<\/strong> <a href=\"https:\/\/nicotinedeals.com\/fi\/brandi\/77-nicotine-pouches\/\"><strong>77 Nicotine Pouches<\/strong><\/a><\/li>\n<\/ul>\n<p><img fetchpriority=\"high\" decoding=\"async\" class=\"alignnone size-full wp-image-9949\" src=\"https:\/\/nicotinedeals.com\/wp-content\/uploads\/2024\/09\/77-apple-mint-nicotine-pouch-can.png\" alt=\"77 nicotine pouches apple &amp; mint medium strength\" width=\"250\" height=\"250\" srcset=\"https:\/\/nicotinedeals.com\/wp-content\/uploads\/2024\/09\/77-apple-mint-nicotine-pouch-can.png 250w, https:\/\/nicotinedeals.com\/wp-content\/uploads\/2024\/09\/77-apple-mint-nicotine-pouch-can-150x150.png 150w, https:\/\/nicotinedeals.com\/wp-content\/uploads\/2024\/09\/77-apple-mint-nicotine-pouch-can-12x12.png 12w, https:\/\/nicotinedeals.com\/wp-content\/uploads\/2024\/09\/77-apple-mint-nicotine-pouch-can-200x200.png 200w, https:\/\/nicotinedeals.com\/wp-content\/uploads\/2024\/09\/77-apple-mint-nicotine-pouch-can-50x50.png 50w\" sizes=\"(max-width: 250px) 100vw, 250px\" \/><\/p>\n<p><strong>VAROITUS: T\u00e4m\u00e4 tuote sis\u00e4lt\u00e4\u00e4 nikotiinia. Nikotiini on addiktiivinen kemikaali.<\/strong><\/p>","protected":false},"excerpt":{"rendered":"<p><strong>77 Apple Mint 10.4 mg <\/strong>has a fresh, juicy, and crisp apple flavor with hints of mint. The pouches come in a slim format with a nicotine strength of 10.4 mg per pouch, and there are 20 pouches in each can. 77 Apple Mint is 100% tobacco-free.<\/p>\n<p><a class=\"button\" href=\"https:\/\/nicotinedeals.com\/fi\/77-apple-mint-10-mg\/\">Paras hinta | Globaali<\/a><\/p>","protected":false},"featured_media":9948,"comment_status":"open","ping_status":"closed","template":"","meta":[],"pwb-brand":[165],"product_cat":[19],"product_tag":[104,192,166,171,81,45,50,54,41],"brands":[{"id":165,"name":"77 Nicotine Pouches","slug":"77-nicotine-pouches"}],"_links":{"self":[{"href":"https:\/\/nicotinedeals.com\/fi\/wp-json\/wp\/v2\/product\/4567"}],"collection":[{"href":"https:\/\/nicotinedeals.com\/fi\/wp-json\/wp\/v2\/product"}],"about":[{"href":"https:\/\/nicotinedeals.com\/fi\/wp-json\/wp\/v2\/types\/product"}],"replies":[{"embeddable":true,"href":"https:\/\/nicotinedeals.com\/fi\/wp-json\/wp\/v2\/comments?post=4567"}],"wp:featuredmedia":[{"embeddable":true,"href":"https:\/\/nicotinedeals.com\/fi\/wp-json\/wp\/v2\/media\/9948"}],"wp:attachment":[{"href":"https:\/\/nicotinedeals.com\/fi\/wp-json\/wp\/v2\/media?parent=4567"}],"wp:term":[{"taxonomy":"pwb-brand","embeddable":true,"href":"https:\/\/nicotinedeals.com\/fi\/wp-json\/wp\/v2\/pwb-brand?post=4567"},{"taxonomy":"product_cat","embeddable":true,"href":"https:\/\/nicotinedeals.com\/fi\/wp-json\/wp\/v2\/product_cat?post=4567"},{"taxonomy":"product_tag","embeddable":true,"href":"https:\/\/nicotinedeals.com\/fi\/wp-json\/wp\/v2\/product_tag?post=4567"}],"curies":[{"name":"wp","href":"https:\/\/api.w.org\/{rel}","templated":true}]}}