{"id":4677,"date":"2024-09-05T08:46:11","date_gmt":"2024-09-05T08:46:11","guid":{"rendered":"https:\/\/nicotinedeals.com\/?post_type=product&#038;p=4677"},"modified":"2025-01-02T06:42:44","modified_gmt":"2025-01-02T06:42:44","slug":"lundgrens-fjallskog","status":"publish","type":"product","link":"https:\/\/nicotinedeals.com\/fi\/tuote\/lundgrens-fjallskog\/","title":{"rendered":"Lundgrens Fj\u00e4llskog"},"content":{"rendered":"<h1><strong>Lundgrens Fj\u00e4llskog<\/strong><\/h1>\n<p>ovat tupakattomia, t\u00e4ysin valkoisia nikotiinipusseja, joissa on vuorimarjan vivahde. Nikotiinivahvuus on 8 mg per pussi (normaali\/vahva), ja n\u00e4m\u00e4 normaalikokoiset pussit tarjoavat miellytt\u00e4v\u00e4n kokemuksen. Jokaisessa purkissa on 21 annosta, jotka tarjoavat tasaisen ja puhtaan tunteen ilman valumista.<\/p>\n<h2><strong>Tietoa Lundgrens Fj\u00e4llskogista:<\/strong><\/h2>\n<ul>\n<li><strong>Br\u00e4ndi:<\/strong> Lundgrens<\/li>\n<li class=\" translation-block\"><strong>Kategoria:<\/strong> Tupakattomat nikotiinipussit<\/li>\n<li><strong>Makuvivahteet:<\/strong> Vuorimarjat, marjat<\/li>\n<li><strong>Nikotiinipitoisuus:<\/strong> 10 mg\/g<\/li>\n<li><strong>Nikotiinivahvuus:<\/strong> \u25c9\u25c9\u25ce\u25ce Normaali\/Vahva (vahvuus 2\/4)<\/li>\n<li><strong>Valmistaja:<\/strong> Fiedler &amp; Lundgren \/ BAT<\/li>\n<li><strong>Pussin Muoto:<\/strong> Normaali<\/li>\n<li><strong>Nikotiinia mg\/pussi: <\/strong>8 mg<\/li>\n<li><strong>Tupakaton:<\/strong> Kyll\u00e4, Lundgrens Fj\u00e4llskog on tupakaton<\/li>\n<li><strong>Pussien M\u00e4\u00e4r\u00e4 Per Purkki:<\/strong> 21 pussia<\/li>\n<li><strong>Ainesosat: <\/strong>T\u00e4yteaineet (E460), vesi, makuvahvenne (suola), ksylitoli, nikotiini, aromit, salmiakki, happamuudens\u00e4\u00e4t\u00f6aine (E500).<\/li>\n<li><strong>Paino per annos (grammoina):\u00a0<\/strong>0,80 g<\/li>\n<li><strong>Nettopaino\/purkki:<\/strong> 16,80 g<\/li>\n<li><strong>Julkaisup\u00e4iv\u00e4m\u00e4\u00e4r\u00e4:<\/strong> Tammikuu 2023<\/li>\n<li><strong>N\u00e4yt\u00e4 lis\u00e4\u00e4 <a href=\"https:\/\/nicotinedeals.com\/fi\/brandi\/lundgrens\/\">Lundgrens Nikotiinipussit<\/a><\/strong><\/li>\n<\/ul>\n<p><img decoding=\"async\" class=\"alignnone size-full wp-image-4679\" src=\"https:\/\/nicotinedeals.com\/wp-content\/uploads\/2024\/09\/lundgrens-fjallskog-.png\" alt=\"Lundgrens Fj\u00e4llskog nikotiinipussit\" width=\"128\" height=\"128\" srcset=\"https:\/\/nicotinedeals.com\/wp-content\/uploads\/2024\/09\/lundgrens-fjallskog-.png 128w, https:\/\/nicotinedeals.com\/wp-content\/uploads\/2024\/09\/lundgrens-fjallskog--50x50.png 50w\" sizes=\"(max-width: 128px) 100vw, 128px\" \/><\/p>\n<div><strong>VAROITUS: T\u00e4m\u00e4 tuote sis\u00e4lt\u00e4\u00e4 nikotiinia. Nikotiini on addiktiivinen kemikaali.<\/strong><\/div>","protected":false},"excerpt":{"rendered":"<p><strong>Lundgrens Fj\u00e4llskog <\/strong>ovat tupakattomia, t\u00e4ysin valkoisia nikotiinipusseja, joissa on vuorimarjojen vivahteita. Nikotiinivahvuus on 8 mg per pussi (normaali\/vahva), ja n\u00e4m\u00e4 normaalikokoiset pussit tarjoavat miellytt\u00e4v\u00e4n kokemuksen. Jokaisessa purkissa on 21 pussia.<\/p>\n<p><a class=\"button\" href=\"https:\/\/nicotinedeals.com\/fi\/lundgrens-fj\u00e4llskog\/\">Paras hinta | Globaali<\/a><\/p>","protected":false},"featured_media":4678,"comment_status":"open","ping_status":"closed","template":"","meta":[],"pwb-brand":[47],"product_cat":[19],"product_tag":[211,109,117,237,48,238,161,41],"brands":[{"id":47,"name":"Lundgrens","slug":"lundgrens"}],"_links":{"self":[{"href":"https:\/\/nicotinedeals.com\/fi\/wp-json\/wp\/v2\/product\/4677"}],"collection":[{"href":"https:\/\/nicotinedeals.com\/fi\/wp-json\/wp\/v2\/product"}],"about":[{"href":"https:\/\/nicotinedeals.com\/fi\/wp-json\/wp\/v2\/types\/product"}],"replies":[{"embeddable":true,"href":"https:\/\/nicotinedeals.com\/fi\/wp-json\/wp\/v2\/comments?post=4677"}],"wp:featuredmedia":[{"embeddable":true,"href":"https:\/\/nicotinedeals.com\/fi\/wp-json\/wp\/v2\/media\/4678"}],"wp:attachment":[{"href":"https:\/\/nicotinedeals.com\/fi\/wp-json\/wp\/v2\/media?parent=4677"}],"wp:term":[{"taxonomy":"pwb-brand","embeddable":true,"href":"https:\/\/nicotinedeals.com\/fi\/wp-json\/wp\/v2\/pwb-brand?post=4677"},{"taxonomy":"product_cat","embeddable":true,"href":"https:\/\/nicotinedeals.com\/fi\/wp-json\/wp\/v2\/product_cat?post=4677"},{"taxonomy":"product_tag","embeddable":true,"href":"https:\/\/nicotinedeals.com\/fi\/wp-json\/wp\/v2\/product_tag?post=4677"}],"curies":[{"name":"wp","href":"https:\/\/api.w.org\/{rel}","templated":true}]}}