{"id":4911,"date":"2024-09-06T13:42:01","date_gmt":"2024-09-06T13:42:01","guid":{"rendered":"https:\/\/nicotinedeals.com\/?post_type=product&#038;p=4911"},"modified":"2024-09-27T19:47:31","modified_gmt":"2024-09-27T19:47:31","slug":"skruf-superwhite-no-56-nordic-liquorice","status":"publish","type":"product","link":"https:\/\/nicotinedeals.com\/fi\/tuote\/skruf-superwhite-no-56-nordic-liquorice\/","title":{"rendered":"Skruf Superwhite No. 56 Nordic Liquorice"},"content":{"rendered":"<h1>Skruf Superwhite No. 56 Nordic Liquorice<\/h1>\n<p>comes in slim portions with a licorice flavor and normal nicotine content (5 mg\/pouch). Each can contains 24 slim all-white nicotine pouches. Skruf Superwhite Nordic Liquorice is 100% tobacco-free.<\/p>\n<h2><strong>Information about Skruf Superwhite No. 56 Nordic Liquorice 5 mg:<\/strong><\/h2>\n<ul>\n<li><strong>Br\u00e4ndi: <\/strong>Skruf Superwhite<\/li>\n<li class=\" translation-block\"><strong>Kategoria:<\/strong> Tupakattomat nikotiinipussit<\/li>\n<li><strong>Makuvivahteet:\u00a0<\/strong>Liquorice<\/li>\n<li><strong>Nikotiinipitoisuus:<\/strong> 8 mg\/g<\/li>\n<li><strong>Nikotiinivahvuus:<\/strong> \u25c9\u25c9\u25ce\u25ce\u25ce Normal (strength 2 out of 5)<\/li>\n<li><strong>Valmistaja:<\/strong> Skruf Snus<\/li>\n<li><strong>Pussin Muoto:<\/strong> Slim<\/li>\n<li><strong>Nikotiinia mg\/pussi:<\/strong> 5 mg<\/li>\n<li><strong>Tupakaton:<\/strong> Yes, all Skruf Superwhite Nicotine Pouches are tobacco-free<\/li>\n<li><strong>Pussien M\u00e4\u00e4r\u00e4 Per Purkki:<\/strong> 24 pouches<\/li>\n<li><strong>Ainesosat:<\/strong> Water, Plant fiber, Humectants (E422\/E1520), Flavor enhancers (table salt), Nicotine, Flavors, Ammonium chloride (Salmiak), Acidity regulators (E500), Sweeteners (E950).<\/li>\n<li><strong>Paino per annos (grammoina): <\/strong>0.72 g<\/li>\n<li><strong>Nettopaino\/purkki:<\/strong> 17,3 g<\/li>\n<li><strong>Julkaisup\u00e4iv\u00e4m\u00e4\u00e4r\u00e4:<\/strong> January 2020<\/li>\n<li><strong>N\u00e4yt\u00e4 lis\u00e4\u00e4 <span style=\"text-decoration: underline;\"><a href=\"https:\/\/nicotinedeals.com\/fi\/brandi\/skruf-superwhite\/\">Skruf Superwhite Nicotine Pouches<\/a><\/span><\/strong><\/li>\n<\/ul>\n<p><img decoding=\"async\" class=\"alignnone size-full wp-image-4914\" src=\"https:\/\/nicotinedeals.com\/wp-content\/uploads\/2024\/09\/skruf-superwhite-no-56-nordic-liquorice-.png\" alt=\"Skruf Superwhite Nordic Liquorice No. 56 \" width=\"128\" height=\"128\" srcset=\"https:\/\/nicotinedeals.com\/wp-content\/uploads\/2024\/09\/skruf-superwhite-no-56-nordic-liquorice-.png 128w, https:\/\/nicotinedeals.com\/wp-content\/uploads\/2024\/09\/skruf-superwhite-no-56-nordic-liquorice--50x50.png 50w\" sizes=\"(max-width: 128px) 100vw, 128px\" \/><\/p>\n<p><strong>VAROITUS: T\u00e4m\u00e4 tuote sis\u00e4lt\u00e4\u00e4 nikotiinia. Nikotiini on addiktiivinen kemikaali.<\/strong><\/p>","protected":false},"excerpt":{"rendered":"<p><strong>Skruf Superwhite No. 56 Nordic Liquorice\u00a0<\/strong>comes in slim portions with a licorice flavor and normal nicotine content (5 mg\/pouch). Each can contains 24 slim all-white nicotine pouches. Skruf Superwhite Nordic Liquorice is 100% tobacco-free.<\/p>\n<p><a class=\"button\" href=\"https:\/\/nicotinedeals.com\/fi\/skruf-nordic-liquorice-no-56\/\">Click for Best Price | Americas &#038; Caribbean<\/a><\/p>","protected":false},"featured_media":4913,"comment_status":"open","ping_status":"closed","template":"","meta":[],"pwb-brand":[249],"product_cat":[19],"product_tag":[221,226,56,44,250,253,54],"brands":[{"id":249,"name":"Skruf Superwhite","slug":"skruf-superwhite"}],"_links":{"self":[{"href":"https:\/\/nicotinedeals.com\/fi\/wp-json\/wp\/v2\/product\/4911"}],"collection":[{"href":"https:\/\/nicotinedeals.com\/fi\/wp-json\/wp\/v2\/product"}],"about":[{"href":"https:\/\/nicotinedeals.com\/fi\/wp-json\/wp\/v2\/types\/product"}],"replies":[{"embeddable":true,"href":"https:\/\/nicotinedeals.com\/fi\/wp-json\/wp\/v2\/comments?post=4911"}],"wp:featuredmedia":[{"embeddable":true,"href":"https:\/\/nicotinedeals.com\/fi\/wp-json\/wp\/v2\/media\/4913"}],"wp:attachment":[{"href":"https:\/\/nicotinedeals.com\/fi\/wp-json\/wp\/v2\/media?parent=4911"}],"wp:term":[{"taxonomy":"pwb-brand","embeddable":true,"href":"https:\/\/nicotinedeals.com\/fi\/wp-json\/wp\/v2\/pwb-brand?post=4911"},{"taxonomy":"product_cat","embeddable":true,"href":"https:\/\/nicotinedeals.com\/fi\/wp-json\/wp\/v2\/product_cat?post=4911"},{"taxonomy":"product_tag","embeddable":true,"href":"https:\/\/nicotinedeals.com\/fi\/wp-json\/wp\/v2\/product_tag?post=4911"}],"curies":[{"name":"wp","href":"https:\/\/api.w.org\/{rel}","templated":true}]}}