{"id":4924,"date":"2024-09-07T20:19:25","date_gmt":"2024-09-07T20:19:25","guid":{"rendered":"https:\/\/nicotinedeals.com\/?post_type=product&#038;p=4924"},"modified":"2024-09-27T19:48:58","modified_gmt":"2024-09-27T19:48:58","slug":"skruf-superwhite-no-60-frozen-mint-xtra","status":"publish","type":"product","link":"https:\/\/nicotinedeals.com\/fi\/tuote\/skruf-superwhite-no-60-frozen-mint-xtra\/","title":{"rendered":"Skruf Superwhite No. 60 Frozen Mint Xtra"},"content":{"rendered":"<h1><strong>Skruf Superwhite No. 60 Frozen Mint Xtra<\/strong><\/h1>\n<p>is an all-white, superslim, tobacco-free pouch with a refreshing mint flavor that provides a long-lasting taste experience. Each pouch delivers a strong nicotine kick with 10 mg of nicotine. There are 26 pouches per can. As part of Skruf&#8217;s Superwhite range, this product is 100% tobacco-free.<\/p>\n<h2><strong>Information about Skruf Superwhite No. 60 Frozen Mint Xtra 10 mg:<\/strong><\/h2>\n<ul>\n<li><strong>Br\u00e4ndi:\u00a0<\/strong>Skruf Superwhite<\/li>\n<li class=\" translation-block\"><strong>Kategoria:<\/strong> Tupakattomat nikotiinipussit<\/li>\n<li><strong>Makuvivahteet:\u00a0<\/strong>Minttu<\/li>\n<li><strong>Nikotiinipitoisuus:<\/strong> 18 mg\/g<\/li>\n<li><strong>Nikotiinivahvuus:<\/strong> \u25c9\u25c9\u25c9\u25c9\u25ce Strong (strength 4 out of 5)<\/li>\n<li><strong>Valmistaja:<\/strong>\u00a0Skruf Snus<\/li>\n<li><strong>Pussin Muoto:<\/strong> Superslim<\/li>\n<li><strong>Nikotiinia mg\/pussi:<\/strong> 10 mg<\/li>\n<li><strong>Tupakaton:<\/strong>\u00a0Yes, all Skruf Superwhite Nicotine Pouches are tobacco-free<\/li>\n<li><strong>Pussien M\u00e4\u00e4r\u00e4 Per Purkki:<\/strong> 26 pouches<\/li>\n<li><strong>Ainesosat:<\/strong> Water, Plant fiber, Humectants (E422\/E1520), Flavor enhancers (table salt), Nicotine, Flavors, Ammonium chloride (Salmiak), Acidity regulators (E500).<\/li>\n<li><strong>Paino per annos (grammoina):\u00a0<\/strong>0.6 g<\/li>\n<li><strong>Nettopaino\/purkki:<\/strong> 14,6 g<\/li>\n<li><strong>Julkaisup\u00e4iv\u00e4m\u00e4\u00e4r\u00e4:<\/strong> Oktober 2019<\/li>\n<li><strong>N\u00e4yt\u00e4 lis\u00e4\u00e4\u00a0<a href=\"https:\/\/nicotinedeals.com\/fi\/brandi\/skruf-superwhite\/\">Skruf Superwhite Nicotine Pouches<\/a><\/strong><\/li>\n<\/ul>\n<p><img decoding=\"async\" class=\"alignnone size-full wp-image-4925\" src=\"https:\/\/nicotinedeals.com\/wp-content\/uploads\/2024\/09\/skruf-superwhite-no-60-frozen-mint-xtra-strong-superslim-.png\" alt=\"Skruf Superwhite No. 60 Frozen Mint Xtra Strong\" width=\"128\" height=\"128\" srcset=\"https:\/\/nicotinedeals.com\/wp-content\/uploads\/2024\/09\/skruf-superwhite-no-60-frozen-mint-xtra-strong-superslim-.png 128w, https:\/\/nicotinedeals.com\/wp-content\/uploads\/2024\/09\/skruf-superwhite-no-60-frozen-mint-xtra-strong-superslim--50x50.png 50w\" sizes=\"(max-width: 128px) 100vw, 128px\" \/><\/p>\n<p><strong>VAROITUS: T\u00e4m\u00e4 tuote sis\u00e4lt\u00e4\u00e4 nikotiinia. Nikotiini on addiktiivinen kemikaali.<\/strong><\/p>","protected":false},"excerpt":{"rendered":"<p><strong>Skruf Superwhite No. 60 Frozen Mint Xtra <\/strong>is an all-white, superslim, tobacco-free pouch with a refreshing mint flavor that provides a long-lasting taste experience. Each pouch delivers a strong nicotine kick with 10 mg of nicotine. There are 26 pouches per can. As part of Skruf&#8217;s Superwhite range, this product is 100% tobacco-free.<\/p>\n<p><a class=\"button\" href=\"https:\/\/nicotinedeals.com\/fi\/skruf-frozen-mint-extra-no-60\/\">Click for Best Price | Americas &#038; Caribbean<\/a><\/p>","protected":false},"featured_media":4926,"comment_status":"open","ping_status":"closed","template":"","meta":[],"pwb-brand":[249],"product_cat":[19],"product_tag":[92,259,85,257,50,256,41,258],"brands":[{"id":249,"name":"Skruf Superwhite","slug":"skruf-superwhite"}],"_links":{"self":[{"href":"https:\/\/nicotinedeals.com\/fi\/wp-json\/wp\/v2\/product\/4924"}],"collection":[{"href":"https:\/\/nicotinedeals.com\/fi\/wp-json\/wp\/v2\/product"}],"about":[{"href":"https:\/\/nicotinedeals.com\/fi\/wp-json\/wp\/v2\/types\/product"}],"replies":[{"embeddable":true,"href":"https:\/\/nicotinedeals.com\/fi\/wp-json\/wp\/v2\/comments?post=4924"}],"wp:featuredmedia":[{"embeddable":true,"href":"https:\/\/nicotinedeals.com\/fi\/wp-json\/wp\/v2\/media\/4926"}],"wp:attachment":[{"href":"https:\/\/nicotinedeals.com\/fi\/wp-json\/wp\/v2\/media?parent=4924"}],"wp:term":[{"taxonomy":"pwb-brand","embeddable":true,"href":"https:\/\/nicotinedeals.com\/fi\/wp-json\/wp\/v2\/pwb-brand?post=4924"},{"taxonomy":"product_cat","embeddable":true,"href":"https:\/\/nicotinedeals.com\/fi\/wp-json\/wp\/v2\/product_cat?post=4924"},{"taxonomy":"product_tag","embeddable":true,"href":"https:\/\/nicotinedeals.com\/fi\/wp-json\/wp\/v2\/product_tag?post=4924"}],"curies":[{"name":"wp","href":"https:\/\/api.w.org\/{rel}","templated":true}]}}