{"id":4938,"date":"2024-09-07T21:29:26","date_gmt":"2024-09-07T21:29:26","guid":{"rendered":"https:\/\/nicotinedeals.com\/?post_type=product&#038;p=4938"},"modified":"2024-12-13T08:16:56","modified_gmt":"2024-12-13T08:16:56","slug":"skruf-superwhite-no-57-polar-eucalyptus-strong","status":"publish","type":"product","link":"https:\/\/nicotinedeals.com\/fi\/tuote\/skruf-superwhite-no-57-polar-eucalyptus-strong\/","title":{"rendered":"Skruf Superwhite No. 57 Polar Eucalyptus Strong"},"content":{"rendered":"<h1><strong>Skruf Superwhite No. 57 Polar Eucalyptus Strong<\/strong><\/h1>\n<p>has an icy flavor of menthol and eucalyptus. The pouches come in a slim format with a strong nicotine strength of 10 mg per pouch. There are 24 pouches in each can. Skruf No. 57 Polar Eucalyptus Strong is 100% tobacco-free.<\/p>\n<h2><strong>Information about Skruf Superwhite No. 57 Polar Eucalyptus Strong 10 mg:<\/strong><\/h2>\n<ul>\n<li><strong>Br\u00e4ndi:\u00a0<\/strong>Skruf Superwhite<\/li>\n<li class=\" translation-block\"><strong>Kategoria:<\/strong> Tupakattomat nikotiinipussit<\/li>\n<li><strong>Makuvivahteet:\u00a0<\/strong>Menthol, Eucalyptus<\/li>\n<li><strong>Nikotiinipitoisuus:<\/strong>\u00a013 mg\/g<\/li>\n<li><strong>Nikotiinivahvuus:<\/strong>\u00a0\u25c9\u25c9\u25c9\u25ce\u25ce Strong (strength 3 out of 5)<\/li>\n<li><strong>Valmistaja:<\/strong>\u00a0Skruf Snus<\/li>\n<li class=\" translation-block\"><strong>Pussiformaatti:<\/strong> Slim<\/li>\n<li><strong>Nikotiinia mg\/pussi:<\/strong> 10 mg<\/li>\n<li><strong>Tupakaton:<\/strong>\u00a0Yes, all Skruf Superwhite Nicotine Pouches are tobacco-free<\/li>\n<li><strong>Pussien M\u00e4\u00e4r\u00e4 Per Purkki:<\/strong>\u00a024 pouches<\/li>\n<li><strong>Ainesosat:<\/strong>\u00a0Water, Plant fiber, Humectants (E422\/E1520), Flavor enhancers (table salt), Nicotine, Flavors, Ammonium chloride (Salmiak), Acidity regulators (E500), Sweeteners (E950).<\/li>\n<li><strong>Paino per annos (grammoina):\u00a0<\/strong>0.72 g<\/li>\n<li><strong>Nettopaino\/purkki:<\/strong>\u00a017,3 g<\/li>\n<li><strong>Julkaisup\u00e4iv\u00e4m\u00e4\u00e4r\u00e4:<\/strong> August 2019<\/li>\n<li><strong>N\u00e4yt\u00e4 lis\u00e4\u00e4\u00a0<a href=\"https:\/\/nicotinedeals.com\/fi\/brandi\/skruf-superwhite\/\">Skruf Superwhite Nicotine Pouches<\/a><\/strong><\/li>\n<\/ul>\n<p><img decoding=\"async\" class=\"alignnone size-full wp-image-4940\" src=\"https:\/\/nicotinedeals.com\/wp-content\/uploads\/2024\/09\/skruf-superwhite-no-57-polar-eucalyptus-strong-.png\" alt=\"Skruf Superwhite No.57 Polar Eucalyptus Strong nicotine pouches\" width=\"128\" height=\"128\" srcset=\"https:\/\/nicotinedeals.com\/wp-content\/uploads\/2024\/09\/skruf-superwhite-no-57-polar-eucalyptus-strong-.png 128w, https:\/\/nicotinedeals.com\/wp-content\/uploads\/2024\/09\/skruf-superwhite-no-57-polar-eucalyptus-strong--50x50.png 50w\" sizes=\"(max-width: 128px) 100vw, 128px\" \/><\/p>\n<p><strong>VAROITUS: T\u00e4m\u00e4 tuote sis\u00e4lt\u00e4\u00e4 nikotiinia. Nikotiini on addiktiivinen kemikaali.<\/strong><\/p>","protected":false},"excerpt":{"rendered":"<p><strong>Skruf Superwhite No. 57 Polar Eucalyptus Strong <\/strong>has an icy flavor of menthol and eucalyptus. The pouches come in a slim format with a strong nicotine strength of 10 mg per pouch. There are 24 pouches in each can. Skruf No. 57 Polar Eucalyptus Strong is 100% tobacco-free.<\/p>\n<p><a class=\"button\" href=\"https:\/\/nicotinedeals.com\/fi\/skruf-polar-eucalyptus-strong\/\">Click for Best Price | Americas &#038; Caribbean<\/a><\/p>","protected":false},"featured_media":4939,"comment_status":"open","ping_status":"closed","template":"","meta":[],"pwb-brand":[249],"product_cat":[19],"product_tag":[221,51,53,263,250,262,54,41],"brands":[{"id":249,"name":"Skruf Superwhite","slug":"skruf-superwhite"}],"_links":{"self":[{"href":"https:\/\/nicotinedeals.com\/fi\/wp-json\/wp\/v2\/product\/4938"}],"collection":[{"href":"https:\/\/nicotinedeals.com\/fi\/wp-json\/wp\/v2\/product"}],"about":[{"href":"https:\/\/nicotinedeals.com\/fi\/wp-json\/wp\/v2\/types\/product"}],"replies":[{"embeddable":true,"href":"https:\/\/nicotinedeals.com\/fi\/wp-json\/wp\/v2\/comments?post=4938"}],"wp:featuredmedia":[{"embeddable":true,"href":"https:\/\/nicotinedeals.com\/fi\/wp-json\/wp\/v2\/media\/4939"}],"wp:attachment":[{"href":"https:\/\/nicotinedeals.com\/fi\/wp-json\/wp\/v2\/media?parent=4938"}],"wp:term":[{"taxonomy":"pwb-brand","embeddable":true,"href":"https:\/\/nicotinedeals.com\/fi\/wp-json\/wp\/v2\/pwb-brand?post=4938"},{"taxonomy":"product_cat","embeddable":true,"href":"https:\/\/nicotinedeals.com\/fi\/wp-json\/wp\/v2\/product_cat?post=4938"},{"taxonomy":"product_tag","embeddable":true,"href":"https:\/\/nicotinedeals.com\/fi\/wp-json\/wp\/v2\/product_tag?post=4938"}],"curies":[{"name":"wp","href":"https:\/\/api.w.org\/{rel}","templated":true}]}}