{"id":5073,"date":"2024-09-11T07:02:45","date_gmt":"2024-09-11T07:02:45","guid":{"rendered":"https:\/\/nicotinedeals.com\/?post_type=product&#038;p=5073"},"modified":"2024-11-06T08:12:37","modified_gmt":"2024-11-06T08:12:37","slug":"xqs-soft-toffee-strong","status":"publish","type":"product","link":"https:\/\/nicotinedeals.com\/fi\/tuote\/xqs-soft-toffee-strong\/","title":{"rendered":"XQS Soft Toffee Strong"},"content":{"rendered":"<h1><strong>XQS Soft Toffee Strong<\/strong><\/h1>\n<p>has a sweet toffee flavor in slim and strong portions. The nicotine strength is 8 mg of nicotine per pouch. Swedish XQS Soft Toffee snus is an all white tobacco-free product. Each can contains 20 pouches.<\/p>\n<h2><strong>Information about XQS Soft Toffee Strong<\/strong><strong>:<\/strong><\/h2>\n<ul>\n<li><strong>Br\u00e4ndi:<\/strong>\u00a0XQS<\/li>\n<li class=\" translation-block\"><strong>Kategoria:<\/strong> Tupakattomat nikotiinipussit<\/li>\n<li><strong>Makuvivahteet:<\/strong> Toffee<\/li>\n<li><strong>Nikotiinipitoisuus:\u00a0<\/strong>16 mg\/g<\/li>\n<li><strong>Nikotiinivahvuus:<\/strong>\u00a0\u25c9\u25c9\u25c9\u25c9\u25ce Strong (strength 4 out of 5)<\/li>\n<li><strong>Valmistaja:<\/strong>\u00a0Insurgent Ventures II<\/li>\n<li class=\" translation-block\"><strong>Pussiformaatti:<\/strong> Slim<\/li>\n<li><strong>Nikotiinia mg\/pussi:<\/strong>\u00a08 mg<\/li>\n<li><strong>Tupakaton:<\/strong>\u00a0Yes, all XQS nicotine pouches are tobacco-free<\/li>\n<li class=\" translation-block\"><strong>Pusseja t\u00f6lkiss\u00e4:<\/strong> 20 pussia<\/li>\n<li><strong>Ainesosat:<\/strong>\u00a0Filler (E460), distilled water, nicotine, flavors, salt, propylene glycol (E1520), acidity regulator (E500), sweetener (E955).<\/li>\n<li><strong>Moisture content:\u00a0<\/strong>25%<\/li>\n<li><strong>Paino per annos (grammoina):<\/strong>\u00a00.50 g<\/li>\n<li><strong>Net weight\/can:<\/strong>\u00a010 g<\/li>\n<li><strong>Julkaisup\u00e4iv\u00e4m\u00e4\u00e4r\u00e4:<\/strong> Mars 2023<\/li>\n<li><strong>Previously called:<\/strong> XQS Pipe Candy<\/li>\n<li><strong>N\u00e4yt\u00e4 lis\u00e4\u00e4\u00a0<a href=\"https:\/\/nicotinedeals.com\/fi\/brandi\/xqs\/\">XQS Nicotine Pouches<\/a><\/strong><\/li>\n<\/ul>\n<p><img decoding=\"async\" class=\"alignnone size-full wp-image-5075\" src=\"https:\/\/nicotinedeals.com\/wp-content\/uploads\/2024\/09\/xqs-soft-toffee-strong-.png\" alt=\"XQS Soft Toffee can\" width=\"128\" height=\"128\" srcset=\"https:\/\/nicotinedeals.com\/wp-content\/uploads\/2024\/09\/xqs-soft-toffee-strong-.png 128w, https:\/\/nicotinedeals.com\/wp-content\/uploads\/2024\/09\/xqs-soft-toffee-strong--50x50.png 50w\" sizes=\"(max-width: 128px) 100vw, 128px\" \/><\/p>\n<p><strong>WARNING:<\/strong>\u00a0<strong>This product contains nicotine. Nicotine is an addictive chemical.<\/strong><\/p>","protected":false},"excerpt":{"rendered":"<p><strong>XQS Soft Toffee Strong\u00a0<\/strong>has a sweet toffee flavor in slim and strong portions. The nicotine strength is 8 mg of nicotine per pouch. Swedish XQS Soft Toffee snus is an all white tobacco-free product. Each can contains 20 pouches. Previously called XQS Pipe Candy.<\/p>\n<p><a class=\"button\" href=\"https:\/\/nicotinedeals.com\/fi\/xqs-soft-toffee-strong\/\">Click for Best Price | Americas &amp; Caribbean<\/a><\/p>","protected":false},"featured_media":5074,"comment_status":"open","ping_status":"closed","template":"","meta":[],"pwb-brand":[105],"product_cat":[19],"product_tag":[192,109,331,54,41,273,106,272],"brands":[{"id":105,"name":"XQS","slug":"xqs"}],"_links":{"self":[{"href":"https:\/\/nicotinedeals.com\/fi\/wp-json\/wp\/v2\/product\/5073"}],"collection":[{"href":"https:\/\/nicotinedeals.com\/fi\/wp-json\/wp\/v2\/product"}],"about":[{"href":"https:\/\/nicotinedeals.com\/fi\/wp-json\/wp\/v2\/types\/product"}],"replies":[{"embeddable":true,"href":"https:\/\/nicotinedeals.com\/fi\/wp-json\/wp\/v2\/comments?post=5073"}],"wp:featuredmedia":[{"embeddable":true,"href":"https:\/\/nicotinedeals.com\/fi\/wp-json\/wp\/v2\/media\/5074"}],"wp:attachment":[{"href":"https:\/\/nicotinedeals.com\/fi\/wp-json\/wp\/v2\/media?parent=5073"}],"wp:term":[{"taxonomy":"pwb-brand","embeddable":true,"href":"https:\/\/nicotinedeals.com\/fi\/wp-json\/wp\/v2\/pwb-brand?post=5073"},{"taxonomy":"product_cat","embeddable":true,"href":"https:\/\/nicotinedeals.com\/fi\/wp-json\/wp\/v2\/product_cat?post=5073"},{"taxonomy":"product_tag","embeddable":true,"href":"https:\/\/nicotinedeals.com\/fi\/wp-json\/wp\/v2\/product_tag?post=5073"}],"curies":[{"name":"wp","href":"https:\/\/api.w.org\/{rel}","templated":true}]}}