{"id":5084,"date":"2024-09-11T13:55:04","date_gmt":"2024-09-11T13:55:04","guid":{"rendered":"https:\/\/nicotinedeals.com\/?post_type=product&#038;p=5084"},"modified":"2026-04-17T17:27:00","modified_gmt":"2026-04-17T17:27:00","slug":"greatest-cold-dry-8-mg","status":"publish","type":"product","link":"https:\/\/nicotinedeals.com\/fi\/tuote\/greatest-cold-dry-8-mg\/","title":{"rendered":"GREATEST Cold Dry 8 mg"},"content":{"rendered":"<h1><strong>GREATEST Cold Dry 8 mg<\/strong><\/h1>\n<p>has a refreshing mint flavor. This product has a strong nicotine strength of 3 out of 5 dots. Each pouch contains 6 mg of nicotine, with a total nicotine content of 8 mg\/g. GREATEST Cold Dry is a tobacco-free product from Finnish Puff &amp; Pouch. 20 pouches in each can.<\/p>\n<h2><strong>Information about GREATEST Cold Dry 8 mg:<\/strong><\/h2>\n<ul>\n<li><strong>Br\u00e4ndi:\u00a0<\/strong>GREATEST<\/li>\n<li class=\" translation-block\"><strong>Kategoria:<\/strong> Tupakattomat nikotiinipussit<\/li>\n<li><strong>Makuvivahteet:<\/strong> Minttu<\/li>\n<li><strong>Nikotiinipitoisuus:<\/strong> 8 mg\/g<\/li>\n<li><strong>Nikotiinipitoisuus\/purkki:<\/strong> 160 mg<\/li>\n<li><strong>Nikotiinivahvuus:<\/strong>\u00a0\u25c9\u25c9\u25c9\u25ce\u25ce Strong (strength 3 out of 5)<\/li>\n<li><strong>Valmistaja:<\/strong> Puff &amp; Pouch \/ Premius Pouch Finland<\/li>\n<li><strong>Pussin muoto:<\/strong> Regular<\/li>\n<li><strong>Nikotiinia mg\/pussi:<\/strong> 6 mg<\/li>\n<li><strong>Tupakaton:<\/strong> Kyll\u00e4, kaikki GREATEST-nikotiinipussit ovat tupakattomia.<\/li>\n<li><strong>Pussien M\u00e4\u00e4r\u00e4 Per Purkki:<\/strong> 20 pouches<\/li>\n<li><strong>Ainesosat:<\/strong> Selluloosa (E460), Vesi, Glyseroli (E422), Luontaiset aromit, Kosteudens\u00e4ilytt\u00e4j\u00e4 (E1520), Nikotiini (1,6 %), Suola, Makeutusaine (E955), Sitraattihappo (E330), Mentoli<\/li>\n<li><strong>Paino per annos (grammoina):\u00a0<\/strong>0.50 g<\/li>\n<li><strong>Nettopaino\/purkki:<\/strong> 10 g<\/li>\n<li class=\" translation-block\"><strong>Parasta ennen:<\/strong> 12 kuukautta<\/li>\n<li><strong>N\u00e4yt\u00e4 lis\u00e4\u00e4<\/strong>\u00a0<a href=\"https:\/\/nicotinedeals.com\/fi\/brandi\/greatest\/\"><strong>GREATEST Nicotine Pouches<\/strong><\/a><\/li>\n<\/ul>\n<p><img decoding=\"async\" class=\"alignnone size-full wp-image-5087\" src=\"https:\/\/nicotinedeals.com\/wp-content\/uploads\/2024\/09\/greatest-cold-dry-8-mg-.png\" alt=\"GREATEST Cold Dry 8 mg nicotine pouches with mint flavor\" width=\"128\" height=\"128\" srcset=\"https:\/\/nicotinedeals.com\/wp-content\/uploads\/2024\/09\/greatest-cold-dry-8-mg-.png 128w, https:\/\/nicotinedeals.com\/wp-content\/uploads\/2024\/09\/greatest-cold-dry-8-mg--50x50.png 50w\" sizes=\"(max-width: 128px) 100vw, 128px\" \/><\/p>\n<p><strong>GREATEST Cold Dry is also available as:<\/strong><\/p>\n<p><span style=\"text-decoration: underline;\"><a href=\"https:\/\/nicotinedeals.com\/fi\/tuote\/greatest-cold-dry-16-mg\/\">GREATEST Cold Dry 16 mg<\/a><\/span> \u25c9\u25c9\u25c9\u25c9\u25c9 12 mg nicotine per pouch<\/p>\n<p><strong>VAROITUS: T\u00e4m\u00e4 tuote sis\u00e4lt\u00e4\u00e4 nikotiinia. Nikotiini on addiktiivinen kemikaali.<\/strong><\/p>","protected":false},"excerpt":{"rendered":"<p><strong>GREATEST Cold Dry 8 mg\u00a0<\/strong>has a refreshing mint flavor. This product has a storng nicotine strength of 3 out of 5 dots. Each pouch contains 6 mg of nicotine, with a total nicotine content of 8 mg\/g. GREATEST Cold Dry is a tobacco-free product from Puff &amp; Pouch. 20 pouches in each can.<\/p>","protected":false},"featured_media":5086,"comment_status":"open","ping_status":"closed","template":"","meta":[],"pwb-brand":[275],"product_cat":[19],"product_tag":[192,91,276,50,161,41],"brands":[{"id":275,"name":"GREATEST","slug":"greatest"}],"_links":{"self":[{"href":"https:\/\/nicotinedeals.com\/fi\/wp-json\/wp\/v2\/product\/5084"}],"collection":[{"href":"https:\/\/nicotinedeals.com\/fi\/wp-json\/wp\/v2\/product"}],"about":[{"href":"https:\/\/nicotinedeals.com\/fi\/wp-json\/wp\/v2\/types\/product"}],"replies":[{"embeddable":true,"href":"https:\/\/nicotinedeals.com\/fi\/wp-json\/wp\/v2\/comments?post=5084"}],"wp:featuredmedia":[{"embeddable":true,"href":"https:\/\/nicotinedeals.com\/fi\/wp-json\/wp\/v2\/media\/5086"}],"wp:attachment":[{"href":"https:\/\/nicotinedeals.com\/fi\/wp-json\/wp\/v2\/media?parent=5084"}],"wp:term":[{"taxonomy":"pwb-brand","embeddable":true,"href":"https:\/\/nicotinedeals.com\/fi\/wp-json\/wp\/v2\/pwb-brand?post=5084"},{"taxonomy":"product_cat","embeddable":true,"href":"https:\/\/nicotinedeals.com\/fi\/wp-json\/wp\/v2\/product_cat?post=5084"},{"taxonomy":"product_tag","embeddable":true,"href":"https:\/\/nicotinedeals.com\/fi\/wp-json\/wp\/v2\/product_tag?post=5084"}],"curies":[{"name":"wp","href":"https:\/\/api.w.org\/{rel}","templated":true}]}}